{"id":28221,"date":"2024-02-08T11:21:57","date_gmt":"2024-02-08T09:21:57","guid":{"rendered":"https:\/\/www.fotografiska.ee\/epood\/?post_type=product&#038;p=28221"},"modified":"2024-06-03T17:50:09","modified_gmt":"2024-06-03T15:50:09","slug":"peter-lindbergh-on-fashion-photography-2","status":"publish","type":"product","link":"https:\/\/fotografiska.ee\/epood\/product\/peter-lindbergh-on-fashion-photography-2\/","title":{"rendered":"Peter Lindbergh, On Fashion Photography"},"content":{"rendered":"<p>J\u00e4lgi Peter Lindberghi nelja aastak\u00fcmne pikkust teedrajavat moefotograafiat. Saksa fotograaf l\u00f5i oma humanistliku l\u00e4henemise abil arvukate koost\u00f6\u00f6de kaudu moemaailma k\u00f5ige austusv\u00e4\u00e4rsemate nimedega uusi narratiive, mille tulemuseks on ikoonilised fotod, mis on \u00fchtaegu enesekohased ja atraktiivsed. Selles raamatus on \u00fcle 300 pildi, millest paljud on varem avaldamata, ning ajakohastatud sissejuhatus, milles Lindbergh p\u00f5hjendab oma suhtumist \"nn moefotograafiasse\".<\/p>\n","protected":false},"excerpt":{"rendered":"<p>J\u00e4lgi Peter Lindberghi nelja aastak\u00fcmne pikkust teedrajavat moefotograafiat. Saksa fotograaf l\u00f5i oma humanistliku l\u00e4henemise abil arvukate koost\u00f6\u00f6de kaudu moemaailma k\u00f5ige austusv\u00e4\u00e4rsemate nimedega uusi narratiive, mille tulemuseks on ikoonilised fotod, mis on \u00fchtaegu enesekohased ja atraktiivsed. Selles raamatus on \u00fcle 300 pildi, millest paljud on varem avaldamata, ning ajakohastatud sissejuhatus, milles Lindbergh p\u00f5hjendab oma suhtumist \"nn [&hellip;]<\/p>\n","protected":false},"featured_media":28222,"template":"","meta":{"_acf_changed":false,"inline_featured_image":false},"product_brand":[],"product_cat":[20,337],"product_tag":[],"class_list":{"0":"post-28221","1":"product","2":"type-product","3":"status-publish","4":"has-post-thumbnail","6":"product_cat-raamatud","7":"product_cat-maailma-tippfotograafia","9":"first","10":"instock","11":"taxable","12":"shipping-taxable","13":"purchasable","14":"product-type-simple"},"acf":[],"_links":{"self":[{"href":"https:\/\/fotografiska.ee\/epood\/wp-json\/wp\/v2\/product\/28221","targetHints":{"allow":["GET"]}}],"collection":[{"href":"https:\/\/fotografiska.ee\/epood\/wp-json\/wp\/v2\/product"}],"about":[{"href":"https:\/\/fotografiska.ee\/epood\/wp-json\/wp\/v2\/types\/product"}],"wp:featuredmedia":[{"embeddable":true,"href":"https:\/\/fotografiska.ee\/epood\/wp-json\/wp\/v2\/media\/28222"}],"wp:attachment":[{"href":"https:\/\/fotografiska.ee\/epood\/wp-json\/wp\/v2\/media?parent=28221"}],"wp:term":[{"taxonomy":"product_brand","embeddable":true,"href":"https:\/\/fotografiska.ee\/epood\/wp-json\/wp\/v2\/product_brand?post=28221"},{"taxonomy":"product_cat","embeddable":true,"href":"https:\/\/fotografiska.ee\/epood\/wp-json\/wp\/v2\/product_cat?post=28221"},{"taxonomy":"product_tag","embeddable":true,"href":"https:\/\/fotografiska.ee\/epood\/wp-json\/wp\/v2\/product_tag?post=28221"}],"curies":[{"name":"wp","href":"https:\/\/api.w.org\/{rel}","templated":true}]}}