{"id":28216,"date":"2024-02-08T11:17:40","date_gmt":"2024-02-08T09:17:40","guid":{"rendered":"https:\/\/www.fotografiska.ee\/epood\/?post_type=product&#038;p=28216"},"modified":"2024-06-03T17:50:01","modified_gmt":"2024-06-03T15:50:01","slug":"peter-lindbergh-untold-stories","status":"publish","type":"product","link":"https:\/\/fotografiska.ee\/epood\/product\/peter-lindbergh-untold-stories\/","title":{"rendered":"Peter Lindbergh, Untold Stories"},"content":{"rendered":"<p>Vahetult enne oma enneaegset surma kutsus Kunstpalast D\u00fcsseldorf Lindberghi oma n\u00e4itust kureerima. Ta valis v\u00e4lja enam kui 150 fotot, mis h\u00f5lmavad nelja aastak\u00fcmmet alates 1980. aastate algusest ja mida esitletakse k\u00e4esolevas kogumikus ning mis pakuvad uusi ja ootamatuid teadmisi legendaarse fotograafi loomingust. Valikut t\u00e4iendavad \u00fcksikasjalikud tekstid n\u00e4ituse tekkimise kohta ja Lindberghi l\u00e4hedase s\u00f5bra Wim Wendersi m\u00e4lestusraamat.<\/p>\n","protected":false},"excerpt":{"rendered":"<p>Vahetult enne oma enneaegset surma kutsus Kunstpalast D\u00fcsseldorf Lindberghi oma n\u00e4itust kureerima. Ta valis v\u00e4lja enam kui 150 fotot, mis h\u00f5lmavad nelja aastak\u00fcmmet alates 1980. aastate algusest ja mida esitletakse k\u00e4esolevas kogumikus ning mis pakuvad uusi ja ootamatuid teadmisi legendaarse fotograafi loomingust. Valikut t\u00e4iendavad \u00fcksikasjalikud tekstid n\u00e4ituse tekkimise kohta ja Lindberghi l\u00e4hedase s\u00f5bra Wim Wendersi [&hellip;]<\/p>\n","protected":false},"featured_media":28217,"template":"","meta":{"_acf_changed":false,"inline_featured_image":false},"product_brand":[],"product_cat":[20,337],"product_tag":[],"class_list":{"0":"post-28216","1":"product","2":"type-product","3":"status-publish","4":"has-post-thumbnail","6":"product_cat-raamatud","7":"product_cat-maailma-tippfotograafia","9":"first","10":"instock","11":"taxable","12":"shipping-taxable","13":"purchasable","14":"product-type-simple"},"acf":[],"_links":{"self":[{"href":"https:\/\/fotografiska.ee\/epood\/wp-json\/wp\/v2\/product\/28216","targetHints":{"allow":["GET"]}}],"collection":[{"href":"https:\/\/fotografiska.ee\/epood\/wp-json\/wp\/v2\/product"}],"about":[{"href":"https:\/\/fotografiska.ee\/epood\/wp-json\/wp\/v2\/types\/product"}],"wp:featuredmedia":[{"embeddable":true,"href":"https:\/\/fotografiska.ee\/epood\/wp-json\/wp\/v2\/media\/28217"}],"wp:attachment":[{"href":"https:\/\/fotografiska.ee\/epood\/wp-json\/wp\/v2\/media?parent=28216"}],"wp:term":[{"taxonomy":"product_brand","embeddable":true,"href":"https:\/\/fotografiska.ee\/epood\/wp-json\/wp\/v2\/product_brand?post=28216"},{"taxonomy":"product_cat","embeddable":true,"href":"https:\/\/fotografiska.ee\/epood\/wp-json\/wp\/v2\/product_cat?post=28216"},{"taxonomy":"product_tag","embeddable":true,"href":"https:\/\/fotografiska.ee\/epood\/wp-json\/wp\/v2\/product_tag?post=28216"}],"curies":[{"name":"wp","href":"https:\/\/api.w.org\/{rel}","templated":true}]}}