{"id":28212,"date":"2024-02-08T11:12:50","date_gmt":"2024-02-08T09:12:50","guid":{"rendered":"https:\/\/www.fotografiska.ee\/epood\/?post_type=product&#038;p=28212"},"modified":"2024-06-03T17:49:45","modified_gmt":"2024-06-03T15:49:45","slug":"peter-lindbergh-shadows-on-the-wall","status":"publish","type":"product","link":"https:\/\/fotografiska.ee\/epood\/product\/peter-lindbergh-shadows-on-the-wall\/","title":{"rendered":"Peter Lindbergh, Shadows on the Wall"},"content":{"rendered":"<p>Shadows on the Wall pakub h\u00e4mmastavat kureeringut t\u00f5eliselt individuaalsetest, intiimsetest piltidest, millel ei ole peaaegu mingit retu\u0161\u0161i ega meiki. Lindbergh n\u00e4itab s\u00fcgavat lugupidamist andekate naiste vastu, keda ta armastab ja kellega ta on aastaid koost\u00f6\u00f6d teinud: Nicole Kidman, Julianne Moore, Alicia Vikander, Charlotte Rampling, Dame Helen Mirren, Jessica Chastain, Kate Winslet, L\u00e9a Seydoux, Lupita Nyong'o, Pen\u00e9lope Cruz, Robin Wright, Rooney Mara, Uma Thurman ja Zhang Ziyi.<\/p>\n<p>Translated with DeepL.com (free version)<\/p>\n","protected":false},"excerpt":{"rendered":"<p>Shadows on the Wall pakub h\u00e4mmastavat kureeringut t\u00f5eliselt individuaalsetest, intiimsetest piltidest, millel ei ole peaaegu mingit retu\u0161\u0161i ega meiki. Lindbergh n\u00e4itab s\u00fcgavat lugupidamist andekate naiste vastu, keda ta armastab ja kellega ta on aastaid koost\u00f6\u00f6d teinud: Nicole Kidman, Julianne Moore, Alicia Vikander, Charlotte Rampling, Dame Helen Mirren, Jessica Chastain, Kate Winslet, L\u00e9a Seydoux, Lupita Nyong'o, [&hellip;]<\/p>\n","protected":false},"featured_media":28213,"template":"","meta":{"_acf_changed":false,"inline_featured_image":false},"product_brand":[],"product_cat":[20,337],"product_tag":[],"class_list":{"0":"post-28212","1":"product","2":"type-product","3":"status-publish","4":"has-post-thumbnail","6":"product_cat-raamatud","7":"product_cat-maailma-tippfotograafia","9":"first","10":"instock","11":"taxable","12":"shipping-taxable","13":"purchasable","14":"product-type-simple"},"acf":[],"_links":{"self":[{"href":"https:\/\/fotografiska.ee\/epood\/wp-json\/wp\/v2\/product\/28212","targetHints":{"allow":["GET"]}}],"collection":[{"href":"https:\/\/fotografiska.ee\/epood\/wp-json\/wp\/v2\/product"}],"about":[{"href":"https:\/\/fotografiska.ee\/epood\/wp-json\/wp\/v2\/types\/product"}],"wp:featuredmedia":[{"embeddable":true,"href":"https:\/\/fotografiska.ee\/epood\/wp-json\/wp\/v2\/media\/28213"}],"wp:attachment":[{"href":"https:\/\/fotografiska.ee\/epood\/wp-json\/wp\/v2\/media?parent=28212"}],"wp:term":[{"taxonomy":"product_brand","embeddable":true,"href":"https:\/\/fotografiska.ee\/epood\/wp-json\/wp\/v2\/product_brand?post=28212"},{"taxonomy":"product_cat","embeddable":true,"href":"https:\/\/fotografiska.ee\/epood\/wp-json\/wp\/v2\/product_cat?post=28212"},{"taxonomy":"product_tag","embeddable":true,"href":"https:\/\/fotografiska.ee\/epood\/wp-json\/wp\/v2\/product_tag?post=28212"}],"curies":[{"name":"wp","href":"https:\/\/api.w.org\/{rel}","templated":true}]}}