{"id":27821,"date":"2023-11-28T10:35:54","date_gmt":"2023-11-28T08:35:54","guid":{"rendered":"https:\/\/www.fotografiska.ee\/epood\/?post_type=product&#038;p=27821"},"modified":"2025-02-06T13:04:18","modified_gmt":"2025-02-06T11:04:18","slug":"elizaveta-porodina-vivien-solari-for-the-cover-of-carcy-magazine-6954","status":"publish","type":"product","link":"https:\/\/fotografiska.ee\/epood\/product\/elizaveta-porodina-vivien-solari-for-the-cover-of-carcy-magazine-6954\/","title":{"rendered":"Elizaveta Porodina, Vivien Solari For The Cover of Carcy Magazine #6954"},"content":{"rendered":"","protected":false},"excerpt":{"rendered":"<p>Modell Vivien Solari ajakirja Carcy kaanepildil.<br \/>\nFotograaf Elizaveta Porodina on oma unen\u00e4oliste ja kohati s\u00fcrreaalsete fotodega saanud moemaailma lemmikuks.<\/p>\n<p>Pilt on osa n\u00e4itusest \u043e\u043a\u043d\u0430, mis kajastab Elizaveta Porodina karj\u00e4\u00e4ri viimast aastat ja selle aja jooksul loodud pilte. Tema kujundid on s\u00fcrreaalsed ja v\u00e4rvilised, unen\u00e4olised, kuid m\u00f5nikord ka hirmutavad. Korduvad teemad on pisarad ja vesi. Ta ammutab inspiratsiooni lapsep\u00f5lve Venemaalt, kunstiajaloost, filmist ja religioonist.<\/p>\n<p>Suurus: 50x70 cm<\/p>\n","protected":false},"featured_media":27846,"template":"","meta":{"_acf_changed":false,"inline_featured_image":false},"product_brand":[],"product_cat":[16,333],"product_tag":[],"class_list":{"0":"post-27821","1":"product","2":"type-product","3":"status-publish","4":"has-post-thumbnail","6":"product_cat-postrid","7":"product_cat-top-12","9":"first","10":"instock","11":"taxable","12":"shipping-taxable","13":"purchasable","14":"product-type-simple"},"acf":[],"_links":{"self":[{"href":"https:\/\/fotografiska.ee\/epood\/wp-json\/wp\/v2\/product\/27821","targetHints":{"allow":["GET"]}}],"collection":[{"href":"https:\/\/fotografiska.ee\/epood\/wp-json\/wp\/v2\/product"}],"about":[{"href":"https:\/\/fotografiska.ee\/epood\/wp-json\/wp\/v2\/types\/product"}],"wp:featuredmedia":[{"embeddable":true,"href":"https:\/\/fotografiska.ee\/epood\/wp-json\/wp\/v2\/media\/27846"}],"wp:attachment":[{"href":"https:\/\/fotografiska.ee\/epood\/wp-json\/wp\/v2\/media?parent=27821"}],"wp:term":[{"taxonomy":"product_brand","embeddable":true,"href":"https:\/\/fotografiska.ee\/epood\/wp-json\/wp\/v2\/product_brand?post=27821"},{"taxonomy":"product_cat","embeddable":true,"href":"https:\/\/fotografiska.ee\/epood\/wp-json\/wp\/v2\/product_cat?post=27821"},{"taxonomy":"product_tag","embeddable":true,"href":"https:\/\/fotografiska.ee\/epood\/wp-json\/wp\/v2\/product_tag?post=27821"}],"curies":[{"name":"wp","href":"https:\/\/api.w.org\/{rel}","templated":true}]}}