{"id":27723,"date":"2023-10-21T14:05:03","date_gmt":"2023-10-21T12:05:03","guid":{"rendered":"https:\/\/www.fotografiska.ee\/epood\/?post_type=product&#038;p=27723"},"modified":"2024-03-06T10:09:29","modified_gmt":"2024-03-06T08:09:29","slug":"the-world-according-to-roger-ballen","status":"publish","type":"product","link":"https:\/\/fotografiska.ee\/epood\/product\/the-world-according-to-roger-ballen\/","title":{"rendered":"The World According to Roger Ballen"},"content":{"rendered":"","protected":false},"excerpt":{"rendered":"<p>Kogu oma karj\u00e4\u00e4ri jooksul on Roger Ballen p\u00fc\u00fcdnud saavutada ainulaadset kunstilist eesm\u00e4rki: v\u00e4ljendada inimese ps\u00fc\u00fchikat - uurida visuaalselt varjatud j\u00f5ude, mis meid kujundavad. K\u00e4esolev retrospektiivne monograafia, mis on avaldatud seoses suure n\u00e4itusega Halle Saint Pierre'is Pariisis, annab ainulaadse \u00fclevaate \u00fche t\u00e4nap\u00e4eval tegutseva k\u00f5ige erilisema kunstifotograafi elust ja loomingust.<\/p>\n<p>Koos Colin Rhodesiga koostatud teos \"The World According to Roger Ballen\" vaatleb Balleni karj\u00e4\u00e4ri laiemas kultuurikontekstis v\u00e4ljaspool fotograafiat, sealhulgas tema seoseid Art Brut'iga ja tema kollektsioone. Raamatus on v\u00e4lja valitud fotod Balleni kogu karj\u00e4\u00e4rist, samuti installatsioonid, mis on loodud spetsiaalselt Halle Saint Pierre'i n\u00e4ituse jaoks, ning fotod Balleni enda Art Brut'i kollektsiooni objektidest ja t\u00f6\u00f6dest.<\/p>\n","protected":false},"featured_media":27724,"template":"","meta":{"_acf_changed":false,"inline_featured_image":false},"product_brand":[],"product_cat":[20,339],"product_tag":[],"class_list":{"0":"post-27723","1":"product","2":"type-product","3":"status-publish","4":"has-post-thumbnail","6":"product_cat-raamatud","7":"product_cat-moodunud-naitused","9":"first","10":"instock","11":"taxable","12":"shipping-taxable","13":"purchasable","14":"product-type-simple"},"acf":[],"_links":{"self":[{"href":"https:\/\/fotografiska.ee\/epood\/wp-json\/wp\/v2\/product\/27723","targetHints":{"allow":["GET"]}}],"collection":[{"href":"https:\/\/fotografiska.ee\/epood\/wp-json\/wp\/v2\/product"}],"about":[{"href":"https:\/\/fotografiska.ee\/epood\/wp-json\/wp\/v2\/types\/product"}],"wp:featuredmedia":[{"embeddable":true,"href":"https:\/\/fotografiska.ee\/epood\/wp-json\/wp\/v2\/media\/27724"}],"wp:attachment":[{"href":"https:\/\/fotografiska.ee\/epood\/wp-json\/wp\/v2\/media?parent=27723"}],"wp:term":[{"taxonomy":"product_brand","embeddable":true,"href":"https:\/\/fotografiska.ee\/epood\/wp-json\/wp\/v2\/product_brand?post=27723"},{"taxonomy":"product_cat","embeddable":true,"href":"https:\/\/fotografiska.ee\/epood\/wp-json\/wp\/v2\/product_cat?post=27723"},{"taxonomy":"product_tag","embeddable":true,"href":"https:\/\/fotografiska.ee\/epood\/wp-json\/wp\/v2\/product_tag?post=27723"}],"curies":[{"name":"wp","href":"https:\/\/api.w.org\/{rel}","templated":true}]}}