{"id":25903,"date":"2023-08-11T08:38:48","date_gmt":"2023-08-11T06:38:48","guid":{"rendered":"https:\/\/www.fotografiska.ee\/epood\/?post_type=product&#038;p=25903"},"modified":"2025-02-13T13:12:29","modified_gmt":"2025-02-13T11:12:29","slug":"omar-victor-diop-a-moroccan-man-poster-6985","status":"publish","type":"product","link":"https:\/\/fotografiska.ee\/epood\/product\/omar-victor-diop-a-moroccan-man-poster-6985\/","title":{"rendered":"Omar Victor Diop, A Moroccan Man Poster #6985"},"content":{"rendered":"","protected":false},"excerpt":{"rendered":"<p>Maroko mees Omar Victor Diopi n\u00e4ituselt Fotografiskas 2023. aasta s\u00fcgisel.<\/p>\n<p>Omar Victor Diopi v\u00f5imsad fotod j\u00e4\u00e4dvustavad Aafrika diasporaa kogemusi ja mustanahaliste vastupanu globaalsest vaatenurgast, keskendudes sageli ajaloo \u00fcmberkirjutamisele.<\/p>\n<p>Omar Victor Diopi fotosid iseloomustab hoolikalt lavastatud, dramaatiline pildigalerii, kus kunstnik ise esineb nii pea- kui ka k\u00f5rvalrollides.<\/p>\n<p>Suurus: 50x70 cm<\/p>\n","protected":false},"featured_media":25904,"template":"","meta":{"_acf_changed":false,"inline_featured_image":false},"product_brand":[],"product_cat":[16],"product_tag":[],"class_list":{"0":"post-25903","1":"product","2":"type-product","3":"status-publish","4":"has-post-thumbnail","6":"product_cat-postrid","8":"first","9":"instock","10":"taxable","11":"shipping-taxable","12":"purchasable","13":"product-type-simple"},"acf":[],"_links":{"self":[{"href":"https:\/\/fotografiska.ee\/epood\/wp-json\/wp\/v2\/product\/25903","targetHints":{"allow":["GET"]}}],"collection":[{"href":"https:\/\/fotografiska.ee\/epood\/wp-json\/wp\/v2\/product"}],"about":[{"href":"https:\/\/fotografiska.ee\/epood\/wp-json\/wp\/v2\/types\/product"}],"wp:featuredmedia":[{"embeddable":true,"href":"https:\/\/fotografiska.ee\/epood\/wp-json\/wp\/v2\/media\/25904"}],"wp:attachment":[{"href":"https:\/\/fotografiska.ee\/epood\/wp-json\/wp\/v2\/media?parent=25903"}],"wp:term":[{"taxonomy":"product_brand","embeddable":true,"href":"https:\/\/fotografiska.ee\/epood\/wp-json\/wp\/v2\/product_brand?post=25903"},{"taxonomy":"product_cat","embeddable":true,"href":"https:\/\/fotografiska.ee\/epood\/wp-json\/wp\/v2\/product_cat?post=25903"},{"taxonomy":"product_tag","embeddable":true,"href":"https:\/\/fotografiska.ee\/epood\/wp-json\/wp\/v2\/product_tag?post=25903"}],"curies":[{"name":"wp","href":"https:\/\/api.w.org\/{rel}","templated":true}]}}