{"id":2512,"date":"2021-03-03T13:40:21","date_gmt":"2021-03-03T11:40:21","guid":{"rendered":"https:\/\/www.fotografiska.ee\/epood\/?post_type=product&#038;p=2512"},"modified":"2023-02-10T14:34:17","modified_gmt":"2023-02-10T12:34:17","slug":"helene-schmitz-borderlands","status":"publish","type":"product","link":"https:\/\/fotografiska.ee\/epood\/product\/helene-schmitz-borderlands\/","title":{"rendered":"Helene Schmitz, Borderlands"},"content":{"rendered":"<p>Rootsi fotograaf Helene Schmitz pildistab ruume ja maastikke, j\u00e4\u00e4dvustades nende vastuolulist ilu ning mitmekihilist kaduvust. Tema seeriad \"Earthworks\" (mahaj\u00e4etud ruumid, mis on t\u00e4itunud liivaga) ning \"Sunken Gardens\" (\u00fclekasvanud liblikafarmist d\u017eunglis) annavad edasi omamoodi klaustrofoobilist rahu. Schmitzi seeria \"Kudzu Project\" dokumenteerib kudzu taime kui v\u00f5\u00f5rliigi k\u00f5ikeh\u00f5lmavat levimist USA-s.<\/p>\n<p>Raamat \"Borderlands\" anti v\u00e4lja saatmaks samanimelist n\u00e4itust Dunkers Kulturhusis Helsingborgis.<\/p>\n<p>K\u00f5vakaaneline raamat sisaldab 80 lehek\u00fclge.<\/p>\n","protected":false},"excerpt":{"rendered":"<p>Rootsi fotograaf Helene Schmitz pildistab ruume ja maastikke, j\u00e4\u00e4dvustades nende vastuolulist ilu ning mitmekihilist kaduvust. Tema seeriad \"Earthworks\" (mahaj\u00e4etud ruumid, mis on t\u00e4itunud liivaga) ning \"Sunken Gardens\" (\u00fclekasvanud liblikafarmist d\u017eunglis) annavad edasi omamoodi klaustrofoobilist rahu. Schmitzi seeria \"Kudzu Project\" dokumenteerib kudzu taime kui v\u00f5\u00f5rliigi k\u00f5ikeh\u00f5lmavat levimist USA-s. Raamat \"Borderlands\" anti v\u00e4lja saatmaks samanimelist n\u00e4itust Dunkers [&hellip;]<\/p>\n","protected":false},"featured_media":2513,"template":"","meta":{"_acf_changed":false,"inline_featured_image":false},"product_brand":[],"product_cat":[20,339],"product_tag":[],"class_list":{"0":"post-2512","1":"product","2":"type-product","3":"status-publish","4":"has-post-thumbnail","6":"product_cat-raamatud","7":"product_cat-moodunud-naitused","9":"first","10":"instock","11":"taxable","12":"shipping-taxable","13":"purchasable","14":"product-type-simple"},"acf":[],"_links":{"self":[{"href":"https:\/\/fotografiska.ee\/epood\/wp-json\/wp\/v2\/product\/2512","targetHints":{"allow":["GET"]}}],"collection":[{"href":"https:\/\/fotografiska.ee\/epood\/wp-json\/wp\/v2\/product"}],"about":[{"href":"https:\/\/fotografiska.ee\/epood\/wp-json\/wp\/v2\/types\/product"}],"wp:featuredmedia":[{"embeddable":true,"href":"https:\/\/fotografiska.ee\/epood\/wp-json\/wp\/v2\/media\/2513"}],"wp:attachment":[{"href":"https:\/\/fotografiska.ee\/epood\/wp-json\/wp\/v2\/media?parent=2512"}],"wp:term":[{"taxonomy":"product_brand","embeddable":true,"href":"https:\/\/fotografiska.ee\/epood\/wp-json\/wp\/v2\/product_brand?post=2512"},{"taxonomy":"product_cat","embeddable":true,"href":"https:\/\/fotografiska.ee\/epood\/wp-json\/wp\/v2\/product_cat?post=2512"},{"taxonomy":"product_tag","embeddable":true,"href":"https:\/\/fotografiska.ee\/epood\/wp-json\/wp\/v2\/product_tag?post=2512"}],"curies":[{"name":"wp","href":"https:\/\/api.w.org\/{rel}","templated":true}]}}