{"id":22854,"date":"2023-05-30T12:49:17","date_gmt":"2023-05-30T10:49:17","guid":{"rendered":"https:\/\/www.fotografiska.ee\/epood\/?post_type=product&#038;p=22854"},"modified":"2023-05-30T15:11:41","modified_gmt":"2023-05-30T13:11:41","slug":"cooper-gorfer-utopia","status":"publish","type":"product","link":"https:\/\/fotografiska.ee\/epood\/product\/cooper-gorfer-utopia\/","title":{"rendered":"Cooper &amp; Gorfer, Utopia"},"content":{"rendered":"","protected":false},"excerpt":{"rendered":"<p>Millest Sa kinni hoiad? Kus on Sinu salajane kuulumise koht? Kui peaksid k\u00f5ik maha j\u00e4tma ning alustama uuesti \u2013 kes Sa oleksid?<\/p>\n<p>S\u00f5dadest ja kliimamuutuse k\u00f5ikeh\u00f5lmavatest m\u00f5judest p\u00f5hjustatud humanitaartrag\u00f6\u00f6diad tekitavad m\u00f5\u00f5tmatuid r\u00e4ndelaineid ja kannatusi. Need panevad meid m\u00f5tlema, kas me jaksamegi enam kujutleda paremat maailma? Rabatud m\u00f5istmisest, et elame Utoopia kaotamises, t\u00f6\u00f6tavad Cooper &amp; Gorfer kohalike kogukondade noorte naistega, kelle elud on sunnitud r\u00e4nde tagaj\u00e4rjel purunenud. Mis on nende naiste unelmad, identiteet ning salajased igatsused?<\/p>\n<p>&nbsp;<\/p>\n<p>K\u00f5vakaaneline raamat sisaldab 128 lehek\u00fclge.<\/p>\n","protected":false},"featured_media":22894,"template":"","meta":{"_acf_changed":false,"inline_featured_image":false},"product_brand":[],"product_cat":[20,339],"product_tag":[],"class_list":{"0":"post-22854","1":"product","2":"type-product","3":"status-publish","4":"has-post-thumbnail","6":"product_cat-raamatud","7":"product_cat-moodunud-naitused","9":"first","10":"instock","11":"taxable","12":"shipping-taxable","13":"purchasable","14":"product-type-simple"},"acf":[],"_links":{"self":[{"href":"https:\/\/fotografiska.ee\/epood\/wp-json\/wp\/v2\/product\/22854","targetHints":{"allow":["GET"]}}],"collection":[{"href":"https:\/\/fotografiska.ee\/epood\/wp-json\/wp\/v2\/product"}],"about":[{"href":"https:\/\/fotografiska.ee\/epood\/wp-json\/wp\/v2\/types\/product"}],"wp:featuredmedia":[{"embeddable":true,"href":"https:\/\/fotografiska.ee\/epood\/wp-json\/wp\/v2\/media\/22894"}],"wp:attachment":[{"href":"https:\/\/fotografiska.ee\/epood\/wp-json\/wp\/v2\/media?parent=22854"}],"wp:term":[{"taxonomy":"product_brand","embeddable":true,"href":"https:\/\/fotografiska.ee\/epood\/wp-json\/wp\/v2\/product_brand?post=22854"},{"taxonomy":"product_cat","embeddable":true,"href":"https:\/\/fotografiska.ee\/epood\/wp-json\/wp\/v2\/product_cat?post=22854"},{"taxonomy":"product_tag","embeddable":true,"href":"https:\/\/fotografiska.ee\/epood\/wp-json\/wp\/v2\/product_tag?post=22854"}],"curies":[{"name":"wp","href":"https:\/\/api.w.org\/{rel}","templated":true}]}}