{"id":20270,"date":"2023-03-29T10:54:24","date_gmt":"2023-03-29T08:54:24","guid":{"rendered":"https:\/\/www.fotografiska.ee\/epood\/?post_type=product&#038;p=20270"},"modified":"2023-11-02T18:14:58","modified_gmt":"2023-11-02T16:14:58","slug":"fotografiska-votmehoidja-2","status":"publish","type":"product","link":"https:\/\/fotografiska.ee\/epood\/product\/fotografiska-votmehoidja-2\/","title":{"rendered":"Fotografiska v\u00f5tmehoidja"},"content":{"rendered":"","protected":false},"excerpt":{"rendered":"<p>Fotografiska logoga metallist v\u00f5tmehoidja. Sobib ideaalselt v\u00f5tmete m\u00e4rgistamiseks, et leiaksid need kergemini \u00fcles. V\u00f5i miks mitte kinkida seda v\u00e4ikese kingitusena?<\/p>\n<p>Salve suurus: 30mm<br \/>\nKoguk\u00f5rgus: 55mm.<br \/>\nMaterjal: Metall, logo tr\u00fckitud sildi m\u00f5lemale k\u00fcljele.<\/p>\n","protected":false},"featured_media":20271,"template":"","meta":{"_acf_changed":false,"inline_featured_image":false},"product_brand":[],"product_cat":[376,309],"product_tag":[],"class_list":{"0":"post-20270","1":"product","2":"type-product","3":"status-publish","4":"has-post-thumbnail","6":"product_cat-fotografiska-kollektsioon","7":"product_cat-fotografiska-sinu-kodus","9":"first","10":"instock","11":"taxable","12":"shipping-taxable","13":"purchasable","14":"product-type-simple"},"acf":[],"_links":{"self":[{"href":"https:\/\/fotografiska.ee\/epood\/wp-json\/wp\/v2\/product\/20270","targetHints":{"allow":["GET"]}}],"collection":[{"href":"https:\/\/fotografiska.ee\/epood\/wp-json\/wp\/v2\/product"}],"about":[{"href":"https:\/\/fotografiska.ee\/epood\/wp-json\/wp\/v2\/types\/product"}],"wp:featuredmedia":[{"embeddable":true,"href":"https:\/\/fotografiska.ee\/epood\/wp-json\/wp\/v2\/media\/20271"}],"wp:attachment":[{"href":"https:\/\/fotografiska.ee\/epood\/wp-json\/wp\/v2\/media?parent=20270"}],"wp:term":[{"taxonomy":"product_brand","embeddable":true,"href":"https:\/\/fotografiska.ee\/epood\/wp-json\/wp\/v2\/product_brand?post=20270"},{"taxonomy":"product_cat","embeddable":true,"href":"https:\/\/fotografiska.ee\/epood\/wp-json\/wp\/v2\/product_cat?post=20270"},{"taxonomy":"product_tag","embeddable":true,"href":"https:\/\/fotografiska.ee\/epood\/wp-json\/wp\/v2\/product_tag?post=20270"}],"curies":[{"name":"wp","href":"https:\/\/api.w.org\/{rel}","templated":true}]}}