{"id":20239,"date":"2023-03-28T15:23:16","date_gmt":"2023-03-28T13:23:16","guid":{"rendered":"https:\/\/www.fotografiska.ee\/epood\/?post_type=product&#038;p=20239"},"modified":"2023-10-10T11:44:30","modified_gmt":"2023-10-10T09:44:30","slug":"fotografiska-suupistekarp","status":"publish","type":"product","link":"https:\/\/fotografiska.ee\/epood\/product\/fotografiska-suupistekarp\/","title":{"rendered":"Fotografiska suupistekarp"},"content":{"rendered":"","protected":false},"excerpt":{"rendered":"<p>Kvaliteetsest ringlussev\u00f5etud terasest valmistatud suupistekarp, mis on kerge ja vastupidav. V\u00f5ta suupisteid kaasa, kuhu iganes sa l\u00e4hed ja tee seda terasest. See suupistekarp on valmistatud koost\u00f6\u00f6s firmaga agood.<\/p>\n<p>Mahutab 420 ml.<\/p>\n","protected":false},"featured_media":20240,"template":"","meta":{"_acf_changed":false,"inline_featured_image":false},"product_brand":[],"product_cat":[376,309,17],"product_tag":[],"class_list":{"0":"post-20239","1":"product","2":"type-product","3":"status-publish","4":"has-post-thumbnail","6":"product_cat-fotografiska-kollektsioon","7":"product_cat-fotografiska-sinu-kodus","8":"product_cat-elustiil","10":"first","11":"instock","12":"taxable","13":"shipping-taxable","14":"purchasable","15":"product-type-simple"},"acf":[],"_links":{"self":[{"href":"https:\/\/fotografiska.ee\/epood\/wp-json\/wp\/v2\/product\/20239","targetHints":{"allow":["GET"]}}],"collection":[{"href":"https:\/\/fotografiska.ee\/epood\/wp-json\/wp\/v2\/product"}],"about":[{"href":"https:\/\/fotografiska.ee\/epood\/wp-json\/wp\/v2\/types\/product"}],"wp:featuredmedia":[{"embeddable":true,"href":"https:\/\/fotografiska.ee\/epood\/wp-json\/wp\/v2\/media\/20240"}],"wp:attachment":[{"href":"https:\/\/fotografiska.ee\/epood\/wp-json\/wp\/v2\/media?parent=20239"}],"wp:term":[{"taxonomy":"product_brand","embeddable":true,"href":"https:\/\/fotografiska.ee\/epood\/wp-json\/wp\/v2\/product_brand?post=20239"},{"taxonomy":"product_cat","embeddable":true,"href":"https:\/\/fotografiska.ee\/epood\/wp-json\/wp\/v2\/product_cat?post=20239"},{"taxonomy":"product_tag","embeddable":true,"href":"https:\/\/fotografiska.ee\/epood\/wp-json\/wp\/v2\/product_tag?post=20239"}],"curies":[{"name":"wp","href":"https:\/\/api.w.org\/{rel}","templated":true}]}}