{"id":19507,"date":"2023-03-15T14:02:34","date_gmt":"2023-03-15T12:02:34","guid":{"rendered":"https:\/\/www.fotografiska.ee\/epood\/?post_type=product&#038;p=19507"},"modified":"2023-10-10T11:39:59","modified_gmt":"2023-10-10T09:39:59","slug":"juuksepael-endless-ocean","status":"publish","type":"product","link":"https:\/\/fotografiska.ee\/epood\/product\/juuksepael-endless-ocean\/","title":{"rendered":"Juuksepael Endless Ocean"},"content":{"rendered":"<p><span style=\"font-weight: 400\">\u00a0<\/span><\/p>\n","protected":false},"excerpt":{"rendered":"<p><span style=\"font-weight: 400\">Kollektsioon ENDLESS OCEAN on inspireeritud Fotografiska x Kaubamaja \u00fchisprojektist \u2013 selles saavad kokku loodus ja selles elavad uskumatud organismid. Ernst Haeckeli t\u00f6\u00f6st ja tema veendumustest on saanud inspiratsiooni 20 ainulaadset mustrit, milles kunst ja loodus on omavahel seotud. Mustrid jutustavad loo ohustatud koralliliikidest, nagu <\/span><i><span style=\"font-weight: 400\">Carchesium polypinum<\/span><\/i><span style=\"font-weight: 400\"> ja <\/span><i><span style=\"font-weight: 400\">Campanella umbellaria<\/span><\/i><span style=\"font-weight: 400\">, mis v\u00f5luvad oma keerukate ja v\u00e4rvik\u00fcllaste vormidega.<\/span><\/p>\n","protected":false},"featured_media":19508,"template":"","meta":{"_acf_changed":false,"inline_featured_image":false},"product_brand":[],"product_cat":[357],"product_tag":[],"class_list":{"0":"post-19507","1":"product","2":"type-product","3":"status-publish","4":"has-post-thumbnail","6":"product_cat-tehisintellektitooted","8":"first","9":"instock","10":"taxable","11":"shipping-taxable","12":"purchasable","13":"product-type-simple"},"acf":[],"_links":{"self":[{"href":"https:\/\/fotografiska.ee\/epood\/wp-json\/wp\/v2\/product\/19507","targetHints":{"allow":["GET"]}}],"collection":[{"href":"https:\/\/fotografiska.ee\/epood\/wp-json\/wp\/v2\/product"}],"about":[{"href":"https:\/\/fotografiska.ee\/epood\/wp-json\/wp\/v2\/types\/product"}],"wp:featuredmedia":[{"embeddable":true,"href":"https:\/\/fotografiska.ee\/epood\/wp-json\/wp\/v2\/media\/19508"}],"wp:attachment":[{"href":"https:\/\/fotografiska.ee\/epood\/wp-json\/wp\/v2\/media?parent=19507"}],"wp:term":[{"taxonomy":"product_brand","embeddable":true,"href":"https:\/\/fotografiska.ee\/epood\/wp-json\/wp\/v2\/product_brand?post=19507"},{"taxonomy":"product_cat","embeddable":true,"href":"https:\/\/fotografiska.ee\/epood\/wp-json\/wp\/v2\/product_cat?post=19507"},{"taxonomy":"product_tag","embeddable":true,"href":"https:\/\/fotografiska.ee\/epood\/wp-json\/wp\/v2\/product_tag?post=19507"}],"curies":[{"name":"wp","href":"https:\/\/api.w.org\/{rel}","templated":true}]}}