{"id":19440,"date":"2023-03-15T12:19:25","date_gmt":"2023-03-15T10:19:25","guid":{"rendered":"https:\/\/www.fotografiska.ee\/epood\/?post_type=product&#038;p=19440"},"modified":"2025-12-17T12:10:41","modified_gmt":"2025-12-17T09:10:41","slug":"rinnaratik-endless-ocean-2","status":"publish","type":"product","link":"https:\/\/fotografiska.ee\/epood\/product\/rinnaratik-endless-ocean-2\/","title":{"rendered":"Rinnar\u00e4tik Endless Ocean"},"content":{"rendered":"<ul>\n<li style=\"font-weight: 400\"><span style=\"font-weight: 400\">Illustratsioonid MA+KE lab kollektsioonist Endless Ocean.<\/span><\/li>\n<li style=\"font-weight: 400\"><span style=\"font-weight: 400\">100% siid, digitr\u00fckitud kerge sat\u00e4\u00e4n.<\/span><\/li>\n<li style=\"font-weight: 400\"><span style=\"font-weight: 400\">M\u00f5\u00f5dud 34x34 cm.<\/span><\/li>\n<li style=\"font-weight: 400\"><span style=\"font-weight: 400\">K\u00e4sitsi viimistletud.<\/span><\/li>\n<li style=\"font-weight: 400\"><span style=\"font-weight: 400\">Iga ese v\u00f5ib isikup\u00e4raselt erineda, olenevalt mustri paigutuses<\/span><\/li>\n<\/ul>\n","protected":false},"excerpt":{"rendered":"<p><span style=\"font-weight: 400\">Kollektsioon ENDLESS OCEAN on inspireeritud Fotografiska x Kaubamaja \u00fchisprojektist \u2013 selles saavad kokku loodus ja selles elavad uskumatud organismid. Ernst Haeckeli t\u00f6\u00f6st ja tema veendumustest on saanud inspiratsiooni 20 ainulaadset mustrit, milles kunst ja loodus on omavahel seotud. Mustrid jutustavad loo ohustatud koralliliikidest, nagu <\/span><i><span style=\"font-weight: 400\">Carchesium polypinum<\/span><\/i><span style=\"font-weight: 400\"> ja <\/span><i><span style=\"font-weight: 400\">Campanella umbellaria<\/span><\/i><span style=\"font-weight: 400\">, mis v\u00f5luvad oma keerukate ja v\u00e4rvik\u00fcllaste vormidega.<\/span><\/p>\n","protected":false},"featured_media":19441,"template":"","meta":{"_acf_changed":false,"inline_featured_image":false},"product_brand":[],"product_cat":[357],"product_tag":[],"class_list":{"0":"post-19440","1":"product","2":"type-product","3":"status-publish","4":"has-post-thumbnail","6":"product_cat-tehisintellektitooted","8":"first","9":"outofstock","10":"taxable","11":"shipping-taxable","12":"purchasable","13":"product-type-simple"},"acf":[],"_links":{"self":[{"href":"https:\/\/fotografiska.ee\/epood\/wp-json\/wp\/v2\/product\/19440","targetHints":{"allow":["GET"]}}],"collection":[{"href":"https:\/\/fotografiska.ee\/epood\/wp-json\/wp\/v2\/product"}],"about":[{"href":"https:\/\/fotografiska.ee\/epood\/wp-json\/wp\/v2\/types\/product"}],"wp:featuredmedia":[{"embeddable":true,"href":"https:\/\/fotografiska.ee\/epood\/wp-json\/wp\/v2\/media\/19441"}],"wp:attachment":[{"href":"https:\/\/fotografiska.ee\/epood\/wp-json\/wp\/v2\/media?parent=19440"}],"wp:term":[{"taxonomy":"product_brand","embeddable":true,"href":"https:\/\/fotografiska.ee\/epood\/wp-json\/wp\/v2\/product_brand?post=19440"},{"taxonomy":"product_cat","embeddable":true,"href":"https:\/\/fotografiska.ee\/epood\/wp-json\/wp\/v2\/product_cat?post=19440"},{"taxonomy":"product_tag","embeddable":true,"href":"https:\/\/fotografiska.ee\/epood\/wp-json\/wp\/v2\/product_tag?post=19440"}],"curies":[{"name":"wp","href":"https:\/\/api.w.org\/{rel}","templated":true}]}}