{"id":19349,"date":"2023-03-14T10:21:58","date_gmt":"2023-03-14T08:21:58","guid":{"rendered":"https:\/\/www.fotografiska.ee\/epood\/?post_type=product&#038;p=19349"},"modified":"2023-10-10T11:41:36","modified_gmt":"2023-10-10T09:41:36","slug":"kimono-siidist","status":"publish","type":"product","link":"https:\/\/fotografiska.ee\/epood\/product\/kimono-siidist\/","title":{"rendered":"Siidist kimono MA+KE lab x AI"},"content":{"rendered":"<p><span style=\"font-weight: 400\">Kollektsioon ENDLESS OCEAN on inspireeritud Fotografiska x Kaubamaja \u00fchisprojektist \u2013 selles saavad kokku loodus ja selles elavaid uskumatud organismid. Ernst Haeckeli t\u00f6\u00f6st ja tema veendumustest on saanud inspiratsiooni 20 ainulaadset mustrit, milles kunst ja loodus on omavahel seotud. Mustrid jutustavad loo ohustatud koralliliikidest, nagu <\/span><i><span style=\"font-weight: 400\">Carchesium polypinum<\/span><\/i><span style=\"font-weight: 400\"> ja <\/span><i><span style=\"font-weight: 400\">Campanella umbellaria<\/span><\/i><span style=\"font-weight: 400\">, mis v\u00f5\u00f5luvad oma keerukate ja v\u00e4rvilisik\u00fcllaste vormidega.<\/span><span style=\"font-weight: 400\"><br \/>\n<\/span><\/p>\n","protected":false},"excerpt":{"rendered":"<p>Naiste kimono on valmistatud kvaliteetsest digitr\u00fckitud siidsatiinist. Digitaalsed illustratsioonid<br \/>\nMA+KE lab kollektsioonist Endless Ocean.<\/p>\n<ul>\n<li>100% siid, digitr\u00fckitud kerge sat\u00e4\u00e4n.<\/li>\n<li>K\u00e4sitsi \u00f5mmeldud Eestis.<\/li>\n<li>Iga ese v\u00f5ib isikup\u00e4raselt erineda, olenevalt mustri paigutusest.<\/li>\n<li>Suurused: S\/M ja M\/L<\/li>\n<\/ul>\n<p>Toode on saadaval ettetellimisel. Valmistamise aeg: 3 \u2013 4 n\u00e4dalat.<\/p>\n<p><b>Mustri ning suuruse valimiseks kirjuta kommentaari lahtrisse soovitud mustri kood ning valitud suurus.<\/b><\/p>\n<p>&nbsp;<\/p>\n","protected":false},"featured_media":19481,"template":"","meta":{"_acf_changed":false,"inline_featured_image":false},"product_brand":[],"product_cat":[357],"product_tag":[],"class_list":{"0":"post-19349","1":"product","2":"type-product","3":"status-publish","4":"has-post-thumbnail","6":"product_cat-tehisintellektitooted","8":"first","9":"instock","10":"taxable","11":"shipping-taxable","12":"purchasable","13":"product-type-simple"},"acf":[],"_links":{"self":[{"href":"https:\/\/fotografiska.ee\/epood\/wp-json\/wp\/v2\/product\/19349","targetHints":{"allow":["GET"]}}],"collection":[{"href":"https:\/\/fotografiska.ee\/epood\/wp-json\/wp\/v2\/product"}],"about":[{"href":"https:\/\/fotografiska.ee\/epood\/wp-json\/wp\/v2\/types\/product"}],"wp:featuredmedia":[{"embeddable":true,"href":"https:\/\/fotografiska.ee\/epood\/wp-json\/wp\/v2\/media\/19481"}],"wp:attachment":[{"href":"https:\/\/fotografiska.ee\/epood\/wp-json\/wp\/v2\/media?parent=19349"}],"wp:term":[{"taxonomy":"product_brand","embeddable":true,"href":"https:\/\/fotografiska.ee\/epood\/wp-json\/wp\/v2\/product_brand?post=19349"},{"taxonomy":"product_cat","embeddable":true,"href":"https:\/\/fotografiska.ee\/epood\/wp-json\/wp\/v2\/product_cat?post=19349"},{"taxonomy":"product_tag","embeddable":true,"href":"https:\/\/fotografiska.ee\/epood\/wp-json\/wp\/v2\/product_tag?post=19349"}],"curies":[{"name":"wp","href":"https:\/\/api.w.org\/{rel}","templated":true}]}}