{"id":19334,"date":"2023-03-14T10:05:22","date_gmt":"2023-03-14T08:05:22","guid":{"rendered":"https:\/\/www.fotografiska.ee\/epood\/?post_type=product&#038;p=19334"},"modified":"2023-10-10T11:41:55","modified_gmt":"2023-10-10T09:41:55","slug":"bomber-jakk-endless-ocean","status":"publish","type":"product","link":"https:\/\/fotografiska.ee\/epood\/product\/bomber-jakk-endless-ocean\/","title":{"rendered":"Bomber-jakk Endless Ocean"},"content":{"rendered":"<p>Jakk on valminud inspireerituna Kaubamaja x Fotografiska kevadkampaania imagopiltidest.<\/p>\n<p>Eesti disainilabor MA+KE lab loob imelisi mustreid ja maailmu, r\u00e4\u00e4kides erinevate meediumite ja<br \/>\nillustratsioonide kaudu lugusid kadunud ja unustatud hetkedest \u2013 seda k\u00f5ike taevalikes varjundites ja<br \/>\nlummavas gammas.<br \/>\nMustrilabori kolmas kollektsioon Endless Ocean on kasutanud uute maailmade loomisel<br \/>\ninspiratsiooniallikana AI tehisintellekti maagilist maailma, mis annab v\u00f5ime unistada meie<br \/>\ntraditsioonilistest harjunud raamidest v\u00e4ljapoole. Selle abil viiakse vaataja uude reaalsusesse, kus<br \/>\ninimene oma kohaloluga on j\u00e4\u00e4nud minevikku, kuid vaataja leiab selat kadunud v\u00f5i ohustatud ligiid oma<br \/>\nt\u00e4ies hiilguses ja rikkalikkuses. Endles Ocean mustritelt leiad looduse ning selles elavad eriskummalised<br \/>\nja imetabased koralliliigid.<br \/>\nErnst Haeckeli t\u00f6\u00f6st ja tema veendumustest on kokku saanud inspiratsiooni 20 ainulaadset mustrit,<br \/>\nmilles kunst ja loodus on omavahel seotud. T\u00e4helepanelik silm leiab sealt neo-barokse korallide<br \/>\nmaailma, sealhulgas koralliliigid, nagu Carchesium polypinum ja Campanella umbellaria, mis v\u00f5luvad<br \/>\noma keerukate ja v\u00e4rvilisik\u00fcllaste vormidega.<\/p>\n","protected":false},"excerpt":{"rendered":"<p><strong>Bomber-jakk \u2013 MA+KE lab x Teele Koel for Fotografiska &amp; Kaubamaja<\/strong><\/p>\n<ul>\n<li>Digitaalsed illustratsioonid MA+KE labi kollektsioonist Endless Ocean \u2013 AI maagiline maailm\u00a0kombineerituna illustraatori v\u00f5luva k\u00e4ega.<\/li>\n<li>Jakk valminud koost\u00f6\u00f6s moekunstnik Teele Koeliga.<\/li>\n<li>Pealiskangas ja vooder: 100% eritellimusel digit\u00fckitud windstopper ja vooder sat\u00e4\u00e4n (100% PES).<\/li>\n<li>Keemiline puhastus.<\/li>\n<li>Iga ese v\u00f5ib isikup\u00e4raselt erineda, olenevalt mustri paigutusest.<\/li>\n<li>Suurused: S\/M ning M\/L<\/li>\n<\/ul>\n<p><b>Suuruse valimiseks kirjuta kommentaari lahtrisse soovitud suurus.<\/b><\/p>\n<p>Toode on saadaval ettetellimisel. Valmistamise aeg: 3<em>\u00a0\u2013<\/em> 4 n\u00e4dalat.<\/p>\n","protected":false},"featured_media":19474,"template":"","meta":{"_acf_changed":false,"inline_featured_image":false},"product_brand":[],"product_cat":[357],"product_tag":[],"class_list":{"0":"post-19334","1":"product","2":"type-product","3":"status-publish","4":"has-post-thumbnail","6":"product_cat-tehisintellektitooted","8":"first","9":"instock","10":"taxable","11":"shipping-taxable","12":"purchasable","13":"product-type-simple"},"acf":[],"_links":{"self":[{"href":"https:\/\/fotografiska.ee\/epood\/wp-json\/wp\/v2\/product\/19334","targetHints":{"allow":["GET"]}}],"collection":[{"href":"https:\/\/fotografiska.ee\/epood\/wp-json\/wp\/v2\/product"}],"about":[{"href":"https:\/\/fotografiska.ee\/epood\/wp-json\/wp\/v2\/types\/product"}],"wp:featuredmedia":[{"embeddable":true,"href":"https:\/\/fotografiska.ee\/epood\/wp-json\/wp\/v2\/media\/19474"}],"wp:attachment":[{"href":"https:\/\/fotografiska.ee\/epood\/wp-json\/wp\/v2\/media?parent=19334"}],"wp:term":[{"taxonomy":"product_brand","embeddable":true,"href":"https:\/\/fotografiska.ee\/epood\/wp-json\/wp\/v2\/product_brand?post=19334"},{"taxonomy":"product_cat","embeddable":true,"href":"https:\/\/fotografiska.ee\/epood\/wp-json\/wp\/v2\/product_cat?post=19334"},{"taxonomy":"product_tag","embeddable":true,"href":"https:\/\/fotografiska.ee\/epood\/wp-json\/wp\/v2\/product_tag?post=19334"}],"curies":[{"name":"wp","href":"https:\/\/api.w.org\/{rel}","templated":true}]}}