{"id":18445,"date":"2023-02-24T10:31:37","date_gmt":"2023-02-24T08:33:15","guid":{"rendered":"https:\/\/www.fotografiska.ee\/epood\/?post_type=product&#038;p=18445"},"modified":"2023-08-11T07:53:11","modified_gmt":"2023-08-11T05:53:11","slug":"fg-varvipliiatsid","status":"publish","type":"product","link":"https:\/\/fotografiska.ee\/epood\/product\/fg-varvipliiatsid\/","title":{"rendered":"FG v\u00e4rvipliiatsid"},"content":{"rendered":"<p>V\u00e4ljendage oma loovust selle v\u00e4rvipliiatsite komplektiga, mis on Fotografiska logoga mustas karbis.<\/p>\n<p>Sisaldab 6 v\u00e4rvi: kollane, sinine, punane, tumesinine, oran\u017e ja roheline.<\/p>\n","protected":false},"excerpt":{"rendered":"<p>V\u00e4ljendage oma loovust selle v\u00e4rvipliiatsite komplektiga, mis on Fotografiska logoga mustas karbis. Sisaldab 6 v\u00e4rvi: kollane, sinine, punane, tumesinine, oran\u017e ja roheline.<\/p>\n","protected":false},"featured_media":18443,"template":"","meta":{"_acf_changed":false,"inline_featured_image":false},"product_brand":[],"product_cat":[309,317],"product_tag":[],"class_list":{"0":"post-18445","1":"product","2":"type-product","3":"status-publish","4":"has-post-thumbnail","6":"product_cat-fotografiska-sinu-kodus","7":"product_cat-markmikud","9":"first","10":"instock","11":"taxable","12":"shipping-taxable","13":"purchasable","14":"product-type-simple"},"acf":[],"_links":{"self":[{"href":"https:\/\/fotografiska.ee\/epood\/wp-json\/wp\/v2\/product\/18445","targetHints":{"allow":["GET"]}}],"collection":[{"href":"https:\/\/fotografiska.ee\/epood\/wp-json\/wp\/v2\/product"}],"about":[{"href":"https:\/\/fotografiska.ee\/epood\/wp-json\/wp\/v2\/types\/product"}],"wp:featuredmedia":[{"embeddable":true,"href":"https:\/\/fotografiska.ee\/epood\/wp-json\/wp\/v2\/media\/18443"}],"wp:attachment":[{"href":"https:\/\/fotografiska.ee\/epood\/wp-json\/wp\/v2\/media?parent=18445"}],"wp:term":[{"taxonomy":"product_brand","embeddable":true,"href":"https:\/\/fotografiska.ee\/epood\/wp-json\/wp\/v2\/product_brand?post=18445"},{"taxonomy":"product_cat","embeddable":true,"href":"https:\/\/fotografiska.ee\/epood\/wp-json\/wp\/v2\/product_cat?post=18445"},{"taxonomy":"product_tag","embeddable":true,"href":"https:\/\/fotografiska.ee\/epood\/wp-json\/wp\/v2\/product_tag?post=18445"}],"curies":[{"name":"wp","href":"https:\/\/api.w.org\/{rel}","templated":true}]}}