{"id":17828,"date":"2020-12-03T13:50:42","date_gmt":"2020-12-03T11:50:42","guid":{"rendered":"https:\/\/www.fotografiska.ee\/epood\/product\/lens-thermos-cup\/"},"modified":"2023-08-11T07:53:16","modified_gmt":"2023-08-11T05:53:16","slug":"lens-thermos-cup","status":"publish","type":"product","link":"https:\/\/fotografiska.ee\/epood\/product\/lens-thermos-cup\/","title":{"rendered":"Objektiiv termostass"},"content":{"rendered":"<p>V\u00e4limus v\u00f5ib olla nii petlik kui ka \u00fcllatav selle elegantselt kujundatud ja detailirohke kaanega fotoaparaadi objektiiviks maskeeritud kruusi puhul. Sobib n\u00e4iteks l\u00e4bim\u00f5eldud ja praktiliseks kingituseks fotoaparaadi v\u00f5i Fotografiska entusiastile. Kaan on kaunistatud meie graafilise Fotografiska logoga. Hoiab nii kuumad joogid soojana kui ka k\u00fclmad joogid putukavabad.<\/p>\n<p>K\u00f5rgus: umbes 14,6 cm<br \/>\nL\u00e4bim\u00f5\u00f5t: u. 8,3 cm<br \/>\nMahutavus: 350 ml<\/p>\n<p>Valmistatud ABS-st, silikoonist ja roostevabast terasest.<\/p>\n","protected":false},"excerpt":{"rendered":"<p>V\u00e4limus v\u00f5ib olla nii petlik kui ka \u00fcllatav selle elegantselt kujundatud ja detailirohke kaanega fotoaparaadi objektiiviks maskeeritud kruusi puhul. Sobib n\u00e4iteks l\u00e4bim\u00f5eldud ja praktiliseks kingituseks fotoaparaadi v\u00f5i Fotografiska entusiastile. Kaan on kaunistatud meie graafilise Fotografiska logoga. Hoiab nii kuumad joogid soojana kui ka k\u00fclmad joogid putukavabad. K\u00f5rgus: umbes 14,6 cm L\u00e4bim\u00f5\u00f5t: u. 8,3 cm Mahutavus: [&hellip;]<\/p>\n","protected":false},"featured_media":18410,"template":"","meta":{"_acf_changed":false,"inline_featured_image":false},"product_brand":[],"product_cat":[309,17],"product_tag":[],"class_list":{"0":"post-17828","1":"product","2":"type-product","3":"status-publish","4":"has-post-thumbnail","6":"product_cat-fotografiska-sinu-kodus","7":"product_cat-elustiil","9":"first","10":"instock","11":"taxable","12":"shipping-taxable","13":"purchasable","14":"product-type-simple"},"acf":[],"_links":{"self":[{"href":"https:\/\/fotografiska.ee\/epood\/wp-json\/wp\/v2\/product\/17828","targetHints":{"allow":["GET"]}}],"collection":[{"href":"https:\/\/fotografiska.ee\/epood\/wp-json\/wp\/v2\/product"}],"about":[{"href":"https:\/\/fotografiska.ee\/epood\/wp-json\/wp\/v2\/types\/product"}],"wp:featuredmedia":[{"embeddable":true,"href":"https:\/\/fotografiska.ee\/epood\/wp-json\/wp\/v2\/media\/18410"}],"wp:attachment":[{"href":"https:\/\/fotografiska.ee\/epood\/wp-json\/wp\/v2\/media?parent=17828"}],"wp:term":[{"taxonomy":"product_brand","embeddable":true,"href":"https:\/\/fotografiska.ee\/epood\/wp-json\/wp\/v2\/product_brand?post=17828"},{"taxonomy":"product_cat","embeddable":true,"href":"https:\/\/fotografiska.ee\/epood\/wp-json\/wp\/v2\/product_cat?post=17828"},{"taxonomy":"product_tag","embeddable":true,"href":"https:\/\/fotografiska.ee\/epood\/wp-json\/wp\/v2\/product_tag?post=17828"}],"curies":[{"name":"wp","href":"https:\/\/api.w.org\/{rel}","templated":true}]}}