{"id":17781,"date":"2023-02-16T14:49:57","date_gmt":"2023-02-16T12:49:57","guid":{"rendered":"https:\/\/www.fotografiska.ee\/epood\/?post_type=product&#038;p=17781"},"modified":"2024-12-12T14:19:35","modified_gmt":"2024-12-12T12:19:35","slug":"perspectives-parfuumoli","status":"publish","type":"product","link":"https:\/\/fotografiska.ee\/epood\/product\/perspectives-parfuumoli\/","title":{"rendered":"Perspectives parf\u00fc\u00fcm\u00f5li"},"content":{"rendered":"<p>Fotografiska t\u00f6\u00f6tas koos Muro Scents Co.-ga l\u00f5hna v\u00e4ljat\u00f6\u00f6tamisel, mis meie arvates tabab midagi meie vaimust. \u00dclemaailmsetest k\u00e4sit\u00f6\u00f6traditsioonidest inspiratsiooni ammutades on Muro uuenduslike ideedega ettev\u00f5te, mis arendab l\u00f5hnatooteid kaasaegsesse keskkonda.<\/p>\n<p>Oman\u00e4oline, kuid peen oli meie eesm\u00e4rk, millel oli loomuliku maailma tunnusjoon, kuid see ei olnud liiga eemaldatud rafineeritud protsessidest, mis on seotud keeruka vaatenurga avastamisega.<\/p>\n<p>Meie <em>Perspectives<\/em>'i aroom, mis on \u00f5hukeses, mustas 10 ml jaoturis koos rullitava peaga, on jojoba\u00f5li ja vee lahus, mis kannab kadaka, ingveri, valge pipra, aniisi, naha\u00a0ja kadakamarja noote.<\/p>\n","protected":false},"excerpt":{"rendered":"<p>Fotografiska t\u00f6\u00f6tas koos Muro Scents Co.-ga l\u00f5hna v\u00e4ljat\u00f6\u00f6tamisel, mis meie arvates tabab midagi meie vaimust. \u00dclemaailmsetest k\u00e4sit\u00f6\u00f6traditsioonidest inspiratsiooni ammutades on Muro uuenduslike ideedega ettev\u00f5te, mis arendab l\u00f5hnatooteid kaasaegsesse keskkonda. Oman\u00e4oline, kuid peen oli meie eesm\u00e4rk, millel oli loomuliku maailma tunnusjoon, kuid see ei olnud liiga eemaldatud rafineeritud protsessidest, mis on seotud keeruka vaatenurga avastamisega. Meie [&hellip;]<\/p>\n","protected":false},"featured_media":17782,"template":"","meta":{"_acf_changed":false,"inline_featured_image":false},"product_brand":[],"product_cat":[376,378,398,309,17],"product_tag":[],"class_list":{"0":"post-17781","1":"product","2":"type-product","3":"status-publish","4":"has-post-thumbnail","6":"product_cat-fotografiska-kollektsioon","7":"product_cat-kingid","8":"product_cat-kureeritud-kingiideed","9":"product_cat-fotografiska-sinu-kodus","10":"product_cat-elustiil","12":"first","13":"instock","14":"taxable","15":"shipping-taxable","16":"purchasable","17":"product-type-simple"},"acf":[],"_links":{"self":[{"href":"https:\/\/fotografiska.ee\/epood\/wp-json\/wp\/v2\/product\/17781","targetHints":{"allow":["GET"]}}],"collection":[{"href":"https:\/\/fotografiska.ee\/epood\/wp-json\/wp\/v2\/product"}],"about":[{"href":"https:\/\/fotografiska.ee\/epood\/wp-json\/wp\/v2\/types\/product"}],"wp:featuredmedia":[{"embeddable":true,"href":"https:\/\/fotografiska.ee\/epood\/wp-json\/wp\/v2\/media\/17782"}],"wp:attachment":[{"href":"https:\/\/fotografiska.ee\/epood\/wp-json\/wp\/v2\/media?parent=17781"}],"wp:term":[{"taxonomy":"product_brand","embeddable":true,"href":"https:\/\/fotografiska.ee\/epood\/wp-json\/wp\/v2\/product_brand?post=17781"},{"taxonomy":"product_cat","embeddable":true,"href":"https:\/\/fotografiska.ee\/epood\/wp-json\/wp\/v2\/product_cat?post=17781"},{"taxonomy":"product_tag","embeddable":true,"href":"https:\/\/fotografiska.ee\/epood\/wp-json\/wp\/v2\/product_tag?post=17781"}],"curies":[{"name":"wp","href":"https:\/\/api.w.org\/{rel}","templated":true}]}}