{"id":17777,"date":"2023-02-16T14:23:44","date_gmt":"2023-02-16T12:30:25","guid":{"rendered":"https:\/\/www.fotografiska.ee\/epood\/?post_type=product&#038;p=17777"},"modified":"2023-08-11T07:55:40","modified_gmt":"2023-08-11T05:55:40","slug":"perspectives-kuunal","status":"publish","type":"product","link":"https:\/\/fotografiska.ee\/epood\/product\/perspectives-kuunal\/","title":{"rendered":"Perspectives k\u00fc\u00fcnal"},"content":{"rendered":"<p>Fotografiska tegi koost\u00f6\u00f6d ettev\u00f5ttega Muro Scents Co., et luua see elegantse l\u00f5hnaga k\u00fc\u00fcnal oma mustas keraamilises purgis, millel on indigom\u00e4rgiga kaubam\u00e4rk. Muro on uuenduslike ideedega ettev\u00f5te, mis keskendub peamiselt k\u00e4sit\u00f6\u00f6le ja loovusele. Nad ammutavad inspiratsiooni laialt levinud \u00fclemaailmsetest k\u00e4sit\u00f6\u00f6traditsioonidest, mida nad p\u00fc\u00fcavad kasutada kaasaegsete l\u00f5hnatoodete v\u00e4ljat\u00f6\u00f6tamisel.<\/p>\n<p><em>Perspectives<\/em> on rohkem kui sobiv pealkiri meie l\u00f5hnavalikule, mis on siin segatud vegank\u00fc\u00fcnlasse, mis annab v\u00e4lja rafineeritud buketi kadaka, naha, t\u00f5rva ja m\u00fcrri noote. See v\u00f5lub pimeda ruumi jahedust, kuid loodusl\u00e4hedase nuhtlusega. Soojendage meeli, jahutage meelt.<\/p>\n<p>8,9x7,6 cm<\/p>\n","protected":false},"excerpt":{"rendered":"<p>Fotografiska tegi koost\u00f6\u00f6d ettev\u00f5ttega Muro Scents Co., et luua see elegantse l\u00f5hnaga k\u00fc\u00fcnal oma mustas keraamilises purgis, millel on indigom\u00e4rgiga kaubam\u00e4rk. Muro on uuenduslike ideedega ettev\u00f5te, mis keskendub peamiselt k\u00e4sit\u00f6\u00f6le ja loovusele. Nad ammutavad inspiratsiooni laialt levinud \u00fclemaailmsetest k\u00e4sit\u00f6\u00f6traditsioonidest, mida nad p\u00fc\u00fcavad kasutada kaasaegsete l\u00f5hnatoodete v\u00e4ljat\u00f6\u00f6tamisel. Perspectives on rohkem kui sobiv pealkiri meie l\u00f5hnavalikule, mis [&hellip;]<\/p>\n","protected":false},"featured_media":17773,"template":"","meta":{"_acf_changed":false,"inline_featured_image":false},"product_brand":[],"product_cat":[309,17],"product_tag":[],"class_list":{"0":"post-17777","1":"product","2":"type-product","3":"status-publish","4":"has-post-thumbnail","6":"product_cat-fotografiska-sinu-kodus","7":"product_cat-elustiil","9":"first","10":"instock","11":"taxable","12":"shipping-taxable","13":"purchasable","14":"product-type-simple"},"acf":[],"_links":{"self":[{"href":"https:\/\/fotografiska.ee\/epood\/wp-json\/wp\/v2\/product\/17777","targetHints":{"allow":["GET"]}}],"collection":[{"href":"https:\/\/fotografiska.ee\/epood\/wp-json\/wp\/v2\/product"}],"about":[{"href":"https:\/\/fotografiska.ee\/epood\/wp-json\/wp\/v2\/types\/product"}],"wp:featuredmedia":[{"embeddable":true,"href":"https:\/\/fotografiska.ee\/epood\/wp-json\/wp\/v2\/media\/17773"}],"wp:attachment":[{"href":"https:\/\/fotografiska.ee\/epood\/wp-json\/wp\/v2\/media?parent=17777"}],"wp:term":[{"taxonomy":"product_brand","embeddable":true,"href":"https:\/\/fotografiska.ee\/epood\/wp-json\/wp\/v2\/product_brand?post=17777"},{"taxonomy":"product_cat","embeddable":true,"href":"https:\/\/fotografiska.ee\/epood\/wp-json\/wp\/v2\/product_cat?post=17777"},{"taxonomy":"product_tag","embeddable":true,"href":"https:\/\/fotografiska.ee\/epood\/wp-json\/wp\/v2\/product_tag?post=17777"}],"curies":[{"name":"wp","href":"https:\/\/api.w.org\/{rel}","templated":true}]}}