{"id":17738,"date":"2023-02-16T13:54:47","date_gmt":"2023-02-16T11:54:47","guid":{"rendered":"https:\/\/www.fotografiska.ee\/epood\/?post_type=product&#038;p=17738"},"modified":"2024-12-09T13:21:01","modified_gmt":"2024-12-09T11:21:01","slug":"pildiraam-50x70-cm","status":"publish","type":"product","link":"https:\/\/fotografiska.ee\/epood\/product\/pildiraam-50x70-cm\/","title":{"rendered":"Pildiraam 50x70 cm"},"content":{"rendered":"<p>Tammepuidust pildiraam m\u00f5\u00f5tmetes 50 x 70 cm.<\/p>\n<p>Toodet ei saa tellida pakiautomaati. Raami k\u00e4tte saamiseks palume tulla kohapeale.<\/p>\n","protected":false},"excerpt":{"rendered":"<p>Tammepuidust pildiraam m\u00f5\u00f5tmetes 50 x 70 cm. Toodet ei saa tellida pakiautomaati. Raami k\u00e4tte saamiseks palume tulla kohapeale.<\/p>\n","protected":false},"featured_media":28154,"template":"","meta":{"_acf_changed":false,"inline_featured_image":false},"product_brand":[],"product_cat":[376,378,398,309,17],"product_tag":[],"class_list":{"0":"post-17738","1":"product","2":"type-product","3":"status-publish","4":"has-post-thumbnail","6":"product_cat-fotografiska-kollektsioon","7":"product_cat-kingid","8":"product_cat-kureeritud-kingiideed","9":"product_cat-fotografiska-sinu-kodus","10":"product_cat-elustiil","12":"first","13":"instock","14":"taxable","15":"shipping-taxable","16":"purchasable","17":"product-type-variable"},"acf":[],"_links":{"self":[{"href":"https:\/\/fotografiska.ee\/epood\/wp-json\/wp\/v2\/product\/17738","targetHints":{"allow":["GET"]}}],"collection":[{"href":"https:\/\/fotografiska.ee\/epood\/wp-json\/wp\/v2\/product"}],"about":[{"href":"https:\/\/fotografiska.ee\/epood\/wp-json\/wp\/v2\/types\/product"}],"wp:featuredmedia":[{"embeddable":true,"href":"https:\/\/fotografiska.ee\/epood\/wp-json\/wp\/v2\/media\/28154"}],"wp:attachment":[{"href":"https:\/\/fotografiska.ee\/epood\/wp-json\/wp\/v2\/media?parent=17738"}],"wp:term":[{"taxonomy":"product_brand","embeddable":true,"href":"https:\/\/fotografiska.ee\/epood\/wp-json\/wp\/v2\/product_brand?post=17738"},{"taxonomy":"product_cat","embeddable":true,"href":"https:\/\/fotografiska.ee\/epood\/wp-json\/wp\/v2\/product_cat?post=17738"},{"taxonomy":"product_tag","embeddable":true,"href":"https:\/\/fotografiska.ee\/epood\/wp-json\/wp\/v2\/product_tag?post=17738"}],"curies":[{"name":"wp","href":"https:\/\/api.w.org\/{rel}","templated":true}]}}