{"id":17321,"date":"2023-02-09T16:07:38","date_gmt":"2023-02-09T14:13:01","guid":{"rendered":"https:\/\/www.fotografiska.ee\/epood\/?post_type=product&#038;p=17321"},"modified":"2023-02-09T16:13:01","modified_gmt":"2023-02-09T14:13:01","slug":"kirsty-mitchell-wonderland","status":"publish","type":"product","link":"https:\/\/fotografiska.ee\/epood\/product\/kirsty-mitchell-wonderland\/","title":{"rendered":"Kirsty Mitchell: Wonderland"},"content":{"rendered":"<p>The Wonderland Series on auhinnatud t\u00f6\u00f6de kogum, mis on loodud 2008. aastal v\u00e4hki surnud Kirsty Mitchelli ema m\u00e4lestuseks. Selle s\u00fcgavalt isikliku projekti loomiseks on kunstnikul kulunud viis aastat. Raamat sisaldab \u00fcle kuuesaja neljak\u00fcmne foto, mis sisaldavad ulatuslikke telgitaguseid pilte Kirsty tehtud t\u00f6\u00f6de v\u00f5tetest ja kost\u00fc\u00fcmigaleriidest. Lisaks fotodele sisaldab raamat Kirsty poolt kogu projekti v\u00e4ltel peetud s\u00fcgavalt isiklikku p\u00e4evikut, mis selgitab teoste arengut ja t\u00e4hendust ning objektiivi taga kogetud emotsioone.<\/p>\n","protected":false},"excerpt":{"rendered":"<p>The Wonderland Series on auhinnatud t\u00f6\u00f6de kogum, mis on loodud 2008. aastal v\u00e4hki surnud Kirsty Mitchelli ema m\u00e4lestuseks. Selle s\u00fcgavalt isikliku projekti loomiseks on kunstnikul kulunud viis aastat. Raamat sisaldab \u00fcle kuuesaja neljak\u00fcmne foto, mis sisaldavad ulatuslikke telgitaguseid pilte Kirsty tehtud t\u00f6\u00f6de v\u00f5tetest ja kost\u00fc\u00fcmigaleriidest. Lisaks fotodele sisaldab raamat Kirsty poolt kogu projekti v\u00e4ltel peetud [&hellip;]<\/p>\n","protected":false},"featured_media":17317,"template":"","meta":{"_acf_changed":false,"inline_featured_image":false},"product_brand":[],"product_cat":[20,337,339],"product_tag":[],"class_list":{"0":"post-17321","1":"product","2":"type-product","3":"status-publish","4":"has-post-thumbnail","6":"product_cat-raamatud","7":"product_cat-maailma-tippfotograafia","8":"product_cat-moodunud-naitused","10":"first","11":"instock","12":"taxable","13":"shipping-taxable","14":"purchasable","15":"product-type-simple"},"acf":[],"_links":{"self":[{"href":"https:\/\/fotografiska.ee\/epood\/wp-json\/wp\/v2\/product\/17321","targetHints":{"allow":["GET"]}}],"collection":[{"href":"https:\/\/fotografiska.ee\/epood\/wp-json\/wp\/v2\/product"}],"about":[{"href":"https:\/\/fotografiska.ee\/epood\/wp-json\/wp\/v2\/types\/product"}],"wp:featuredmedia":[{"embeddable":true,"href":"https:\/\/fotografiska.ee\/epood\/wp-json\/wp\/v2\/media\/17317"}],"wp:attachment":[{"href":"https:\/\/fotografiska.ee\/epood\/wp-json\/wp\/v2\/media?parent=17321"}],"wp:term":[{"taxonomy":"product_brand","embeddable":true,"href":"https:\/\/fotografiska.ee\/epood\/wp-json\/wp\/v2\/product_brand?post=17321"},{"taxonomy":"product_cat","embeddable":true,"href":"https:\/\/fotografiska.ee\/epood\/wp-json\/wp\/v2\/product_cat?post=17321"},{"taxonomy":"product_tag","embeddable":true,"href":"https:\/\/fotografiska.ee\/epood\/wp-json\/wp\/v2\/product_tag?post=17321"}],"curies":[{"name":"wp","href":"https:\/\/api.w.org\/{rel}","templated":true}]}}