{"id":17261,"date":"2023-02-09T13:52:50","date_gmt":"2023-02-09T11:52:50","guid":{"rendered":"https:\/\/www.fotografiska.ee\/epood\/?post_type=product&#038;p=17261"},"modified":"2024-12-12T13:03:44","modified_gmt":"2024-12-12T11:03:44","slug":"soogiriistade-karp-naharibaga","status":"publish","type":"product","link":"https:\/\/fotografiska.ee\/epood\/product\/soogiriistade-karp-naharibaga\/","title":{"rendered":"S\u00f6\u00f6giriistade karp naharibaga"},"content":{"rendered":"<p>K\u00e4sit\u00f6\u00f6na valminud tammepuidust s\u00f6\u00f6giriistade karp koos j\u00e4\u00e4givabalt valmistatud naharibaga koost\u00f6\u00f6s Craftoriga.<\/p>\n","protected":false},"excerpt":{"rendered":"<p>K\u00e4sit\u00f6\u00f6na valminud tammepuidust s\u00f6\u00f6giriistade karp koos j\u00e4\u00e4givabalt valmistatud naharibaga koost\u00f6\u00f6s Craftoriga.<\/p>\n","protected":false},"featured_media":17262,"template":"","meta":{"_acf_changed":false,"inline_featured_image":false},"product_brand":[],"product_cat":[376,378,398,309,17],"product_tag":[],"class_list":{"0":"post-17261","1":"product","2":"type-product","3":"status-publish","4":"has-post-thumbnail","6":"product_cat-fotografiska-kollektsioon","7":"product_cat-kingid","8":"product_cat-kureeritud-kingiideed","9":"product_cat-fotografiska-sinu-kodus","10":"product_cat-elustiil","12":"first","13":"instock","14":"taxable","15":"shipping-taxable","16":"purchasable","17":"product-type-simple"},"acf":[],"_links":{"self":[{"href":"https:\/\/fotografiska.ee\/epood\/wp-json\/wp\/v2\/product\/17261","targetHints":{"allow":["GET"]}}],"collection":[{"href":"https:\/\/fotografiska.ee\/epood\/wp-json\/wp\/v2\/product"}],"about":[{"href":"https:\/\/fotografiska.ee\/epood\/wp-json\/wp\/v2\/types\/product"}],"wp:featuredmedia":[{"embeddable":true,"href":"https:\/\/fotografiska.ee\/epood\/wp-json\/wp\/v2\/media\/17262"}],"wp:attachment":[{"href":"https:\/\/fotografiska.ee\/epood\/wp-json\/wp\/v2\/media?parent=17261"}],"wp:term":[{"taxonomy":"product_brand","embeddable":true,"href":"https:\/\/fotografiska.ee\/epood\/wp-json\/wp\/v2\/product_brand?post=17261"},{"taxonomy":"product_cat","embeddable":true,"href":"https:\/\/fotografiska.ee\/epood\/wp-json\/wp\/v2\/product_cat?post=17261"},{"taxonomy":"product_tag","embeddable":true,"href":"https:\/\/fotografiska.ee\/epood\/wp-json\/wp\/v2\/product_tag?post=17261"}],"curies":[{"name":"wp","href":"https:\/\/api.w.org\/{rel}","templated":true}]}}