{"id":16360,"date":"2023-01-25T13:17:12","date_gmt":"2023-01-25T11:17:12","guid":{"rendered":"https:\/\/www.fotografiska.ee\/epood\/?post_type=product&#038;p=16360"},"modified":"2023-11-02T18:16:51","modified_gmt":"2023-11-02T16:16:51","slug":"sormus-new-york","status":"publish","type":"product","link":"https:\/\/fotografiska.ee\/epood\/product\/sormus-new-york\/","title":{"rendered":"S\u00f5rmus, New York"},"content":{"rendered":"<p><em>Seams'<\/em>i ja Fotografiskat \u00fchendab soov olla midagi enamat. Rohkem kui muuseum, rohkem kui ehtedisainer.<\/p>\n<p>Seams x Fotografiska on eksklusiivsete piiratud v\u00e4ljaandega h\u00f5bes\u00f5rmuste kollektsioon, mis on otseselt seotud Fotografiska sihtkohtadega \u00fcle maailma: Stockholm, New York ja Tallinn.<\/p>\n<p>Seams x Fotografiska New York: pilvel\u00f5hkujad, l\u00f5putud metroorajad ja linna muutuv siluett on k\u00f5ik New Yorgi s\u00f5rmuse olulised osad.<\/p>\n","protected":false},"excerpt":{"rendered":"<p>Seams'i ja Fotografiskat \u00fchendab soov olla midagi enamat. Rohkem kui muuseum, rohkem kui ehtedisainer. Seams x Fotografiska on eksklusiivsete piiratud v\u00e4ljaandega h\u00f5bes\u00f5rmuste kollektsioon, mis on otseselt seotud Fotografiska sihtkohtadega \u00fcle maailma: Stockholm, New York ja Tallinn. Seams x Fotografiska New York: pilvel\u00f5hkujad, l\u00f5putud metroorajad ja linna muutuv siluett on k\u00f5ik New Yorgi s\u00f5rmuse olulised osad.<\/p>\n","protected":false},"featured_media":16361,"template":"","meta":{"_acf_changed":false,"inline_featured_image":false},"product_brand":[],"product_cat":[376,309],"product_tag":[],"class_list":{"0":"post-16360","1":"product","2":"type-product","3":"status-publish","4":"has-post-thumbnail","6":"product_cat-fotografiska-kollektsioon","7":"product_cat-fotografiska-sinu-kodus","9":"first","10":"instock","11":"taxable","12":"shipping-taxable","13":"purchasable","14":"product-type-variable","15":"has-default-attributes"},"acf":[],"_links":{"self":[{"href":"https:\/\/fotografiska.ee\/epood\/wp-json\/wp\/v2\/product\/16360","targetHints":{"allow":["GET"]}}],"collection":[{"href":"https:\/\/fotografiska.ee\/epood\/wp-json\/wp\/v2\/product"}],"about":[{"href":"https:\/\/fotografiska.ee\/epood\/wp-json\/wp\/v2\/types\/product"}],"wp:featuredmedia":[{"embeddable":true,"href":"https:\/\/fotografiska.ee\/epood\/wp-json\/wp\/v2\/media\/16361"}],"wp:attachment":[{"href":"https:\/\/fotografiska.ee\/epood\/wp-json\/wp\/v2\/media?parent=16360"}],"wp:term":[{"taxonomy":"product_brand","embeddable":true,"href":"https:\/\/fotografiska.ee\/epood\/wp-json\/wp\/v2\/product_brand?post=16360"},{"taxonomy":"product_cat","embeddable":true,"href":"https:\/\/fotografiska.ee\/epood\/wp-json\/wp\/v2\/product_cat?post=16360"},{"taxonomy":"product_tag","embeddable":true,"href":"https:\/\/fotografiska.ee\/epood\/wp-json\/wp\/v2\/product_tag?post=16360"}],"curies":[{"name":"wp","href":"https:\/\/api.w.org\/{rel}","templated":true}]}}