{"id":16311,"date":"2023-01-24T18:09:24","date_gmt":"2023-01-24T16:38:09","guid":{"rendered":"https:\/\/www.fotografiska.ee\/epood\/?post_type=product&#038;p=16311"},"modified":"2023-01-24T18:38:10","modified_gmt":"2023-01-24T16:38:10","slug":"andres-serrano-torture","status":"publish","type":"product","link":"https:\/\/fotografiska.ee\/epood\/product\/andres-serrano-torture\/","title":{"rendered":"Andres Serrano, Torture"},"content":{"rendered":"<p>Seeria \"Piinamine\" on m\u00f5eldud piinamise m\u00f5iste ja selle arengu m\u00f5tisklusena. Andres Serrano seab kahtluse alla meie kaasaegsete \u00fchiskondade h\u00e4iriva skisofreenia.<\/p>\n<p>Selles uues sarjas astub Serrano kunstniku rolli, kes otsib uusi k\u00e4egakatsutavaid kujutamisvorme, aga ka timuka s\u00fcmboolset rolli, justkui j\u00f5udmaks v\u00f5imalikult l\u00e4hedale v\u00e4ljendamatule. Alustades keskajast saadik piinamisele p\u00fchendatud esemete ja masinate metoodilise uurimisega, kus iga uut avastust peetakse h\u00e4irivaks nat\u00fc\u00fcrmortiks, keskendub ta seej\u00e4rel s\u00fcmboolsetele piinamispaikadele vanglatest Stasi \u00fclekuulamiskabinettideni ja surmajuhtumitele. laagrites, l\u00f5petades katsega kujutada vaimset piinamist.<\/p>\n","protected":false},"excerpt":{"rendered":"<p>Seeria \"Piinamine\" on m\u00f5eldud piinamise m\u00f5iste ja selle arengu m\u00f5tisklusena. Andres Serrano seab kahtluse alla meie kaasaegsete \u00fchiskondade h\u00e4iriva skisofreenia. Selles uues sarjas astub Serrano kunstniku rolli, kes otsib uusi k\u00e4egakatsutavaid kujutamisvorme, aga ka timuka s\u00fcmboolset rolli, justkui j\u00f5udmaks v\u00f5imalikult l\u00e4hedale v\u00e4ljendamatule. Alustades keskajast saadik piinamisele p\u00fchendatud esemete ja masinate metoodilise uurimisega, kus iga uut [&hellip;]<\/p>\n","protected":false},"featured_media":16309,"template":"","meta":{"_acf_changed":false,"inline_featured_image":false},"product_brand":[],"product_cat":[20,339],"product_tag":[],"class_list":{"0":"post-16311","1":"product","2":"type-product","3":"status-publish","4":"has-post-thumbnail","6":"product_cat-raamatud","7":"product_cat-moodunud-naitused","9":"first","10":"instock","11":"taxable","12":"shipping-taxable","13":"purchasable","14":"product-type-simple"},"acf":[],"_links":{"self":[{"href":"https:\/\/fotografiska.ee\/epood\/wp-json\/wp\/v2\/product\/16311","targetHints":{"allow":["GET"]}}],"collection":[{"href":"https:\/\/fotografiska.ee\/epood\/wp-json\/wp\/v2\/product"}],"about":[{"href":"https:\/\/fotografiska.ee\/epood\/wp-json\/wp\/v2\/types\/product"}],"wp:featuredmedia":[{"embeddable":true,"href":"https:\/\/fotografiska.ee\/epood\/wp-json\/wp\/v2\/media\/16309"}],"wp:attachment":[{"href":"https:\/\/fotografiska.ee\/epood\/wp-json\/wp\/v2\/media?parent=16311"}],"wp:term":[{"taxonomy":"product_brand","embeddable":true,"href":"https:\/\/fotografiska.ee\/epood\/wp-json\/wp\/v2\/product_brand?post=16311"},{"taxonomy":"product_cat","embeddable":true,"href":"https:\/\/fotografiska.ee\/epood\/wp-json\/wp\/v2\/product_cat?post=16311"},{"taxonomy":"product_tag","embeddable":true,"href":"https:\/\/fotografiska.ee\/epood\/wp-json\/wp\/v2\/product_tag?post=16311"}],"curies":[{"name":"wp","href":"https:\/\/api.w.org\/{rel}","templated":true}]}}