{"id":16296,"date":"2023-01-24T18:00:45","date_gmt":"2023-01-24T16:00:45","guid":{"rendered":"https:\/\/www.fotografiska.ee\/epood\/?post_type=product&#038;p=16296"},"modified":"2023-05-25T11:15:54","modified_gmt":"2023-05-25T09:15:54","slug":"andres-serrano-the-game-all-things-trump","status":"publish","type":"product","link":"https:\/\/fotografiska.ee\/epood\/product\/andres-serrano-the-game-all-things-trump\/","title":{"rendered":"Andres Serrano, The Game: All Things Trump"},"content":{"rendered":"<p>Vastuoluline Ameerika kunstnik Andres Serrano esitab k\u00fcsimuse: kes on Donald Trump?<br \/>\nEnne kui Donald Trump presidendiks sai, oli ta Donald Trump. The Game: All Things Trump on teekond l\u00e4bi maailma, mille Donald Trump endale l\u00f5i alates 1980. aastatest. Tema kaubam\u00e4rk, nimi, kasiinod, hotellid, tooted, k\u00f5ik. Rohkem kui 1000 objekti hulgas (millest enam kui 500 on siin n\u00e4idatud), mis on kogutud oksjonitelt, eBayst ja suust suhu, on m\u00f5ned Trumpi suurimad hitid, sealhulgas Trump Shuttle, Trump Vodka, Trump University, Trump Steaks ja ego m\u00e4rk Ego Lounge Taj Mahalis. Projekti ulatus on sama suur kui Donald Trumpi haare on olnud, mis n\u00e4itab, et kaua enne presidendiks saamist keerutas Donald Trump end \u00fcmber Ameerika ja nimetas seda enda omaks.<\/p>\n","protected":false},"excerpt":{"rendered":"<p>Vastuoluline Ameerika kunstnik Andres Serrano esitab k\u00fcsimuse: kes on Donald Trump? Enne kui Donald Trump presidendiks sai, oli ta Donald Trump. The Game: All Things Trump on teekond l\u00e4bi maailma, mille Donald Trump endale l\u00f5i alates 1980. aastatest. Tema kaubam\u00e4rk, nimi, kasiinod, hotellid, tooted, k\u00f5ik. Rohkem kui 1000 objekti hulgas (millest enam kui 500 on [&hellip;]<\/p>\n","protected":false},"featured_media":16303,"template":"","meta":{"_acf_changed":false,"inline_featured_image":false},"product_brand":[],"product_cat":[20,339],"product_tag":[],"class_list":{"0":"post-16296","1":"product","2":"type-product","3":"status-publish","4":"has-post-thumbnail","6":"product_cat-raamatud","7":"product_cat-moodunud-naitused","9":"first","10":"instock","11":"taxable","12":"shipping-taxable","13":"purchasable","14":"product-type-simple"},"acf":[],"_links":{"self":[{"href":"https:\/\/fotografiska.ee\/epood\/wp-json\/wp\/v2\/product\/16296","targetHints":{"allow":["GET"]}}],"collection":[{"href":"https:\/\/fotografiska.ee\/epood\/wp-json\/wp\/v2\/product"}],"about":[{"href":"https:\/\/fotografiska.ee\/epood\/wp-json\/wp\/v2\/types\/product"}],"wp:featuredmedia":[{"embeddable":true,"href":"https:\/\/fotografiska.ee\/epood\/wp-json\/wp\/v2\/media\/16303"}],"wp:attachment":[{"href":"https:\/\/fotografiska.ee\/epood\/wp-json\/wp\/v2\/media?parent=16296"}],"wp:term":[{"taxonomy":"product_brand","embeddable":true,"href":"https:\/\/fotografiska.ee\/epood\/wp-json\/wp\/v2\/product_brand?post=16296"},{"taxonomy":"product_cat","embeddable":true,"href":"https:\/\/fotografiska.ee\/epood\/wp-json\/wp\/v2\/product_cat?post=16296"},{"taxonomy":"product_tag","embeddable":true,"href":"https:\/\/fotografiska.ee\/epood\/wp-json\/wp\/v2\/product_tag?post=16296"}],"curies":[{"name":"wp","href":"https:\/\/api.w.org\/{rel}","templated":true}]}}