{"id":1578,"date":"2020-12-03T13:50:42","date_gmt":"2020-12-07T11:00:09","guid":{"rendered":"https:\/\/fotografiska.ee\/epood\/?post_type=product&#038;p=1578"},"modified":"2020-12-07T13:00:09","modified_gmt":"2020-12-07T11:00:09","slug":"sebastiao-salgado-gold","status":"publish","type":"product","link":"https:\/\/fotografiska.ee\/epood\/product\/sebastiao-salgado-gold\/","title":{"rendered":"Sebasti\u00e3o Salgado, Gold"},"content":{"rendered":"<p>1980. aastatel maailma suurimas avakaevanduses Serra Peladas t\u00f6\u00f6tas viletsates tingimustes \u00fcle 50 000 t\u00f6\u00f6lise. T\u00e4naseks on Brasiilia kullapalavikust j\u00e4\u00e4nud vaid legendid, mida hoiavad elus Sebasti\u00e3o Salgado fotod. Raamat \"Gold\" on \u00fchtaegu nii oluline l\u00e4hiajaloo dokument kui ka suurep\u00e4rane fotoseeria.<\/p>\n<p>K\u00f5vakaaneline raamat sisaldab 208 lehek\u00fclge.<\/p>\n","protected":false},"excerpt":{"rendered":"<p>1980. aastatel maailma suurimas avakaevanduses Serra Peladas t\u00f6\u00f6tas viletsates tingimustes \u00fcle 50 000 t\u00f6\u00f6lise. T\u00e4naseks on Brasiilia kullapalavikust j\u00e4\u00e4nud vaid legendid, mida hoiavad elus Sebasti\u00e3o Salgado fotod. Raamat \"Gold\" on \u00fchtaegu nii oluline l\u00e4hiajaloo dokument kui ka suurep\u00e4rane fotoseeria. K\u00f5vakaaneline raamat sisaldab 208 lehek\u00fclge.<\/p>\n","protected":false},"featured_media":1207,"template":"","meta":{"_acf_changed":false,"inline_featured_image":false},"product_brand":[],"product_cat":[20,339],"product_tag":[],"class_list":{"0":"post-1578","1":"product","2":"type-product","3":"status-publish","4":"has-post-thumbnail","6":"product_cat-raamatud","7":"product_cat-moodunud-naitused","9":"first","10":"instock","11":"sale","12":"taxable","13":"shipping-taxable","14":"purchasable","15":"product-type-simple"},"acf":[],"_links":{"self":[{"href":"https:\/\/fotografiska.ee\/epood\/wp-json\/wp\/v2\/product\/1578","targetHints":{"allow":["GET"]}}],"collection":[{"href":"https:\/\/fotografiska.ee\/epood\/wp-json\/wp\/v2\/product"}],"about":[{"href":"https:\/\/fotografiska.ee\/epood\/wp-json\/wp\/v2\/types\/product"}],"wp:featuredmedia":[{"embeddable":true,"href":"https:\/\/fotografiska.ee\/epood\/wp-json\/wp\/v2\/media\/1207"}],"wp:attachment":[{"href":"https:\/\/fotografiska.ee\/epood\/wp-json\/wp\/v2\/media?parent=1578"}],"wp:term":[{"taxonomy":"product_brand","embeddable":true,"href":"https:\/\/fotografiska.ee\/epood\/wp-json\/wp\/v2\/product_brand?post=1578"},{"taxonomy":"product_cat","embeddable":true,"href":"https:\/\/fotografiska.ee\/epood\/wp-json\/wp\/v2\/product_cat?post=1578"},{"taxonomy":"product_tag","embeddable":true,"href":"https:\/\/fotografiska.ee\/epood\/wp-json\/wp\/v2\/product_tag?post=1578"}],"curies":[{"name":"wp","href":"https:\/\/api.w.org\/{rel}","templated":true}]}}