{"id":1575,"date":"2020-12-03T13:51:08","date_gmt":"2020-12-07T10:53:15","guid":{"rendered":"https:\/\/fotografiska.ee\/epood\/?post_type=product&#038;p=1575"},"modified":"2025-11-10T13:25:20","modified_gmt":"2025-11-10T10:25:20","slug":"sebastiao-salgado-the-scent-of-a-dream","status":"publish","type":"product","link":"https:\/\/fotografiska.ee\/epood\/product\/sebastiao-salgado-the-scent-of-a-dream\/","title":{"rendered":"Sebasti\u00e3o Salgado, The Scent of a Dream"},"content":{"rendered":"<p>Sebasti\u00e3o Salgado dokumenteerib raamatus \"Scent of a Dream\" kohvi tootmise traditsioonilisi ning j\u00e4tkusuutlikke meetodeid, n\u00e4idates nende pika ajalooga rituaale ja traditsioone. Raamat sisaldab Salgado pea k\u00fcmnendipikkust fotouurimust kohvi peidetud maailmast, tuues esile sealsed vastastikusel austusel p\u00f5hinevad suhted ning jagatud arusaama, et \u00fcha kvaliteetsemaks muutuval tootmisel on v\u00f5ime parendada inimeste elusid. Olles ise p\u00e4rit \u00fchest Brasiilia peamisest kohvipiirkonnast on Salgado ideaalne teejuht n\u00e4itamaks olulisemaid kohvipiirkondi Hiinas, Colombias, Guatemalas, Etioopias, Indias, Brasiilias, Costa Ricas ja mujalgi.<\/p>\n<p>K\u00f5vakaaneline raamat sisaldab 320 lehek\u00fclge.<\/p>\n","protected":false},"excerpt":{"rendered":"<p>Sebasti\u00e3o Salgado dokumenteerib raamatus \"Scent of a Dream\" kohvi tootmise traditsioonilisi ning j\u00e4tkusuutlikke meetodeid, n\u00e4idates nende pika ajalooga rituaale ja traditsioone. Raamat sisaldab Salgado pea k\u00fcmnendipikkust fotouurimust kohvi peidetud maailmast, tuues esile sealsed vastastikusel austusel p\u00f5hinevad suhted ning jagatud arusaama, et \u00fcha kvaliteetsemaks muutuval tootmisel on v\u00f5ime parendada inimeste elusid. Olles ise p\u00e4rit \u00fchest Brasiilia [&hellip;]<\/p>\n","protected":false},"featured_media":1220,"template":"","meta":{"_acf_changed":false,"inline_featured_image":false},"product_brand":[],"product_cat":[20,339],"product_tag":[],"class_list":{"0":"post-1575","1":"product","2":"type-product","3":"status-publish","4":"has-post-thumbnail","6":"product_cat-raamatud","7":"product_cat-moodunud-naitused","9":"first","10":"outofstock","11":"sale","12":"taxable","13":"shipping-taxable","14":"purchasable","15":"product-type-simple"},"acf":[],"_links":{"self":[{"href":"https:\/\/fotografiska.ee\/epood\/wp-json\/wp\/v2\/product\/1575","targetHints":{"allow":["GET"]}}],"collection":[{"href":"https:\/\/fotografiska.ee\/epood\/wp-json\/wp\/v2\/product"}],"about":[{"href":"https:\/\/fotografiska.ee\/epood\/wp-json\/wp\/v2\/types\/product"}],"wp:featuredmedia":[{"embeddable":true,"href":"https:\/\/fotografiska.ee\/epood\/wp-json\/wp\/v2\/media\/1220"}],"wp:attachment":[{"href":"https:\/\/fotografiska.ee\/epood\/wp-json\/wp\/v2\/media?parent=1575"}],"wp:term":[{"taxonomy":"product_brand","embeddable":true,"href":"https:\/\/fotografiska.ee\/epood\/wp-json\/wp\/v2\/product_brand?post=1575"},{"taxonomy":"product_cat","embeddable":true,"href":"https:\/\/fotografiska.ee\/epood\/wp-json\/wp\/v2\/product_cat?post=1575"},{"taxonomy":"product_tag","embeddable":true,"href":"https:\/\/fotografiska.ee\/epood\/wp-json\/wp\/v2\/product_tag?post=1575"}],"curies":[{"name":"wp","href":"https:\/\/api.w.org\/{rel}","templated":true}]}}