{"id":1572,"date":"2020-12-03T13:50:43","date_gmt":"2020-12-07T10:51:19","guid":{"rendered":"https:\/\/fotografiska.ee\/epood\/?post_type=product&#038;p=1572"},"modified":"2020-12-07T12:51:19","modified_gmt":"2020-12-07T10:51:19","slug":"sebastiao-salgado-children","status":"publish","type":"product","link":"https:\/\/fotografiska.ee\/epood\/product\/sebastiao-salgado-children\/","title":{"rendered":"Sebasti\u00e3o Salgado, Children"},"content":{"rendered":"<p>Raamatus \"Children\" esitleb Sebasti\u00e3o Salgado 90 portreed k\u00f5ige noortematest migrantidest ja p\u00f5genikest. Salgado on portreteerinud p\u00f5genikest lapsi alates Angoola tee\u00e4\u00e4rsetest varjupaikadest kuni puup\u00fcsti t\u00e4is laagriteni Liibanonis, Nende silmadest vaatab vastu nooruse siirus, kuid ka ebakindlus tuleviku osas.<\/p>\n<p>K\u00f5vakaaneline raamat sisaldab 124 lehek\u00fclge.<\/p>\n","protected":false},"excerpt":{"rendered":"<p>Raamatus \"Children\" esitleb Sebasti\u00e3o Salgado 90 portreed k\u00f5ige noortematest migrantidest ja p\u00f5genikest. Salgado on portreteerinud p\u00f5genikest lapsi alates Angoola tee\u00e4\u00e4rsetest varjupaikadest kuni puup\u00fcsti t\u00e4is laagriteni Liibanonis, Nende silmadest vaatab vastu nooruse siirus, kuid ka ebakindlus tuleviku osas. K\u00f5vakaaneline raamat sisaldab 124 lehek\u00fclge.<\/p>\n","protected":false},"featured_media":1218,"template":"","meta":{"_acf_changed":false,"inline_featured_image":false},"product_brand":[],"product_cat":[20,339],"product_tag":[],"class_list":{"0":"post-1572","1":"product","2":"type-product","3":"status-publish","4":"has-post-thumbnail","6":"product_cat-raamatud","7":"product_cat-moodunud-naitused","9":"first","10":"instock","11":"taxable","12":"shipping-taxable","13":"purchasable","14":"product-type-simple"},"acf":[],"_links":{"self":[{"href":"https:\/\/fotografiska.ee\/epood\/wp-json\/wp\/v2\/product\/1572","targetHints":{"allow":["GET"]}}],"collection":[{"href":"https:\/\/fotografiska.ee\/epood\/wp-json\/wp\/v2\/product"}],"about":[{"href":"https:\/\/fotografiska.ee\/epood\/wp-json\/wp\/v2\/types\/product"}],"wp:featuredmedia":[{"embeddable":true,"href":"https:\/\/fotografiska.ee\/epood\/wp-json\/wp\/v2\/media\/1218"}],"wp:attachment":[{"href":"https:\/\/fotografiska.ee\/epood\/wp-json\/wp\/v2\/media?parent=1572"}],"wp:term":[{"taxonomy":"product_brand","embeddable":true,"href":"https:\/\/fotografiska.ee\/epood\/wp-json\/wp\/v2\/product_brand?post=1572"},{"taxonomy":"product_cat","embeddable":true,"href":"https:\/\/fotografiska.ee\/epood\/wp-json\/wp\/v2\/product_cat?post=1572"},{"taxonomy":"product_tag","embeddable":true,"href":"https:\/\/fotografiska.ee\/epood\/wp-json\/wp\/v2\/product_tag?post=1572"}],"curies":[{"name":"wp","href":"https:\/\/api.w.org\/{rel}","templated":true}]}}