{"id":1532,"date":"2020-12-03T13:51:08","date_gmt":"2020-12-07T10:31:59","guid":{"rendered":"https:\/\/fotografiska.ee\/epood\/?post_type=product&#038;p=1532"},"modified":"2020-12-07T12:31:59","modified_gmt":"2020-12-07T10:31:59","slug":"sebastiao-salgado-exodus","status":"publish","type":"product","link":"https:\/\/fotografiska.ee\/epood\/product\/sebastiao-salgado-exodus\/","title":{"rendered":"Sebasti\u00e3o Salgado, Exodus"},"content":{"rendered":"<p>Sebasti\u00e3o Salgado dokumenteeris 6 aasta jooksul 35 riigis inimeste migratsiooni lugusid, alates Hutu rahvast Rwandas, kes 1990. aastate l\u00f5pus olid sunnitud ellu j\u00e4\u00e4miseks Kongo d\u017eunglitesse pagema, kuni esimeste araablaste ja sahara-taguste aafriklaste paatideni, kes \u00fcritasid \u00fcle Vahemere Euroopasse j\u00f5uda. Salgado annab meisterlikult edasi nii p\u00f5genikekriisi \u00fcldise skaala kui ka p\u00f5genike individuaalsed lood.<\/p>\n<p>K\u00f5vakaaneline raamat sisaldab 432 lehek\u00fclge.<\/p>\n","protected":false},"excerpt":{"rendered":"<p>Sebasti\u00e3o Salgado dokumenteeris 6 aasta jooksul 35 riigis inimeste migratsiooni lugusid, alates Hutu rahvast Rwandas, kes 1990. aastate l\u00f5pus olid sunnitud ellu j\u00e4\u00e4miseks Kongo d\u017eunglitesse pagema, kuni esimeste araablaste ja sahara-taguste aafriklaste paatideni, kes \u00fcritasid \u00fcle Vahemere Euroopasse j\u00f5uda. Salgado annab meisterlikult edasi nii p\u00f5genikekriisi \u00fcldise skaala kui ka p\u00f5genike individuaalsed lood. K\u00f5vakaaneline raamat sisaldab [&hellip;]<\/p>\n","protected":false},"featured_media":1222,"template":"","meta":{"_acf_changed":false,"inline_featured_image":false},"product_brand":[],"product_cat":[20,339],"product_tag":[],"class_list":{"0":"post-1532","1":"product","2":"type-product","3":"status-publish","4":"has-post-thumbnail","6":"product_cat-raamatud","7":"product_cat-moodunud-naitused","9":"first","10":"instock","11":"sale","12":"taxable","13":"shipping-taxable","14":"purchasable","15":"product-type-simple"},"acf":[],"_links":{"self":[{"href":"https:\/\/fotografiska.ee\/epood\/wp-json\/wp\/v2\/product\/1532","targetHints":{"allow":["GET"]}}],"collection":[{"href":"https:\/\/fotografiska.ee\/epood\/wp-json\/wp\/v2\/product"}],"about":[{"href":"https:\/\/fotografiska.ee\/epood\/wp-json\/wp\/v2\/types\/product"}],"wp:featuredmedia":[{"embeddable":true,"href":"https:\/\/fotografiska.ee\/epood\/wp-json\/wp\/v2\/media\/1222"}],"wp:attachment":[{"href":"https:\/\/fotografiska.ee\/epood\/wp-json\/wp\/v2\/media?parent=1532"}],"wp:term":[{"taxonomy":"product_brand","embeddable":true,"href":"https:\/\/fotografiska.ee\/epood\/wp-json\/wp\/v2\/product_brand?post=1532"},{"taxonomy":"product_cat","embeddable":true,"href":"https:\/\/fotografiska.ee\/epood\/wp-json\/wp\/v2\/product_cat?post=1532"},{"taxonomy":"product_tag","embeddable":true,"href":"https:\/\/fotografiska.ee\/epood\/wp-json\/wp\/v2\/product_tag?post=1532"}],"curies":[{"name":"wp","href":"https:\/\/api.w.org\/{rel}","templated":true}]}}