{"id":12994,"date":"2022-12-02T22:54:00","date_gmt":"2022-12-02T20:54:00","guid":{"rendered":"https:\/\/fotografiska.ee\/epood\/?post_type=product&#038;p=12994"},"modified":"2024-12-12T14:08:43","modified_gmt":"2024-12-12T12:08:43","slug":"nahast-soogiriistade-vutlar","status":"publish","type":"product","link":"https:\/\/fotografiska.ee\/epood\/product\/nahast-soogiriistade-vutlar\/","title":{"rendered":"Nahast s\u00f6\u00f6giriistade vutlar"},"content":{"rendered":"<p>Nahast s\u00f6\u00f6giriistade vutlar Fotografiska logoga.<\/p>\n<p>Eriti mugav kasutada terrassil nugade-kahvlite hoidmiseks, aga sobib ka pinaliks.<\/p>\n<p>Valminud koost\u00f6\u00f6s Craftory'ga.<\/p>\n","protected":false},"excerpt":{"rendered":"<p>Nahast s\u00f6\u00f6giriistade vutlar Fotografiska logoga. Eriti mugav kasutada terrassil nugade-kahvlite hoidmiseks, aga sobib ka pinaliks. Valminud koost\u00f6\u00f6s Craftory'ga.<\/p>\n","protected":false},"featured_media":12986,"template":"","meta":{"_acf_changed":false,"inline_featured_image":false},"product_brand":[],"product_cat":[376,378,398,309,17],"product_tag":[],"class_list":{"0":"post-12994","1":"product","2":"type-product","3":"status-publish","4":"has-post-thumbnail","6":"product_cat-fotografiska-kollektsioon","7":"product_cat-kingid","8":"product_cat-kureeritud-kingiideed","9":"product_cat-fotografiska-sinu-kodus","10":"product_cat-elustiil","12":"first","13":"instock","14":"taxable","15":"shipping-taxable","16":"purchasable","17":"product-type-simple"},"acf":[],"_links":{"self":[{"href":"https:\/\/fotografiska.ee\/epood\/wp-json\/wp\/v2\/product\/12994","targetHints":{"allow":["GET"]}}],"collection":[{"href":"https:\/\/fotografiska.ee\/epood\/wp-json\/wp\/v2\/product"}],"about":[{"href":"https:\/\/fotografiska.ee\/epood\/wp-json\/wp\/v2\/types\/product"}],"wp:featuredmedia":[{"embeddable":true,"href":"https:\/\/fotografiska.ee\/epood\/wp-json\/wp\/v2\/media\/12986"}],"wp:attachment":[{"href":"https:\/\/fotografiska.ee\/epood\/wp-json\/wp\/v2\/media?parent=12994"}],"wp:term":[{"taxonomy":"product_brand","embeddable":true,"href":"https:\/\/fotografiska.ee\/epood\/wp-json\/wp\/v2\/product_brand?post=12994"},{"taxonomy":"product_cat","embeddable":true,"href":"https:\/\/fotografiska.ee\/epood\/wp-json\/wp\/v2\/product_cat?post=12994"},{"taxonomy":"product_tag","embeddable":true,"href":"https:\/\/fotografiska.ee\/epood\/wp-json\/wp\/v2\/product_tag?post=12994"}],"curies":[{"name":"wp","href":"https:\/\/api.w.org\/{rel}","templated":true}]}}