{"id":12264,"date":"2022-11-22T11:51:17","date_gmt":"2022-11-22T09:51:17","guid":{"rendered":"https:\/\/fotografiska.ee\/epood\/?post_type=product&#038;p=12264"},"modified":"2023-01-23T15:43:28","modified_gmt":"2023-01-23T13:43:28","slug":"mahetaimede-tee-25g","status":"publish","type":"product","link":"https:\/\/fotografiska.ee\/epood\/product\/mahetaimede-tee-25g\/","title":{"rendered":"Mahetaimede tee 25g"},"content":{"rendered":"","protected":false},"excerpt":{"rendered":"<p>Teepaki seest leiad: vaarilehed, piparm\u00fcnt, p\u00f5drakanep, kassinaeri \u00f5is, teekummeli \u00f5is.<\/p>\n<p>Soovi korral magusta meie katuseaia meega.<\/p>\n<p>Meie taimetee on valminud koost\u00f6\u00f6s Tamme taluga.<\/p>\n","protected":false},"featured_media":12286,"template":"","meta":{"_acf_changed":false,"inline_featured_image":false},"product_brand":[],"product_cat":[59,191],"product_tag":[302,301],"class_list":{"0":"post-12264","1":"product","2":"type-product","3":"status-publish","4":"has-post-thumbnail","6":"product_cat-fotografiska-maitsed","7":"product_cat-pagarilt","8":"product_tag-katuseaed","9":"product_tag-tee","11":"first","12":"instock","13":"taxable","14":"shipping-taxable","15":"purchasable","16":"product-type-simple"},"acf":[],"_links":{"self":[{"href":"https:\/\/fotografiska.ee\/epood\/wp-json\/wp\/v2\/product\/12264","targetHints":{"allow":["GET"]}}],"collection":[{"href":"https:\/\/fotografiska.ee\/epood\/wp-json\/wp\/v2\/product"}],"about":[{"href":"https:\/\/fotografiska.ee\/epood\/wp-json\/wp\/v2\/types\/product"}],"wp:featuredmedia":[{"embeddable":true,"href":"https:\/\/fotografiska.ee\/epood\/wp-json\/wp\/v2\/media\/12286"}],"wp:attachment":[{"href":"https:\/\/fotografiska.ee\/epood\/wp-json\/wp\/v2\/media?parent=12264"}],"wp:term":[{"taxonomy":"product_brand","embeddable":true,"href":"https:\/\/fotografiska.ee\/epood\/wp-json\/wp\/v2\/product_brand?post=12264"},{"taxonomy":"product_cat","embeddable":true,"href":"https:\/\/fotografiska.ee\/epood\/wp-json\/wp\/v2\/product_cat?post=12264"},{"taxonomy":"product_tag","embeddable":true,"href":"https:\/\/fotografiska.ee\/epood\/wp-json\/wp\/v2\/product_tag?post=12264"}],"curies":[{"name":"wp","href":"https:\/\/api.w.org\/{rel}","templated":true}]}}