{"id":7146,"date":"2024-10-23T08:35:04","date_gmt":"2024-10-23T05:35:04","guid":{"rendered":"https:\/\/fotografiska.ee\/?page_id=7146"},"modified":"2024-10-23T08:35:05","modified_gmt":"2024-10-23T05:35:05","slug":"shepard-fairey-artist-statement-fi","status":"publish","type":"page","link":"https:\/\/fotografiska.ee\/en\/shepard-fairey-artist-statement-fi\/","title":{"rendered":"SHEPARD FAIREY artist statement FI"},"content":{"rendered":"<p><strong>Shepard Fairey kertoo taiteestaan<\/strong><\/p>\n\n\n\n<p>Fotosynteesi-n\u00e4yttely tarkastelee valokuvan roolia taiteessani koko taiteellisen urani aikana. Olen yhdist\u00e4nyt valokuvaa suureen osaan teoksistani, mukaan lukien piirroksiin, maalauksiin ja printteihin. Olen tehnyt yhteisty\u00f6t\u00e4 valokuvaajien kanssa, ja luonut kuvakollaaseja yhdistelem\u00e4ll\u00e4 valokuvia ja niiden osia toisiinsa. K\u00e4yt\u00e4n monesti teoksissani tulostettuja tai muuten k\u00e4siteltyj\u00e4 valokuvia.<\/p>\n\n\n\n<p>Innostuin valokuvien yhdist\u00e4misest\u00e4 piirroksiin ja maalauksiin kymmenvuotiaana, kun n\u00e4in Chuck Closen fotorealistisen muotokuvan Philip Glassista. Siit\u00e4 hetkest\u00e4 alkaen lukion alkuun saakka arvioin taiteellista kehityst\u00e4ni kuvittajana sen perusteella, miten fotorealistisia teoksia pystyin tekem\u00e4\u00e4n. Kehitt\u00e4ess\u00e4ni tekniikkaani perehdyin valoihin ja varjoihin, s\u00e4vyihin, kompositioon sek\u00e4 aiheen valitsemiseen. Lukion loppupuolella aloin valokuvata toden teolla. Taidekoulussa panostin valokuvaukseen ja harkitsin sen ottamista p\u00e4\u00e4aineeksi, mutta p\u00e4\u00e4dyin kuitenkin valitsemaan kuvittamisen. Rakastin valokuvaamista, mutta koin, ett\u00e4 keskittyminen perinteiseen valokuvaukseen ja vedostustekniikoihin rajoittaisi minua liikaa. Oli niin paljon erilaisia ilmaisuv\u00e4lineit\u00e4 ja tekniikoita, joita halusin kokeilla. Loppujen lopuksi omimmaksi tekniikakseni osoittautui silkkipainotekniikka, jolla olin jo lukioaikana tehnyt erilaisia T-paitakokeiluja. Silkkipainossa pystyn yhdist\u00e4m\u00e4\u00e4n samaan teokseen kuvituksen, graafisen suunnittelun ja valokuvan.<\/p>\n\n\n\n<p>Grafiikka oli luontevaa jatkoa silkkipainotekniikalle. Opintojeni ja itsen\u00e4isen opiskeluni tavoitteeksi olin asettanut sen, ett\u00e4 valokuvani olisivat yht\u00e4 s\u00e4vykk\u00e4it\u00e4 my\u00f6s paperille, puulle ja lasille painettuina. Oikeiden vivahteiden saamiseksi kuviini k\u00e4ytin tummaa ja vaaleaa spraymaalia, joiden avulla korostin filmin utuista rakeisuutta. Taidekouluajoistani on nyt jo vuosia, mutta silkkipainotekniikka on edelleen l\u00e4hell\u00e4 syd\u00e4nt\u00e4ni.<\/p>\n\n\n\n<p>Vaikka kuvani ovat usein pikemminkin grafiikkaa kuin valokuvaa, valokuva on monissa teoksissani keskeisess\u00e4 asemassa. Valtaosa Fotosynteesi-n\u00e4yttelyn kuvista on tietoisia viittauksia opiskeluaikaisiin pohdintoihini. Opiskeluaikoina tulin siihen tulokseen, ett\u00e4 kuvittamisen, valokuvauksen, maalaamisen ja grafiikan ei tarvitse olla erillisi\u00e4 tekniikoita, vaan niit\u00e4 voi yhdistell\u00e4.<\/p>\n\n\n\n<p>Fotosynteesi-n\u00e4yttely luo katsauksen siihen, miten taiteilijanurani aikana olen hy\u00f6dynt\u00e4nyt valokuvaa teoksissani. Esill\u00e4 on my\u00f6s t\u00e4t\u00e4 n\u00e4yttely\u00e4 varten tekemi\u00e4ni teoksia. Niiss\u00e4 olen k\u00e4ytt\u00e4nyt l\u00e4pikuultavia spraymaalikerroksia, joiden avulla olen luonut muotokuville kerroksisen, maalauksellisen ja kollaasimaisen taustan. Tyyliteltyjen figuratiivisten valokuvien ja abstraktien maalauksellisten taustojen yhteisvaikutus pehment\u00e4\u00e4 eri tyylien v\u00e4list\u00e4 kontrastia ja saa aikaan rytmist\u00e4 vaihtelua, jossa eri elementit vuoroin korostuvat ja vuoroin vet\u00e4ytyv\u00e4t taka-alalle. Teoksissani yhdistyv\u00e4t kuvitus ja valokuva, abstrakti ja esitt\u00e4v\u00e4 maalaus.<\/p>","protected":false},"excerpt":{"rendered":"<p>Shepard Fairey kertoo taiteestaan Fotosynteesi-n\u00e4yttely tarkastelee valokuvan roolia taiteessani koko taiteellisen urani aikana. Olen yhdist\u00e4nyt valokuvaa suureen osaan teoksistani, mukaan lukien piirroksiin, maalauksiin ja printteihin. Olen tehnyt yhteisty\u00f6t\u00e4 valokuvaajien kanssa, ja luonut kuvakollaaseja yhdistelem\u00e4ll\u00e4 valokuvia ja niiden osia toisiinsa. K\u00e4yt\u00e4n monesti teoksissani tulostettuja tai muuten k\u00e4siteltyj\u00e4 valokuvia. Innostuin valokuvien yhdist\u00e4misest\u00e4 piirroksiin ja maalauksiin kymmenvuotiaana, kun [&hellip;]<\/p>","protected":false},"author":1,"featured_media":0,"parent":0,"menu_order":0,"comment_status":"closed","ping_status":"closed","template":"","meta":{"inline_featured_image":false,"footnotes":""},"class_list":["post-7146","page","type-page","status-publish","hentry"],"acf":[],"_links":{"self":[{"href":"https:\/\/fotografiska.ee\/en\/wp-json\/wp\/v2\/pages\/7146"}],"collection":[{"href":"https:\/\/fotografiska.ee\/en\/wp-json\/wp\/v2\/pages"}],"about":[{"href":"https:\/\/fotografiska.ee\/en\/wp-json\/wp\/v2\/types\/page"}],"author":[{"embeddable":true,"href":"https:\/\/fotografiska.ee\/en\/wp-json\/wp\/v2\/users\/1"}],"replies":[{"embeddable":true,"href":"https:\/\/fotografiska.ee\/en\/wp-json\/wp\/v2\/comments?post=7146"}],"version-history":[{"count":1,"href":"https:\/\/fotografiska.ee\/en\/wp-json\/wp\/v2\/pages\/7146\/revisions"}],"predecessor-version":[{"id":7147,"href":"https:\/\/fotografiska.ee\/en\/wp-json\/wp\/v2\/pages\/7146\/revisions\/7147"}],"wp:attachment":[{"href":"https:\/\/fotografiska.ee\/en\/wp-json\/wp\/v2\/media?parent=7146"}],"curies":[{"name":"wp","href":"https:\/\/api.w.org\/{rel}","templated":true}]}}