{"id":7141,"date":"2024-10-23T08:31:59","date_gmt":"2024-10-23T05:31:59","guid":{"rendered":"https:\/\/www.fotografiska.ee\/?page_id=7141"},"modified":"2024-10-23T08:32:00","modified_gmt":"2024-10-23T05:32:00","slug":"shepard-fairey-aktivismi-fi","status":"publish","type":"page","link":"https:\/\/fotografiska.ee\/en\/shepard-fairey-aktivismi-fi\/","title":{"rendered":"SHEPARD FAIREY Aktivismi FI"},"content":{"rendered":"<p><strong>Aktivismi<\/strong><\/p>\n\n\n\n<p>Rullalautailun ja punk-liikkeen ansiosta Shephard Fairey ymm\u00e4rsi, ett\u00e4 taiteellisen ilmaisun ja yhteiskunnallisen sanoman voi yhdist\u00e4\u00e4. Opiskellessaan taidekoulussa Fairey tutustui sek\u00e4 graffitiin ett\u00e4 poliittiseen taiteeseen ja alkoi pohtia erilaisia yhteiskunnallisia kysymyksi\u00e4, kuten kulutusta, mukautumista sosiaalisiin normeihin, kest\u00e4vi\u00e4 valintoja, sortoa, korruptiota, osallisuutta ja sananvapautta.<\/p>\n\n\n\n<p>Kun Faireyn katutaidetarrakampanjasta <em>Andre The Giant Gas a Posse<\/em> (1989) yht\u00e4kki\u00e4 tuli kuuluisa, Fairey ymm\u00e4rsi, ett\u00e4 kuluttamiseen ja julkisten tilojen hallintaan liittyv\u00e4n totunnaisen merkkikielen rikkominen voi olla eritt\u00e4in tehokasta ja provosoivaa. Fairey k\u00e4sitti, ett\u00e4 kuvan toistaminen voimistaa sen vaikutusta ja her\u00e4tt\u00e4\u00e4 ihmisten uteliaisuuden. Toistamalla teoksissaan sanaa OBEY (\u2019tottele\u2019) Fairey her\u00e4tteli valtavirtaan mukautuvia ihmisi\u00e4 kyseenalaistamaan auktoriteetteja ja pani heid\u00e4t pohtimaan, mit\u00e4 tai ket\u00e4 heid\u00e4n oikeastaan pit\u00e4isi totella. OBEY-kampanja oli viimeinen silaus Faireyn aktivismille, joka oli saanut kimmokkeensa propagandataiteesta ja ulkomainonnan lainalaisuuksien rikkomisesta.<\/p>\n\n\n\n<p>Fairey toivoo, ett\u00e4 h\u00e4nen taiteensa saisi ihmiset suhtautumaan toisiinsa entist\u00e4 my\u00f6t\u00e4tuntoisemmin ja rohkaisisi heit\u00e4 toimimaan oikeudenmukaisesti. Taiteessaan Fairey tarkastelee oikeudenmukaisuuden k\u00e4sitett\u00e4 eri n\u00e4k\u00f6kulmista ja pohtii muun muassa tulevien sukupolvien oikeutta el\u00e4\u00e4 terveell\u00e4 planeetalla, etnisten v\u00e4hemmist\u00f6jen oikeuksia, sukupuolten v\u00e4list\u00e4 tasa-arvoa sek\u00e4 suuryritysten suhteettoman suurta valtaa yhteiskunnassa. Fairey ajattelee, ett\u00e4 taide on tehokas keino edist\u00e4\u00e4 inhimillisyytt\u00e4. H\u00e4nen aktivisminsa on monialaista. Faireylle on t\u00e4rke\u00e4\u00e4, ett\u00e4 h\u00e4nen taiteellaan on my\u00f6nteisi\u00e4 yhteiskunnallisia vaikutuksia, ja niinp\u00e4 h\u00e4n usein tukee ep\u00e4kaupallisia yhteis\u00f6j\u00e4.<\/p>","protected":false},"excerpt":{"rendered":"<p>Aktivismi Rullalautailun ja punk-liikkeen ansiosta Shephard Fairey ymm\u00e4rsi, ett\u00e4 taiteellisen ilmaisun ja yhteiskunnallisen sanoman voi yhdist\u00e4\u00e4. Opiskellessaan taidekoulussa Fairey tutustui sek\u00e4 graffitiin ett\u00e4 poliittiseen taiteeseen ja alkoi pohtia erilaisia yhteiskunnallisia kysymyksi\u00e4, kuten kulutusta, mukautumista sosiaalisiin normeihin, kest\u00e4vi\u00e4 valintoja, sortoa, korruptiota, osallisuutta ja sananvapautta. Kun Faireyn katutaidetarrakampanjasta Andre The Giant Gas a Posse (1989) yht\u00e4kki\u00e4 tuli [&hellip;]<\/p>","protected":false},"author":1,"featured_media":0,"parent":0,"menu_order":0,"comment_status":"closed","ping_status":"closed","template":"","meta":{"inline_featured_image":false,"footnotes":""},"class_list":["post-7141","page","type-page","status-publish","hentry"],"acf":[],"_links":{"self":[{"href":"https:\/\/fotografiska.ee\/en\/wp-json\/wp\/v2\/pages\/7141"}],"collection":[{"href":"https:\/\/fotografiska.ee\/en\/wp-json\/wp\/v2\/pages"}],"about":[{"href":"https:\/\/fotografiska.ee\/en\/wp-json\/wp\/v2\/types\/page"}],"author":[{"embeddable":true,"href":"https:\/\/fotografiska.ee\/en\/wp-json\/wp\/v2\/users\/1"}],"replies":[{"embeddable":true,"href":"https:\/\/fotografiska.ee\/en\/wp-json\/wp\/v2\/comments?post=7141"}],"version-history":[{"count":1,"href":"https:\/\/fotografiska.ee\/en\/wp-json\/wp\/v2\/pages\/7141\/revisions"}],"predecessor-version":[{"id":7142,"href":"https:\/\/fotografiska.ee\/en\/wp-json\/wp\/v2\/pages\/7141\/revisions\/7142"}],"wp:attachment":[{"href":"https:\/\/fotografiska.ee\/en\/wp-json\/wp\/v2\/media?parent=7141"}],"curies":[{"name":"wp","href":"https:\/\/api.w.org\/{rel}","templated":true}]}}