{"id":7041,"date":"2024-09-05T15:31:54","date_gmt":"2024-09-05T12:31:54","guid":{"rendered":"https:\/\/fotografiska.ee\/?page_id=7041"},"modified":"2024-09-13T15:40:01","modified_gmt":"2024-09-13T12:40:01","slug":"cloe-jancis-fi","status":"publish","type":"page","link":"https:\/\/fotografiska.ee\/en\/cloe-jancis-fi\/","title":{"rendered":"Cloe Jancis-FI"},"content":{"rendered":"<p><strong>Cloe Jancis<\/strong><\/p>\n\n\n\n<p>synt. 1992, Viro<\/p>\n\n\n\n<p>Videoinstallaatiossa \u201dIho, joka sopii kuin valettu\u201d tutkitaan ihonv\u00e4risi\u00e4 tuotteita, joita nykyinen meikki- ja muotiteollisuus ovat tulvillaan. Tuotteiden on tarkoitus sulautua ihonv\u00e4riin ja korostaa tiettyj\u00e4 ruumiinosia tai h\u00e4ivytt\u00e4\u00e4 niiden puutteita. Teoksen synnyn taustalla on ristiriita, joka n\u00e4ytt\u00e4ytyy silloin, kun huomaamattomiksi tarkoitetut tuotteet eiv\u00e4t t\u00e4ydenn\u00e4k\u00e4\u00e4n kehon muotoja, vaan alkavat hallita niit\u00e4 ja muuttuvat kehon keinotekoiseksi kuoreksi. Installaatio muistuttaa n\u00e4ytt\u00e4m\u00f6\u00e4. Ytimess\u00e4 on jatkuva pyrkimys t\u00e4ydellisyyteen. Teoksessa vaatteet n\u00e4hd\u00e4\u00e4n materiaalina, jonka avulla pyrit\u00e4\u00e4n saamaan aikaan miellytt\u00e4v\u00e4n n\u00e4k\u00f6inen lopputulos. Teoksessa t\u00e4m\u00e4n materiaalin ja kehon v\u00e4lille syntyy vuoropuhelu. Huomio kiinnittyy etenkin alkuvalmisteluihin, joiden aikana materiaali pyrkii muokkaamaan, s\u00e4\u00e4telem\u00e4\u00e4n ja t\u00e4ydent\u00e4m\u00e4\u00e4n kehoa kehon omistajan toiveiden mukaisesti. Vaatteiden toistuvan sovittamisen kautta installaatio tarkastelee t\u00e4ydellisyyden tavoittelua ja arvostelee kyltym\u00e4t\u00f6nt\u00e4 kauneuden havittelua.<\/p>\n\n\n\n<p>Cloe Jancis (s. 1992) on virolainen taiteilija, jonka tuotantoon kuuluu valokuvataidetta, videotaidetta, piirroksia ja installaatioita. Jancisin taiteen keski\u00f6ss\u00e4 on naisen asema yhteiskunnassa ja visuaalisessa viestinn\u00e4ss\u00e4, naisen roolit arjessa, yhteiskunnan odotukset, naisellisuuden myytti sek\u00e4 n\u00e4ihin aihepiireihin liittyv\u00e4t mielenmaisemat. Viime aikoina Jancis on k\u00e4sitellyt taiteessaan etenkin kauneuteen liittyvi\u00e4 rituaaleja, joilla naisellisuutta pyrit\u00e4\u00e4n ilment\u00e4m\u00e4\u00e4n. Jancis on suorittanut Viron taideakatemiassa kandidaatintutkinnon valokuvataiteen alalta (2018) ja maisterintutkinnon vapaiden taiteiden tiedekunnassa (2024).<\/p>\n\n\n\n<p>\u201dIho, joka sopii kuin valettu\u201d , 2020<\/p>","protected":false},"excerpt":{"rendered":"<p>Cloe Jancis synt. 1992, Viro Videoinstallaatiossa \u201dIho, joka sopii kuin valettu\u201d tutkitaan ihonv\u00e4risi\u00e4 tuotteita, joita nykyinen meikki- ja muotiteollisuus ovat tulvillaan. Tuotteiden on tarkoitus sulautua ihonv\u00e4riin ja korostaa tiettyj\u00e4 ruumiinosia tai h\u00e4ivytt\u00e4\u00e4 niiden puutteita. Teoksen synnyn taustalla on ristiriita, joka n\u00e4ytt\u00e4ytyy silloin, kun huomaamattomiksi tarkoitetut tuotteet eiv\u00e4t t\u00e4ydenn\u00e4k\u00e4\u00e4n kehon muotoja, vaan alkavat hallita niit\u00e4 ja [&hellip;]<\/p>","protected":false},"author":1,"featured_media":0,"parent":0,"menu_order":0,"comment_status":"closed","ping_status":"closed","template":"","meta":{"inline_featured_image":false,"footnotes":""},"class_list":["post-7041","page","type-page","status-publish","hentry"],"acf":[],"_links":{"self":[{"href":"https:\/\/fotografiska.ee\/en\/wp-json\/wp\/v2\/pages\/7041"}],"collection":[{"href":"https:\/\/fotografiska.ee\/en\/wp-json\/wp\/v2\/pages"}],"about":[{"href":"https:\/\/fotografiska.ee\/en\/wp-json\/wp\/v2\/types\/page"}],"author":[{"embeddable":true,"href":"https:\/\/fotografiska.ee\/en\/wp-json\/wp\/v2\/users\/1"}],"replies":[{"embeddable":true,"href":"https:\/\/fotografiska.ee\/en\/wp-json\/wp\/v2\/comments?post=7041"}],"version-history":[{"count":3,"href":"https:\/\/fotografiska.ee\/en\/wp-json\/wp\/v2\/pages\/7041\/revisions"}],"predecessor-version":[{"id":7110,"href":"https:\/\/fotografiska.ee\/en\/wp-json\/wp\/v2\/pages\/7041\/revisions\/7110"}],"wp:attachment":[{"href":"https:\/\/fotografiska.ee\/en\/wp-json\/wp\/v2\/media?parent=7041"}],"curies":[{"name":"wp","href":"https:\/\/api.w.org\/{rel}","templated":true}]}}