{"id":7027,"date":"2024-08-31T11:22:27","date_gmt":"2024-08-31T08:22:27","guid":{"rendered":"https:\/\/fotografiska.ee\/?page_id=7027"},"modified":"2024-09-12T22:54:47","modified_gmt":"2024-09-12T19:54:47","slug":"polly-irungu-fi","status":"publish","type":"page","link":"https:\/\/fotografiska.ee\/en\/polly-irungu-fi\/","title":{"rendered":"Polly Irungu-FI"},"content":{"rendered":"<p><strong>L\u00e4het\u00e4 alastonkuvia \u2013 tarve valloittaa musta naiskeho takaisin<\/strong><\/p>\n\n\n\n<p>Kenian kasvavalla modernin kuvataiteen kent\u00e4ll\u00e4 miestaiteilijat rakentavat yh\u00e4 mustan naisvartalon yliseksualisointiin perustuvaa estetiikkaa. Nairobin uuden kuvataidekent\u00e4n karttana usein ylistetyt, torilla t\u00f6it\u00e4 tekevi\u00e4 naisia esitt\u00e4v\u00e4t maalaukset on kiinnitetty pysyv\u00e4sti kaupungin huomattavimpien rakennusten seinille, kuten Kenian kansallismuseoon.<\/p>\n\n\n\n<p>N\u00e4ihin maalauksiin el\u00e4m\u00e4\u00e4 puhaltavan, hehkuvan v\u00e4ripaletin takana piilee kuitenkin toinen totuus. Useimmat maalauksia inspiroineista naisista on taltioitu niihin ilman heid\u00e4n lupaansa. Jos niit\u00e4 katsoo kyllin l\u00e4helt\u00e4, voi huomata, ett\u00e4 naiset ovat k\u00e4\u00e4nt\u00e4neet katsojalle selk\u00e4ns\u00e4 toisintaen tirkistelev\u00e4n mieskatseen tuijotuksen. Mustat naiset ovat objekteja, jotka on asetettu maalarin ja sit\u00e4 kautta h\u00e4nen miespuolisen yleis\u00f6ns\u00e4 kulutettaviksi. Taidemaailma puolestaan myy torimaalauksia yh\u00e4 valheellisesti kunnianosoituksena afrikkalaisnaisille.<\/p>\n\n\n\n<p>T\u00e4m\u00e4 ei ole yksitt\u00e4inen v\u00e4\u00e4ristym\u00e4. L\u00e4pi kuvataiteen historian naisten kuvauksia on liioiteltu ja k\u00e4ytetty miesten nautintoon. Brittil\u00e4inen feministielokuvateoreetikko Laura Mulvey kehitti vuonna 1975 julkaistussa esseess\u00e4\u00e4n <em>Visual Pleasure and Narrative Cinema <\/em>termin \u201dmale gaze\u201d, jolla kuvasi valtavirtaan hyv\u00e4ksyttyj\u00e4, miesten luomia kuvauksia naisista. \u201cSeksuaalisen ep\u00e4tasapainon j\u00e4rjest\u00e4m\u00e4ss\u00e4 maailmassa katsomiseen liittyv\u00e4 nautinto on jaettu aktiivisen\/maskuliinisen ja passiivisen\/feminiinisen v\u00e4lille.\u201d Esimerkkin\u00e4 siit\u00e4 aktivistiryhm\u00e4 Guerilla Girls j\u00e4rjesti vuonna 1989 hankkeen nimelt\u00e4 <em>Do Women Have to be Naked to Get Into the Met? <\/em>ja tuli paljastaneeksi, ett\u00e4 naiset olivat tuottaneet vain 5 % New Yorkin Metiss\u00e4 olevasta taiteesta, mutta k\u00e4sitt\u00e4m\u00e4tt\u00f6m\u00e4t 85 % sen seinill\u00e4 riippuvista alastonkuvista esitti naishahmoja.<\/p>\n\n\n\n<p>Esseess\u00e4\u00e4n <em>The Female Gaze<\/em> Maddy Chelmis selitt\u00e4\u00e4, ett\u00e4 \u2018male gaze\u2019 \u201cvuotaa arkiel\u00e4m\u00e4\u00e4n ja vaikuttaa moniin muihin el\u00e4m\u00e4n elementteihin my\u00f6s elokuvien ja maalausten ulkopuolella\u201d. Heteroseksuaalisen miehen silmiss\u00e4 naisen arvo perustuu t\u00e4m\u00e4n ulkon\u00e4k\u00f6\u00f6n. T\u00e4m\u00e4 osuva huomio synnytt\u00e4\u00e4 ristiriidan: voiko alaston, musta naishahmo keksi\u00e4 itsens\u00e4 uudelleen tekem\u00e4tt\u00e4 itsest\u00e4\u00e4n objektia?<\/p>\n\n\n\n<p>Vastaukseni on kyll\u00e4. Toisin kuin miehen katse, naisen katse asemoi mustan naistaiteilijan taiteilijan rooliin, kuten nigerialaisen valokuvaaja Jenevieve Akenin omakuvien sarjassa, joka sai inspiraationsa nuoren Elvira Orlandinin raa\u2019asta raiskauksesta ja murhasta. Akenin alastonkuvat ovat h\u00e4nen mielikuvituksensa jatke. Kuvatessaan aidosti alastonta itse\u00e4\u00e4n Aken k\u00e4ytt\u00e4\u00e4 spektaakkelia strategiana, joka antaa \u201ckaikupohjaa joka p\u00e4iv\u00e4 v\u00e4\u00e4ryyksist\u00e4 k\u00e4rsiville naisille sek\u00e4 naisille, joiden t\u00e4ytyy yh\u00e4 taistella tullakseen kuulluksi ja n\u00e4hdyksi.\u201d<\/p>\n\n\n\n<p>Jotkut voivat v\u00e4itt\u00e4\u00e4, ett\u00e4 spektaakkelin luominen alastomuuden avulla h\u00e4m\u00e4rt\u00e4\u00e4 mustan narratiivia, jota mustat naistaiteilijat haluavat edustaa, ja vahvistaa yliseksualisointiamme.<\/p>\n\n\n\n<p>Spektaakkelin sek\u00e4 narratiivin esitt\u00e4minen visuaalisessa muodossa voi kuitenkin vahvistaa molempia. Esseess\u00e4\u00e4n <em>The <\/em><em>importance of Spectacle: Why #menaretrash is important <\/em>Mumbi Kanyogo kirjoittaa, ett\u00e4 \u201cennen historiassa afrikkalaisnaiset, kuten Wangari Maathai ja Igbo-naissoturit, k\u00e4yttiv\u00e4t spektaakkelia alastoman protestin muodossa her\u00e4tt\u00e4\u00e4kseen patriarkaalisen yhteiskunnan huomaamaan heid\u00e4n olemassaolonsa ja vaatimuksensa\u201d. T\u00e4m\u00e4n pohdinnan ohjaamana Jenevieve Akeniin ja muiden afrikkalaisnaisiin henkil\u00f6ityv\u00e4 alastomien protestien k\u00e4ytt\u00e4minen esi\u00e4itimme tapaan voi voimallaan horjuttaa vallitsevaa j\u00e4rjestyst\u00e4.<\/p>\n\n\n\n<p>Kaikki alastonta vartaloa kuvaavat naiset eiv\u00e4t ole kiinnostuneita sen lumovoimasta. Esimerkkin\u00e4 siit\u00e4 toimivat vaikkapa Joana Choumalin valokuvakollaasit. Alastomat totuudet, joita miestaiteilijat pit\u00e4v\u00e4t arvottomina, asetetaan niiss\u00e4 kaikkien n\u00e4kyville. Choumalin katseen kautta n\u00e4iden naisten vatsamakkarat, ep\u00e4symmetriset rinnat ja h\u00e4pykarvat ovat maalauksen arvoisia. Ne eiv\u00e4t vain torju miehist\u00e4 katsetta, vaan rohkenevat kyseenalaistaa ja korostaa fyysist\u00e4 hyv\u00e4ksynt\u00e4\u00e4.<\/p>\n\n\n\n<p>Toisaalta jotkut mustat naistaiteilijat haluavat tutkia seksuaalisuutta ja eroottisuutta naisen n\u00e4k\u00f6kulmasta. Yhteisen\u00e4 nimitt\u00e4j\u00e4n\u00e4 toimii kuitenkin se, ett\u00e4 miehist\u00e4 katsetta torjuva kapina johtaa lopulta mustan naisvartalon vapautukseen ja arvostamiseen. Polly Irungu on Keniassa syntynyt multimediatoimittaja ja digitaalinen toimittaja, joka perusti maailmanlaajuisen <em>Black Women Photographers <\/em>-yhteis\u00f6n sek\u00e4 mustien naisvalokuvaajien ja muunsukupuolisten valokuvaajien verkkotietokannan.<\/p>","protected":false},"excerpt":{"rendered":"<p>L\u00e4het\u00e4 alastonkuvia \u2013 tarve valloittaa musta naiskeho takaisin Kenian kasvavalla modernin kuvataiteen kent\u00e4ll\u00e4 miestaiteilijat rakentavat yh\u00e4 mustan naisvartalon yliseksualisointiin perustuvaa estetiikkaa. Nairobin uuden kuvataidekent\u00e4n karttana usein ylistetyt, torilla t\u00f6it\u00e4 tekevi\u00e4 naisia esitt\u00e4v\u00e4t maalaukset on kiinnitetty pysyv\u00e4sti kaupungin huomattavimpien rakennusten seinille, kuten Kenian kansallismuseoon. N\u00e4ihin maalauksiin el\u00e4m\u00e4\u00e4 puhaltavan, hehkuvan v\u00e4ripaletin takana piilee kuitenkin toinen totuus. Useimmat [&hellip;]<\/p>","protected":false},"author":1,"featured_media":0,"parent":0,"menu_order":0,"comment_status":"closed","ping_status":"closed","template":"","meta":{"inline_featured_image":false,"footnotes":""},"class_list":["post-7027","page","type-page","status-publish","hentry"],"acf":[],"_links":{"self":[{"href":"https:\/\/fotografiska.ee\/en\/wp-json\/wp\/v2\/pages\/7027"}],"collection":[{"href":"https:\/\/fotografiska.ee\/en\/wp-json\/wp\/v2\/pages"}],"about":[{"href":"https:\/\/fotografiska.ee\/en\/wp-json\/wp\/v2\/types\/page"}],"author":[{"embeddable":true,"href":"https:\/\/fotografiska.ee\/en\/wp-json\/wp\/v2\/users\/1"}],"replies":[{"embeddable":true,"href":"https:\/\/fotografiska.ee\/en\/wp-json\/wp\/v2\/comments?post=7027"}],"version-history":[{"count":2,"href":"https:\/\/fotografiska.ee\/en\/wp-json\/wp\/v2\/pages\/7027\/revisions"}],"predecessor-version":[{"id":7087,"href":"https:\/\/fotografiska.ee\/en\/wp-json\/wp\/v2\/pages\/7027\/revisions\/7087"}],"wp:attachment":[{"href":"https:\/\/fotografiska.ee\/en\/wp-json\/wp\/v2\/media?parent=7027"}],"curies":[{"name":"wp","href":"https:\/\/api.w.org\/{rel}","templated":true}]}}