{"id":7009,"date":"2024-08-31T11:19:07","date_gmt":"2024-08-31T08:19:07","guid":{"rendered":"https:\/\/fotografiska.ee\/?page_id=7009"},"modified":"2024-09-13T15:39:18","modified_gmt":"2024-09-13T12:39:18","slug":"pinky-kinky-fi","status":"publish","type":"page","link":"https:\/\/fotografiska.ee\/en\/pinky-kinky-fi\/","title":{"rendered":"pinky kinky-fi"},"content":{"rendered":"<p><strong>Suhteettoman hoikista kehoista siev\u00e4n seksikk\u00e4isiin yksityiskuviin \u2013 pohdintaa alastomuudesta kiinalaisessa taiteessa<\/strong><\/p>\n\n\n\n<p>Klassisessa kiinalaisessa maalaustaiteessa naiskeho on yleens\u00e4 eleganttien vaatekerrosten peitt\u00e4m\u00e4 ja hyvin hoikka. Se n\u00e4ytt\u00e4\u00e4 pysyv\u00e4sti murheelliselta, surumieliselt\u00e4 ja yksin\u00e4iselt\u00e4. Shunga (eroottiset kuvat) on ainoa taiteen lajityyppi, joka piti sis\u00e4ll\u00e4\u00e4n alastomuutta, ja se oli osa jo Han-dynastian hautamaalauksia (per\u00e4isin n. 2&nbsp;000 vuoden takaa). Ming-dynastian maalarit kopioivat sit\u00e4 ahkerasti ja levittiv\u00e4t kuvia hienoston keskuuteen sill\u00e4kin uhalla, ett\u00e4 olisivat voineet tulla tuomituiksi moraalisesta rappeutumisesta.<\/p>\n\n\n\n<p>Vuosisatoja my\u00f6hemmin naispuolinen alastomuus on yh\u00e4 tabu kiinalaisessa nyky-yhteiskunnassa. Vuonna 1920 taiteilija ja opettaja Liu Haisu toi ensimm\u00e4isen naispuolisen alastonmallin Shanghain taidekouluun. Kurssi kiellettiin pian Liun vastalauseista huolimatta, mutta nyky-Kiinan historiassa h\u00e4nen vastustuksensa kaikuisi paljon kauemmas ja pidemm\u00e4lle. Vuonna 1988 Beijingiss\u00e4 avautui 128 alastonmaalauksesta koostuva n\u00e4yttely. Se synnytti kiihkeit\u00e4 v\u00e4ittelyit\u00e4 taiteesta vapauden ilmaisuna ja taiteena, joka viittaa perinteisiin hyveisiin. Viime vuosina monet taiteilijat \u2013 etenkin naistaiteilijat \u2013 ovat ottaneet alastoman kehon osaksi taiteellista kielt\u00e4\u00e4n ja ilmaisseet sen avulla n\u00e4kemyksi\u00e4\u00e4n identiteetist\u00e4 ja tasa-arvosta, ja k\u00e4ytt\u00e4neet henkil\u00f6kohtaista \u00e4\u00e4nt\u00e4\u00e4n puhuakseen poliittisista ja sosiaalisista ongelmista.<\/p>\n\n\n\n<p>Vuonna 2016 Wang Yingying t\u00e4ytti 40 vuotta. Sosiaalisessa mediassa julkaisemansa ilmoituksen kautta h\u00e4n ker\u00e4si 36 naista eri puolilta Kiinaa ja otti heist\u00e4 alastonkuvia. <em>Born in 1976 <\/em>on rehellinen kuvaessee naiskehosta aidossa, alastomassa muodossaan. Wangin mustavalkoisissa muotokuvissa voi erottaa Mapplethorpen kuvista tutun tavan kuvata ihmiskehoa \u2013 ne ovat painavia ja kauniita, mutta ne ovat naisten kehoja.<\/p>\n\n\n\n<p>Japanilainen \u201cyksityisvalokuvaus\u201d on vaikuttanut vahvasti uuteen kiinalaisvalokuvaajien sukupolveen. Sarjassaan <em>The Unbearable &amp; Bees<\/em> kiinalainen valokuvaaja Chen Zhen kuvasi itse\u00e4\u00e4n ja viiltelemi\u00e4\u00e4n kehonosia yritt\u00e4en hyv\u00e4ksy\u00e4 haavoitetun kehonsa ja levottoman sielunsa. Coca Dai puolestaan johti vuosikymmenen mittaista valokuvausprojektia, johon otti kuvia vaimostaan Judy Zhusta. Arkiset kuvat seuraavat rakkauden, vihan, \u00e4rtymyksen ja tyyneyden v\u00e4lill\u00e4 heilahtelevaa Judya, jonka keho kasvoi nuoresta naisesta nuoreksi \u00e4idiksi. Muut taiteilijat ovat yritt\u00e4neet antaa uutta muotoa sukupuolirakenteiden sosiokulttuuriselle luonteelle yksityisten visuaalisten kokeiluidensa kautta - esimerkkin\u00e4 Li Yushin sosiaalinen kokeilu Tinderiss\u00e4 ja Pixy Liaon ja h\u00e4nen poikayst\u00e4v\u00e4ns\u00e4 Moron siev\u00e4n seksikk\u00e4\u00e4t asennot.<\/p>\n\n\n\n<p>Nyky\u00e4\u00e4n satojen miljoonien nuorten kiinalaisten \u00e4lypuhelink\u00e4ytt\u00e4jien joukossa Photoshop ja kauneuskamerasovellukset ovat toiminnoista halutuimpia. Kun Chen Man, Kiinan johtava muotikuvaaja, teki l\u00e4pimurtonsa vuonna 2003, h\u00e4n k\u00e4ytti kuukausia kuviensa digitaalisiin korjauksiin. Nyky\u00e4\u00e4n Luo Yangin kaltaiset valokuvaajat kuvaavat tatuointien ja l\u00e4vistysten peitt\u00e4mi\u00e4 mallejaan aidossa ymp\u00e4rist\u00f6ss\u00e4\u00e4n. Xin Jiassa syntynyt ja New Yorkissa opiskellut nuori valokuvaaja Ma Hailun on puolestaan k\u00e4\u00e4nt\u00e4nyt kameransa kohti etnisi\u00e4 ryhmi\u00e4 l\u00f6yt\u00e4\u00e4kseen muistoja ja kauneutta, ei ajaakseen pois pahoja henki\u00e4.<\/p>\n\n\n\n<p>Kiina muuttuu taloudelliseksi supervallaksi, mutta sen kulttuuri on viime vuosina joutunut aiempaa ankaramman sensuurin ja hallinnan kohteeksi. Kev\u00e4\u00e4ll\u00e4 vuonna 2021 kiinalainen kulttuuripolitiikka otti suuren harppauksen taaksep\u00e4in, kun taiteilija Zhuang Huin videoteos, jossa keski-ik\u00e4inen taiteilija k\u00e4veli alasti luonnossa, peitettiin mosaiikilla. Keho on yh\u00e4 taistelukentt\u00e4 \u2013 nyt enemm\u00e4n kuin koskaan ennen.<\/p>\n\n\n\n<p>Kaimei Olsson Wang on Shanghaissa asuva taidekriitikko ja freelance-kuraattori. Valokuvauksen lis\u00e4ksi h\u00e4n on kirjailija ja k\u00e4\u00e4nt\u00e4j\u00e4, ja ty\u00f6skentelee er\u00e4\u00e4ll\u00e4 Kiinan suurimmista elokuvafestivaaleista.<\/p>","protected":false},"excerpt":{"rendered":"<p>Suhteettoman hoikista kehoista siev\u00e4n seksikk\u00e4isiin yksityiskuviin \u2013 pohdintaa alastomuudesta kiinalaisessa taiteessa Klassisessa kiinalaisessa maalaustaiteessa naiskeho on yleens\u00e4 eleganttien vaatekerrosten peitt\u00e4m\u00e4 ja hyvin hoikka. Se n\u00e4ytt\u00e4\u00e4 pysyv\u00e4sti murheelliselta, surumieliselt\u00e4 ja yksin\u00e4iselt\u00e4. Shunga (eroottiset kuvat) on ainoa taiteen lajityyppi, joka piti sis\u00e4ll\u00e4\u00e4n alastomuutta, ja se oli osa jo Han-dynastian hautamaalauksia (per\u00e4isin n. 2&nbsp;000 vuoden takaa). Ming-dynastian maalarit [&hellip;]<\/p>","protected":false},"author":1,"featured_media":0,"parent":0,"menu_order":0,"comment_status":"closed","ping_status":"closed","template":"","meta":{"inline_featured_image":false,"footnotes":""},"class_list":["post-7009","page","type-page","status-publish","hentry"],"acf":[],"_links":{"self":[{"href":"https:\/\/fotografiska.ee\/en\/wp-json\/wp\/v2\/pages\/7009"}],"collection":[{"href":"https:\/\/fotografiska.ee\/en\/wp-json\/wp\/v2\/pages"}],"about":[{"href":"https:\/\/fotografiska.ee\/en\/wp-json\/wp\/v2\/types\/page"}],"author":[{"embeddable":true,"href":"https:\/\/fotografiska.ee\/en\/wp-json\/wp\/v2\/users\/1"}],"replies":[{"embeddable":true,"href":"https:\/\/fotografiska.ee\/en\/wp-json\/wp\/v2\/comments?post=7009"}],"version-history":[{"count":2,"href":"https:\/\/fotografiska.ee\/en\/wp-json\/wp\/v2\/pages\/7009\/revisions"}],"predecessor-version":[{"id":7109,"href":"https:\/\/fotografiska.ee\/en\/wp-json\/wp\/v2\/pages\/7009\/revisions\/7109"}],"wp:attachment":[{"href":"https:\/\/fotografiska.ee\/en\/wp-json\/wp\/v2\/media?parent=7009"}],"curies":[{"name":"wp","href":"https:\/\/api.w.org\/{rel}","templated":true}]}}