{"id":6998,"date":"2024-08-31T11:12:36","date_gmt":"2024-08-31T08:12:36","guid":{"rendered":"https:\/\/fotografiska.ee\/?page_id=6998"},"modified":"2024-09-12T22:47:18","modified_gmt":"2024-09-12T19:47:18","slug":"marie-hald-fi","status":"publish","type":"page","link":"https:\/\/fotografiska.ee\/en\/marie-hald-fi\/","title":{"rendered":"Marie Hald-FI"},"content":{"rendered":"<p><strong>Marie Hald<br><\/strong>synt. 1987, Tanska<\/p>\n\n\n\n<p>He kielt\u00e4ytyv\u00e4t h\u00e4pe\u00e4m\u00e4st\u00e4 ja piiloutumasta. He ovat saaneet tarpeekseen karjumisesta, tuijotuksesta ja halveksunnasta. He eiv\u00e4t suostu en\u00e4\u00e4 olemaan pilkan ja vihan kohteina sosiaalisessa mediassa.<\/p>\n\n\n\n<p>\u201cYst\u00e4v\u00e4ni oli lihavuusaktivisti ja h\u00e4n esitteli minut yhteis\u00f6lle, johon kuului (enimm\u00e4kseen) itse\u00e4\u00e4n lihavuusmy\u00f6nteisiksi, kehomy\u00f6nteisiksi tai lihavuusaktivisteiksi kutsuvia naisia. H\u00e4n opetti minulle kokonaan uuden kielen. H\u00e4n oli lihava ja halusi vallata tuon saan takaisin. H\u00e4n halusi ottaa sen takaisin, koska omien sanojensa mukaan sana \u2018lihava\u2019 on tapa kuvata kehoja \u2013 kuten \u201cminulla on tummat hiukset\u201d tai \u201colen pitk\u00e4\u201d.<\/p>\n\n\n\n<p><em>I Am Fat<\/em> -valokuvasarjassa tanskalainen valokuvaaja Marie Hald kuvaa naisia, jotka haluavat el\u00e4\u00e4 lihavissa kehoissaan yritt\u00e4m\u00e4tt\u00e4 muuttua tai pienenty\u00e4. Osa heist\u00e4 on Instagram-aktivisteja, jotka ovat p\u00e4\u00e4tt\u00e4neet olla julkaisematta vain kasvojaan esitt\u00e4vi\u00e4 selfieit\u00e4, vaan n\u00e4ytt\u00e4\u00e4 my\u00f6s kehonsa \u2013 jopa bikineiss\u00e4 rannalla. Osa heist\u00e4 yritt\u00e4\u00e4 muuttaa yhteiskuntaa arjessaan \u201cvain olemalla olemassa kehossaan\u201d.<br><em>Marte floating in water, Oslo<\/em>, sarjasta<em> I Am Fat, <\/em>2019<br><em>Helene in the bath, Copenhagen,<\/em> sarjasta <em>I Am Fat, <\/em>2017<\/p>\n\n\n\n<p><em>Fat is beautiful, Matilda, Malm\u00f6<\/em>, sarjasta <em>I Am Fat, <\/em>2019<br><em>Marte, Oslo<\/em>, sarjasta <em>I Am Fat, <\/em>2019<\/p>","protected":false},"excerpt":{"rendered":"<p>Marie Haldsynt. 1987, Tanska He kielt\u00e4ytyv\u00e4t h\u00e4pe\u00e4m\u00e4st\u00e4 ja piiloutumasta. He ovat saaneet tarpeekseen karjumisesta, tuijotuksesta ja halveksunnasta. He eiv\u00e4t suostu en\u00e4\u00e4 olemaan pilkan ja vihan kohteina sosiaalisessa mediassa. \u201cYst\u00e4v\u00e4ni oli lihavuusaktivisti ja h\u00e4n esitteli minut yhteis\u00f6lle, johon kuului (enimm\u00e4kseen) itse\u00e4\u00e4n lihavuusmy\u00f6nteisiksi, kehomy\u00f6nteisiksi tai lihavuusaktivisteiksi kutsuvia naisia. H\u00e4n opetti minulle kokonaan uuden kielen. H\u00e4n oli lihava [&hellip;]<\/p>","protected":false},"author":1,"featured_media":0,"parent":0,"menu_order":0,"comment_status":"closed","ping_status":"closed","template":"","meta":{"inline_featured_image":false,"footnotes":""},"class_list":["post-6998","page","type-page","status-publish","hentry"],"acf":[],"_links":{"self":[{"href":"https:\/\/fotografiska.ee\/en\/wp-json\/wp\/v2\/pages\/6998"}],"collection":[{"href":"https:\/\/fotografiska.ee\/en\/wp-json\/wp\/v2\/pages"}],"about":[{"href":"https:\/\/fotografiska.ee\/en\/wp-json\/wp\/v2\/types\/page"}],"author":[{"embeddable":true,"href":"https:\/\/fotografiska.ee\/en\/wp-json\/wp\/v2\/users\/1"}],"replies":[{"embeddable":true,"href":"https:\/\/fotografiska.ee\/en\/wp-json\/wp\/v2\/comments?post=6998"}],"version-history":[{"count":3,"href":"https:\/\/fotografiska.ee\/en\/wp-json\/wp\/v2\/pages\/6998\/revisions"}],"predecessor-version":[{"id":7066,"href":"https:\/\/fotografiska.ee\/en\/wp-json\/wp\/v2\/pages\/6998\/revisions\/7066"}],"wp:attachment":[{"href":"https:\/\/fotografiska.ee\/en\/wp-json\/wp\/v2\/media?parent=6998"}],"curies":[{"name":"wp","href":"https:\/\/api.w.org\/{rel}","templated":true}]}}