{"id":6997,"date":"2024-08-31T11:12:00","date_gmt":"2024-08-31T08:12:00","guid":{"rendered":"https:\/\/fotografiska.ee\/?page_id=6997"},"modified":"2024-09-12T22:47:45","modified_gmt":"2024-09-12T19:47:45","slug":"ina-jang-fi","status":"publish","type":"page","link":"https:\/\/fotografiska.ee\/en\/ina-jang-fi\/","title":{"rendered":"Ina Jang-FI"},"content":{"rendered":"<p><strong>Ina Jang<\/strong><\/p>\n\n\n\n<p>synt. 1982, Etel\u00e4-Korea<br><br><\/p>\n\n\n\n<p><em>Utopia<\/em> on valokuvallinen tutkielma japanilaisissa soft-core-pornolehdiss\u00e4 esiintyvien naisten vartaloista. Ina Jangin tuotanto navigoi n\u00e4iden naisten kuvauksien ja lajityypin rakentaman feminiinisyyden maastossa, ja kyseenalaistaa suhteemme naiskehojen stereotyyppisiin kuvauksiin. Keskittym\u00e4ll\u00e4 passiiviseen kehonkieleen sek\u00e4 l\u00e4hdemateriaalin herkk\u00e4\u00e4n v\u00e4ripalettiin h\u00e4n tutkii toistoista ja ylituttavallista miehist\u00e4 katsetta.<\/p>\n\n\n\n<p><em>Utopiassa<\/em> perinteisten naisia esitt\u00e4vien alastonkuvien idea on kulkenut useiden kerrosten ja medioiden l\u00e4pi. Kollaasin ja valokuvauksen dynaaminen prosessi on siirt\u00e4nyt miehist\u00e4 katsetta useita kertoja, ja alkuper\u00e4iset l\u00e4hteet ovat jo menett\u00e4neet tietonsa. Rajaamattomat anonyymit osaset ovat rentoja omissa nahoissaan. Ne leijailevat loputtoman s\u00e4vyviidakon l\u00e4pi her\u00e4tt\u00e4en himoa, itseluottamusta ja itseilmaisua, joka usein katoaa n\u00e4ille lehdille tyypillisiss\u00e4 kuvauksissa.<\/p>\n\n\n\n<p><br><em>Rouge<\/em>, sarjasta <em>Utopia, <\/em>2017<br><em>Bubblegum<\/em>, sarjasta<em> Utopia,<\/em> 2016<\/p>\n\n\n\n<p><em>Bonbon<\/em>, sarjasta <em>Utopia,<\/em> 2017<br><em>Lemonade<\/em>, sarjasta <em>Utopia, <\/em>2016<br><em>Strawberry<\/em>, sarjasta <em>Utopia, <\/em>2017<\/p>","protected":false},"excerpt":{"rendered":"<p>Ina Jang synt. 1982, Etel\u00e4-Korea Utopia on valokuvallinen tutkielma japanilaisissa soft-core-pornolehdiss\u00e4 esiintyvien naisten vartaloista. Ina Jangin tuotanto navigoi n\u00e4iden naisten kuvauksien ja lajityypin rakentaman feminiinisyyden maastossa, ja kyseenalaistaa suhteemme naiskehojen stereotyyppisiin kuvauksiin. Keskittym\u00e4ll\u00e4 passiiviseen kehonkieleen sek\u00e4 l\u00e4hdemateriaalin herkk\u00e4\u00e4n v\u00e4ripalettiin h\u00e4n tutkii toistoista ja ylituttavallista miehist\u00e4 katsetta. Utopiassa perinteisten naisia esitt\u00e4vien alastonkuvien idea on kulkenut useiden [&hellip;]<\/p>","protected":false},"author":1,"featured_media":0,"parent":0,"menu_order":0,"comment_status":"closed","ping_status":"closed","template":"","meta":{"inline_featured_image":false,"footnotes":""},"class_list":["post-6997","page","type-page","status-publish","hentry"],"acf":[],"_links":{"self":[{"href":"https:\/\/fotografiska.ee\/en\/wp-json\/wp\/v2\/pages\/6997"}],"collection":[{"href":"https:\/\/fotografiska.ee\/en\/wp-json\/wp\/v2\/pages"}],"about":[{"href":"https:\/\/fotografiska.ee\/en\/wp-json\/wp\/v2\/types\/page"}],"author":[{"embeddable":true,"href":"https:\/\/fotografiska.ee\/en\/wp-json\/wp\/v2\/users\/1"}],"replies":[{"embeddable":true,"href":"https:\/\/fotografiska.ee\/en\/wp-json\/wp\/v2\/comments?post=6997"}],"version-history":[{"count":2,"href":"https:\/\/fotografiska.ee\/en\/wp-json\/wp\/v2\/pages\/6997\/revisions"}],"predecessor-version":[{"id":7067,"href":"https:\/\/fotografiska.ee\/en\/wp-json\/wp\/v2\/pages\/6997\/revisions\/7067"}],"wp:attachment":[{"href":"https:\/\/fotografiska.ee\/en\/wp-json\/wp\/v2\/media?parent=6997"}],"curies":[{"name":"wp","href":"https:\/\/api.w.org\/{rel}","templated":true}]}}