{"id":6972,"date":"2024-08-31T11:04:13","date_gmt":"2024-08-31T08:04:13","guid":{"rendered":"https:\/\/fotografiska.ee\/?page_id=6972"},"modified":"2024-09-13T13:53:40","modified_gmt":"2024-09-13T10:53:40","slug":"momo-okabe-fi","status":"publish","type":"page","link":"https:\/\/fotografiska.ee\/en\/momo-okabe-fi\/","title":{"rendered":"Momo Okabe-FI"},"content":{"rendered":"<p><strong>Momo Okabe<\/strong><\/p>\n\n\n\n<p>synt. 1981, Japani<br><\/p>\n\n\n\n<p>Japanilaisen valokuvaaja Momo Okaben omael\u00e4m\u00e4nkerralliset tarinat kerrotaan ainutlaatuisten v\u00e4rien kautta. Maanj\u00e4ristyksen aiheuttamista raunioista tai sukupuolenkorjausleikkauksista otetut kuvat ovat kaihoavia ja luovat voimakkaita vaikutelmia, vaikka eiv\u00e4t edustakaan surua. Ne toimivat l\u00e4ht\u00f6pisteen\u00e4 ja kuvaavat ristiriitoja ilman asenteita.<br><br>Dokumenttisarja <em>Dildo <\/em>edustaa Okaben syv\u00e4sti rakastaman kumppanin kanssa luotua muistojen kokoelmaa. <em>Bible <\/em>taaskuvaa h\u00e4nen kuvittelemaansa, henkisen ristiriidan aikana syntynytt\u00e4 maisemaa. <em>Ilmatar<\/em> tutkii Okaben kokemusta ei-seksuaalisena naisena ja h\u00e4nen l\u00e4heist\u00e4 yst\u00e4v\u00e4piiri\u00e4\u00e4n \u2013 joista monet ovat muunsukupuolisia \u2013 nyky-Japanissa.<br><\/p>\n\n\n\n<p>Nimet\u00f6n teos sarjasta Dildo, 2013<br>Nimet\u00f6n teos sarjasta Dildo, 2013<br>Nimet\u00f6n teos sarjasta Bible, 2014<br>Nimet\u00f6n teos sarjasta Ilmatar, 2020<br>Nimet\u00f6n teos sarjasta Ilmatar, 2020<br>Nimet\u00f6n teos sarjasta Ilmatar, 2020<\/p>","protected":false},"excerpt":{"rendered":"<p>Momo Okabe synt. 1981, Japani Japanilaisen valokuvaaja Momo Okaben omael\u00e4m\u00e4nkerralliset tarinat kerrotaan ainutlaatuisten v\u00e4rien kautta. Maanj\u00e4ristyksen aiheuttamista raunioista tai sukupuolenkorjausleikkauksista otetut kuvat ovat kaihoavia ja luovat voimakkaita vaikutelmia, vaikka eiv\u00e4t edustakaan surua. Ne toimivat l\u00e4ht\u00f6pisteen\u00e4 ja kuvaavat ristiriitoja ilman asenteita. Dokumenttisarja Dildo edustaa Okaben syv\u00e4sti rakastaman kumppanin kanssa luotua muistojen kokoelmaa. Bible taaskuvaa h\u00e4nen kuvittelemaansa, [&hellip;]<\/p>","protected":false},"author":1,"featured_media":0,"parent":0,"menu_order":0,"comment_status":"closed","ping_status":"closed","template":"","meta":{"inline_featured_image":false,"footnotes":""},"class_list":["post-6972","page","type-page","status-publish","hentry"],"acf":[],"_links":{"self":[{"href":"https:\/\/fotografiska.ee\/en\/wp-json\/wp\/v2\/pages\/6972"}],"collection":[{"href":"https:\/\/fotografiska.ee\/en\/wp-json\/wp\/v2\/pages"}],"about":[{"href":"https:\/\/fotografiska.ee\/en\/wp-json\/wp\/v2\/types\/page"}],"author":[{"embeddable":true,"href":"https:\/\/fotografiska.ee\/en\/wp-json\/wp\/v2\/users\/1"}],"replies":[{"embeddable":true,"href":"https:\/\/fotografiska.ee\/en\/wp-json\/wp\/v2\/comments?post=6972"}],"version-history":[{"count":4,"href":"https:\/\/fotografiska.ee\/en\/wp-json\/wp\/v2\/pages\/6972\/revisions"}],"predecessor-version":[{"id":7094,"href":"https:\/\/fotografiska.ee\/en\/wp-json\/wp\/v2\/pages\/6972\/revisions\/7094"}],"wp:attachment":[{"href":"https:\/\/fotografiska.ee\/en\/wp-json\/wp\/v2\/media?parent=6972"}],"curies":[{"name":"wp","href":"https:\/\/api.w.org\/{rel}","templated":true}]}}