{"id":6959,"date":"2024-08-31T10:46:52","date_gmt":"2024-08-31T07:46:52","guid":{"rendered":"https:\/\/fotografiska.ee\/?page_id=6959"},"modified":"2024-09-12T22:53:48","modified_gmt":"2024-09-12T19:53:48","slug":"luo-yang-fi","status":"publish","type":"page","link":"https:\/\/fotografiska.ee\/en\/luo-yang-fi\/","title":{"rendered":"Luo Yang FI"},"content":{"rendered":"<p><strong>Luo Yang<\/strong><\/p>\n\n\n\n<p>synt. 1984, Kiina<\/p>\n\n\n\n<p>Luo Yang kuuluu Ba ling hou -sukupolveen, joka syntyi Kiinassa vuoden 1980 j\u00e4lkeen \u2013 yhden lapsen s\u00e4\u00e4nn\u00f6n aikana ja internetin ja sosiaalisen median noustessa \u2013 edelt\u00e4vist\u00e4 sukupolvista irtaantuneeseen kulutusyhteiskuntaan. H\u00e4nen muotokuvansa esitt\u00e4v\u00e4t nousevaa kiinalaista nuorisokulttuuria, joka uhmaa vallitsevia odotuksia ja stereotyyppej\u00e4. Feminiinisyys, sukupuoli, identiteetti \u2013 Luo Yang reflektoi nyky-Kiinassa tapahtuvia mullistuksia.<\/p>\n\n\n\n<p><em>GIRLS<\/em>-kuvasarjassa Yan kuvaa l\u00e4heisi\u00e4 yst\u00e4vi\u00e4\u00e4n, taltioi heid\u00e4n kehoissaan ja el\u00e4m\u00e4ss\u00e4\u00e4n ilmenevi\u00e4 muutoksia usean vuoden ajan. \u201cGirls are badass\u201d luo loistavan itsevarmaa itsetietoisuutta, joka toisaalta on luonteeltaan ep\u00e4varmaa, haavoittuvaa ja rikkin\u00e4ist\u00e4. Sarja on todiste Yangin kohteiden yksil\u00f6llisyydest\u00e4, ja se tutkii nuoruutta ja feminiinisyytt\u00e4 haastaessaan samalla perinteiset kiinalaisnaisia koskevat uskomukset.<\/p>\n\n\n\n<p><em>Jing Wen, <\/em>sarjasta <em>GIRLS <\/em>2017<br><em>Wang Yanyun<\/em>, sarjasta <em>GIRLS, <\/em>2017<br><em>Xi Yuan, <\/em>sarjasta <em>GIRLS, <\/em>2017<br><em>Mao Er, <\/em>sarjasta <em>GIRLS, <\/em>2017<\/p>\n\n\n\n<p><em>Mei Ling<\/em>, sarjasta <em>GIRLS, <\/em>2017<\/p>","protected":false},"excerpt":{"rendered":"<p>Luo Yang synt. 1984, Kiina Luo Yang kuuluu Ba ling hou -sukupolveen, joka syntyi Kiinassa vuoden 1980 j\u00e4lkeen \u2013 yhden lapsen s\u00e4\u00e4nn\u00f6n aikana ja internetin ja sosiaalisen median noustessa \u2013 edelt\u00e4vist\u00e4 sukupolvista irtaantuneeseen kulutusyhteiskuntaan. H\u00e4nen muotokuvansa esitt\u00e4v\u00e4t nousevaa kiinalaista nuorisokulttuuria, joka uhmaa vallitsevia odotuksia ja stereotyyppej\u00e4. Feminiinisyys, sukupuoli, identiteetti \u2013 Luo Yang reflektoi nyky-Kiinassa tapahtuvia [&hellip;]<\/p>","protected":false},"author":1,"featured_media":0,"parent":0,"menu_order":0,"comment_status":"closed","ping_status":"closed","template":"","meta":{"inline_featured_image":false,"footnotes":""},"class_list":["post-6959","page","type-page","status-publish","hentry"],"acf":[],"_links":{"self":[{"href":"https:\/\/fotografiska.ee\/en\/wp-json\/wp\/v2\/pages\/6959"}],"collection":[{"href":"https:\/\/fotografiska.ee\/en\/wp-json\/wp\/v2\/pages"}],"about":[{"href":"https:\/\/fotografiska.ee\/en\/wp-json\/wp\/v2\/types\/page"}],"author":[{"embeddable":true,"href":"https:\/\/fotografiska.ee\/en\/wp-json\/wp\/v2\/users\/1"}],"replies":[{"embeddable":true,"href":"https:\/\/fotografiska.ee\/en\/wp-json\/wp\/v2\/comments?post=6959"}],"version-history":[{"count":2,"href":"https:\/\/fotografiska.ee\/en\/wp-json\/wp\/v2\/pages\/6959\/revisions"}],"predecessor-version":[{"id":7085,"href":"https:\/\/fotografiska.ee\/en\/wp-json\/wp\/v2\/pages\/6959\/revisions\/7085"}],"wp:attachment":[{"href":"https:\/\/fotografiska.ee\/en\/wp-json\/wp\/v2\/media?parent=6959"}],"curies":[{"name":"wp","href":"https:\/\/api.w.org\/{rel}","templated":true}]}}