{"id":6755,"date":"2024-05-31T12:56:20","date_gmt":"2024-05-31T09:56:20","guid":{"rendered":"https:\/\/fotografiska.ee\/?page_id=6755"},"modified":"2024-05-31T12:56:21","modified_gmt":"2024-05-31T09:56:21","slug":"catherine-nelson_ru","status":"publish","type":"page","link":"https:\/\/fotografiska.ee\/en\/catherine-nelson_ru\/","title":{"rendered":"\u041a\u044d\u0442\u0440\u0438\u043d \u041d\u0435\u043b\u044c\u0441\u043e\u043d"},"content":{"rendered":"<p><strong>\u041a\u044d\u0442\u0440\u0438\u043d \u041d\u0435\u043b\u044c\u0441\u043e\u043d<\/strong><\/p>\n\n\n\n<p>\u041a\u044d\u0442\u0440\u0438\u043d \u041d\u0435\u043b\u044c\u0441\u043e\u043d (\u0440. 1970) \u2014 \u0430\u0432\u0441\u0442\u0440\u0430\u043b\u0438\u0439\u0441\u043a\u0430\u044f \u0445\u0443\u0434\u043e\u0436\u043d\u0438\u0446\u0430, \u0436\u0438\u0432\u0443\u0449\u0430\u044f \u0432\u043e \u0424\u0440\u0430\u043d\u0446\u0438\u0438. \u0412 \u043a\u0430\u0447\u0435\u0441\u0442\u0432\u0435 \u043a\u0438\u0441\u0442\u0438 \u043e\u043d\u0430 \u0438\u0441\u043f\u043e\u043b\u044c\u0437\u0443\u0435\u0442 \u0446\u0438\u0444\u0440\u043e\u0432\u044b\u0435 \u0442\u0435\u0445\u043d\u043e\u043b\u043e\u0433\u0438\u0438. \u041e\u043a\u043e\u043d\u0447\u0438\u043b\u0430 \u0421\u0438\u0434\u043d\u0435\u0439\u0441\u043a\u0438\u0439 \u043a\u043e\u043b\u043b\u0435\u0434\u0436 \u0438\u0441\u043a\u0443\u0441\u0441\u0442\u0432 \u043f\u043e \u0441\u043f\u0435\u0446\u0438\u0430\u043b\u044c\u043d\u043e\u0441\u0442\u0438 \u00ab\u0416\u0438\u0432\u043e\u043f\u0438\u0441\u044c\u00bb, \u043e\u0434\u043d\u0430\u043a\u043e \u0434\u043e\u043b\u0433\u0438\u0435 \u0433\u043e\u0434\u044b \u0440\u0430\u0431\u043e\u0442\u0430\u043b\u0430 \u0432 \u043a\u0438\u043d\u043e\u0438\u043d\u0434\u0443\u0441\u0442\u0440\u0438\u0438. \u0422\u0430\u043a, \u041d\u0435\u043b\u044c\u0441\u043e\u043d \u0437\u0430\u043d\u0438\u043c\u0430\u043b\u0430\u0441\u044c \u0441\u043e\u0437\u0434\u0430\u043d\u0438\u0435\u043c \u0432\u0438\u0437\u0443\u0430\u043b\u044c\u043d\u044b\u0445 \u044d\u0444\u0444\u0435\u043a\u0442\u043e\u0432 \u0434\u043b\u044f \u0444\u0438\u043b\u044c\u043c\u043e\u0432 \u00ab\u041c\u0443\u043b\u0435\u043d \u0420\u0443\u0436\u00bb, \u00ab300\u00bb, \u00ab\u0410\u0432\u0441\u0442\u0440\u0430\u043b\u0438\u044f\u00bb \u0438 <a><\/a>\u0434\u043b\u044f \u0444\u0440\u0430\u043d\u0448\u0438\u0437\u044b<a href=\"#_msocom_1\">[1]<\/a>&nbsp; \u043e \u0413\u0430\u0440\u0440\u0438 \u041f\u043e\u0442\u0442\u0435\u0440\u0435. \u0412 2008 \u0433\u043e\u0434\u0443 \u043e\u043d\u0430 \u043e\u0442\u043a\u0440\u044b\u043b\u0430 \u0441\u0432\u043e\u044e \u0445\u0443\u0434\u043e\u0436\u0435\u0441\u0442\u0432\u0435\u043d\u043d\u0443\u044e \u0441\u0442\u0443\u0434\u0438\u044e \u0438 \u0440\u0435\u0448\u0438\u043b\u0430 \u043f\u043e\u0441\u0432\u044f\u0442\u0438\u0442\u044c \u0441\u0435\u0431\u044f \u0438\u0441\u043a\u0443\u0441\u0441\u0442\u0432\u0443.<\/p>\n\n\n\n<p><em>\u041d\u0430\u0447\u0430\u0432 \u0437\u0430\u043d\u0438\u043c\u0430\u0442\u044c\u0441\u044f \u0444\u043e\u0442\u043e\u0433\u0440\u0430\u0444\u0438\u0435\u0439, \u044f \u0434\u043e\u0432\u043e\u043b\u044c\u043d\u043e \u0431\u044b\u0441\u0442\u0440\u043e \u043f\u043e\u043d\u044f\u043b\u0430, \u0447\u0442\u043e \u0441\u043d\u0438\u043c\u043e\u043a, \u043d\u0430 \u043a\u043e\u0442\u043e\u0440\u043e\u043c \u0438\u0437\u043e\u0431\u0440\u0430\u0436\u0435\u043d\u043e \u0442\u043e\u043b\u044c\u043a\u043e \u0442\u043e, \u0447\u0442\u043e \u043f\u043e\u043f\u0430\u043b\u043e \u0432 \u043e\u0431\u044a\u0435\u043a\u0442\u0438\u0432, \u043d\u0435 <\/em><em>\u043f\u0435\u0440\u0435\u0434\u0430\u0435\u0442 \u043c\u043e\u0435 \u0432\u0438\u0434\u0435\u043d\u0438\u0435 \u043e\u043a\u0440\u0443\u0436\u0430\u044e\u0449\u0435\u0433\u043e \u043c\u0438\u0440\u0430. \u041e\u043f\u0438\u0440\u0430\u044f\u0441\u044c \u043d\u0430 \u043f\u043e\u043b\u0443\u0447\u0435\u043d\u043d\u044b\u0435 \u0432 \u043a\u043e\u043b\u043b\u0435\u0434\u0436\u0435 \u0437\u043d\u0430\u043d\u0438\u044f \u0438 \u043c\u043d\u043e\u0433\u043e\u043b\u0435\u0442\u043d\u0438\u0439 \u043e\u043f\u044b\u0442 \u0440\u0430\u0431\u043e\u0442\u044b \u043d\u0430\u0434 \u0432\u0438\u0437\u0443\u0430\u043b\u044c\u043d\u044b\u043c\u0438 \u044d\u0444\u0444\u0435\u043a\u0442\u0430\u043c\u0438 \u0432 \u043a\u0438\u043d\u043e, \u044f \u0441\u0442\u0430\u043b\u0430 \u0432\u044b\u0432\u043e\u0434\u0438\u0442\u044c \u0441\u0432\u043e\u0438 \u0444\u043e\u0442\u043e\u0433\u0440\u0430\u0444\u0438\u0438 \u043d\u0430 \u043d\u043e\u0432\u044b\u0439 \u0443\u0440\u043e\u0432\u0435\u043d\u044c.<\/em><\/p>\n\n\n\n<p>\u0412 \u0432\u0438\u0434\u0435\u043e EveryNothing (\u00ab\u041a\u0430\u0436\u0434\u043e\u0435\u041d\u0438\u0447\u0442\u043e\u00bb) \u0438\u0437\u043e\u0431\u0440\u0430\u0436\u0435\u043d\u044b \u0440\u0430\u0441\u0442\u0435\u043d\u0438\u044f, \u0441\u043d\u044f\u0442\u044b\u0435 \u0432 \u0431\u043e\u0442\u0430\u043d\u0438\u0447\u0435\u0441\u043a\u043e\u043c \u0441\u0430\u0434\u0443 \u0432 \u041c\u0435\u0439\u0441\u0435 (\u0411\u0435\u043b\u044c\u0433\u0438\u044f). \u0412 \u043e\u0441\u043d\u043e\u0432\u043d\u043e\u043c \u044d\u0442\u043e \u0438\u0441\u0447\u0435\u0437\u0430\u044e\u0449\u0438\u0435 \u0432\u0438\u0434\u044b. \u0425\u0443\u0434\u043e\u0436\u043d\u0438\u0446\u0430 \u0440\u0430\u0437\u043c\u044b\u0448\u043b\u044f\u0435\u0442 \u043e \u043f\u0440\u043e\u0438\u0441\u0445\u043e\u0436\u0434\u0435\u043d\u0438\u0438 \u0436\u0438\u0437\u043d\u0438: \u0432\u0441\u0435 \u0436\u0438\u0432\u043e\u0435 \u0432\u043e\u0437\u043d\u0438\u043a\u0430\u0435\u0442 \u0438\u0437 \u043d\u0438\u0447\u0435\u0433\u043e \u0438 \u0432 \u043a\u043e\u043d\u0435\u0447\u043d\u043e\u043c \u0438\u0442\u043e\u0433\u0435 \u0432 \u043d\u0435\u0433\u043e \u0436\u0435 \u043f\u0440\u0435\u0432\u0440\u0430\u0449\u0430\u0435\u0442\u0441\u044f.<\/p>\n\n\n\n<p>\u041c\u0430\u0442\u0435\u0440\u0438\u0430\u043b \u0434\u043b\u044f \u0441\u0435\u0440\u0438\u0438 Future Memories (\u00ab\u0412\u043e\u0441\u043f\u043e\u043c\u0438\u043d\u0430\u043d\u0438\u044f \u043e \u0431\u0443\u0434\u0443\u0449\u0435\u043c\u00bb) \u041d\u0435\u043b\u044c\u0441\u043e\u043d \u0441\u043d\u0438\u043c\u0430\u043b\u0430 \u0432 2020 \u0433\u043e\u0434\u0443 \u0432 \u041a\u043e\u0441\u0442\u0430-\u0420\u0438\u043a\u0435 \u0438 \u0413\u0440\u0435\u043d\u043b\u0430\u043d\u0434\u0438\u0438. \u0412 \u044d\u0442\u0438\u0445 \u0440\u0430\u0431\u043e\u0442\u0430\u0445 \u0440\u0430\u0437\u0432\u0438\u0432\u0430\u0435\u0442\u0441\u044f \u0438\u0434\u0435\u044f \u043e \u0442\u043e\u043c, \u0447\u0442\u043e \u043b\u044e\u0431\u043e\u0435 \u043c\u0435\u0441\u0442\u043e \u2014 \u044d\u0442\u043e \u0441\u043b\u043e\u0436\u043d\u0430\u044f \u044d\u043a\u043e\u0441\u0438\u0441\u0442\u0435\u043c\u0430. \u041d\u0435\u043b\u044c\u0441\u043e\u043d \u0441\u043e\u0437\u0434\u0430\u043b\u0430 \u0441\u043e\u0432\u0440\u0435\u043c\u0435\u043d\u043d\u0443\u044e \u0432\u0438\u0437\u0443\u0430\u043b\u044c\u043d\u0443\u044e \u0430\u043b\u043b\u0435\u0433\u043e\u0440\u0438\u044e, \u043a\u043e\u0442\u043e\u0440\u0430\u044f \u043d\u0435\u043d\u0430\u0432\u044f\u0437\u0447\u0438\u0432\u043e \u043d\u0430\u043f\u043e\u043c\u0438\u043d\u0430\u0435\u0442 \u0437\u0440\u0438\u0442\u0435\u043b\u044e \u043e \u0433\u043b\u0443\u0431\u043e\u043a\u043e\u0439 \u0438\u0441\u0442\u0438\u043d\u0435: \u0438\u043c\u0435\u043d\u043d\u043e \u043e\u0442 \u043c\u0435\u0441\u0442\u043d\u043e\u0433\u043e \u0440\u0430\u0437\u043d\u043e\u043e\u0431\u0440\u0430\u0437\u0438\u044f \u0437\u0430\u0432\u0438\u0441\u0438\u0442 \u0441\u0443\u0434\u044c\u0431\u0430 \u043c\u0438\u0440\u0430.<\/p>\n\n\n\n<p>Cartago (\u00ab\u041a\u0430\u0440\u0442\u0430\u0433\u043e\u00bb), \u041a\u043e\u0441\u0442\u0430-\u0420\u0438\u043a\u0430, 2020. \u0418\u0437 \u0441\u0435\u0440\u0438\u0438 Future Memories (\u00ab\u0412\u043e\u0441\u043f\u043e\u043c\u0438\u043d\u0430\u043d\u0438\u044f \u043e \u0431\u0443\u0434\u0443\u0449\u0435\u043c\u00bb)<\/p>\n\n\n\n<p>Tundra (\u00ab\u0422\u0443\u043d\u0434\u0440\u0430\u00bb), \u0413\u0440\u0435\u043d\u043b\u0430\u043d\u0434\u0438\u044f, 2020. \u0418\u0437 \u0441\u0435\u0440\u0438\u0438 Future Memories (\u00ab\u0412\u043e\u0441\u043f\u043e\u043c\u0438\u043d\u0430\u043d\u0438\u044f \u043e \u0431\u0443\u0434\u0443\u0449\u0435\u043c\u00bb)<\/p>\n\n\n\n<p>Tortuguero (\u00ab\u0422\u043e\u0440\u0442\u0443\u0433\u0435\u0440\u043e\u00bb), \u041a\u043e\u0441\u0442\u0430-\u0420\u0438\u043a\u0430, 2020. \u0418\u0437 \u0441\u0435\u0440\u0438\u0438 Future Memories (\u00ab\u0412\u043e\u0441\u043f\u043e\u043c\u0438\u043d\u0430\u043d\u0438\u044f \u043e \u0431\u0443\u0434\u0443\u0449\u0435\u043c\u00bb)<\/p>\n\n\n\n<p>EveryNothing (\u00ab\u041a\u0430\u0436\u0434\u043e\u0435\u041d\u0438\u0447\u0442\u043e\u00bb), 2017<\/p>\n\n\n\n<p>01 \u0447 01 \u043c\u0438\u043d<\/p>\n\n\n\n<p>\u041a\u043e\u043c\u043f\u043e\u0437\u0438\u0442\u043e\u0440, \u0438\u0441\u043f\u043e\u043b\u043d\u0438\u0442\u0435\u043b\u044c, \u0437\u0430\u043f\u0438\u0441\u044c \u043c\u0443\u0437\u044b\u043a\u0438: \u0410\u043b\u0435\u043a\u0441\u0430\u043d\u0434\u0440 \u0411\u0435\u0440\u043d \u0438 The Abandonded Orchestra<\/p>\n\n\n\n<p>\u041c\u0430\u0441\u0442\u0435\u0440\u0438\u043d\u0433: \u0413\u044d\u0440\u0438 \u0411\u0430\u043b\u0434\u0430\u0441\u0441\u0430\u0440\u0438<\/p>\n\n\n\n<p>\u041e\u0431\u0440\u0430\u0431\u043e\u0442\u043a\u0430 \u0438 \u0444\u0438\u043d\u0430\u043b\u044c\u043d\u0430\u044f \u0432\u0435\u0440\u0441\u0438\u044f: \u0411\u0430\u0440\u0442 \u0412\u0435\u0440\u0440\u0430\u044d\u0441\u0442<\/p>\n\n\n\n<hr class=\"wp-block-separator has-alpha-channel-opacity\"\/>\n\n\n\n<p><a id=\"_msocom_1\"><\/a><\/p>\n\n\n\n<p>@maarja.loorents@gmail.com SIin on n\u00fc\u00fcd \u00fcks s\u00f5na muudetud juhul, kui see osa on juba veebis.<\/p>\n\n\n\n<p>_Assigned to maarja.loorents@gmail.com_<\/p>","protected":false},"excerpt":{"rendered":"<p>\u041a\u044d\u0442\u0440\u0438\u043d \u041d\u0435\u043b\u044c\u0441\u043e\u043d \u041a\u044d\u0442\u0440\u0438\u043d \u041d\u0435\u043b\u044c\u0441\u043e\u043d (\u0440. 1970) \u2014 \u0430\u0432\u0441\u0442\u0440\u0430\u043b\u0438\u0439\u0441\u043a\u0430\u044f \u0445\u0443\u0434\u043e\u0436\u043d\u0438\u0446\u0430, \u0436\u0438\u0432\u0443\u0449\u0430\u044f \u0432\u043e \u0424\u0440\u0430\u043d\u0446\u0438\u0438. \u0412 \u043a\u0430\u0447\u0435\u0441\u0442\u0432\u0435 \u043a\u0438\u0441\u0442\u0438 \u043e\u043d\u0430 \u0438\u0441\u043f\u043e\u043b\u044c\u0437\u0443\u0435\u0442 \u0446\u0438\u0444\u0440\u043e\u0432\u044b\u0435 \u0442\u0435\u0445\u043d\u043e\u043b\u043e\u0433\u0438\u0438. \u041e\u043a\u043e\u043d\u0447\u0438\u043b\u0430 \u0421\u0438\u0434\u043d\u0435\u0439\u0441\u043a\u0438\u0439 \u043a\u043e\u043b\u043b\u0435\u0434\u0436 \u0438\u0441\u043a\u0443\u0441\u0441\u0442\u0432 \u043f\u043e \u0441\u043f\u0435\u0446\u0438\u0430\u043b\u044c\u043d\u043e\u0441\u0442\u0438 \u00ab\u0416\u0438\u0432\u043e\u043f\u0438\u0441\u044c\u00bb, \u043e\u0434\u043d\u0430\u043a\u043e \u0434\u043e\u043b\u0433\u0438\u0435 \u0433\u043e\u0434\u044b \u0440\u0430\u0431\u043e\u0442\u0430\u043b\u0430 \u0432 \u043a\u0438\u043d\u043e\u0438\u043d\u0434\u0443\u0441\u0442\u0440\u0438\u0438. \u0422\u0430\u043a, \u041d\u0435\u043b\u044c\u0441\u043e\u043d \u0437\u0430\u043d\u0438\u043c\u0430\u043b\u0430\u0441\u044c \u0441\u043e\u0437\u0434\u0430\u043d\u0438\u0435\u043c \u0432\u0438\u0437\u0443\u0430\u043b\u044c\u043d\u044b\u0445 \u044d\u0444\u0444\u0435\u043a\u0442\u043e\u0432 \u0434\u043b\u044f \u0444\u0438\u043b\u044c\u043c\u043e\u0432 \u00ab\u041c\u0443\u043b\u0435\u043d \u0420\u0443\u0436\u00bb, \u00ab300\u00bb, \u00ab\u0410\u0432\u0441\u0442\u0440\u0430\u043b\u0438\u044f\u00bb \u0438 \u0434\u043b\u044f \u0444\u0440\u0430\u043d\u0448\u0438\u0437\u044b[1]&nbsp; \u043e \u0413\u0430\u0440\u0440\u0438 \u041f\u043e\u0442\u0442\u0435\u0440\u0435. \u0412 2008 \u0433\u043e\u0434\u0443 \u043e\u043d\u0430 \u043e\u0442\u043a\u0440\u044b\u043b\u0430 [&hellip;]<\/p>","protected":false},"author":1,"featured_media":0,"parent":0,"menu_order":0,"comment_status":"closed","ping_status":"closed","template":"","meta":{"inline_featured_image":false,"footnotes":""},"class_list":["post-6755","page","type-page","status-publish","hentry"],"acf":[],"_links":{"self":[{"href":"https:\/\/fotografiska.ee\/en\/wp-json\/wp\/v2\/pages\/6755"}],"collection":[{"href":"https:\/\/fotografiska.ee\/en\/wp-json\/wp\/v2\/pages"}],"about":[{"href":"https:\/\/fotografiska.ee\/en\/wp-json\/wp\/v2\/types\/page"}],"author":[{"embeddable":true,"href":"https:\/\/fotografiska.ee\/en\/wp-json\/wp\/v2\/users\/1"}],"replies":[{"embeddable":true,"href":"https:\/\/fotografiska.ee\/en\/wp-json\/wp\/v2\/comments?post=6755"}],"version-history":[{"count":1,"href":"https:\/\/fotografiska.ee\/en\/wp-json\/wp\/v2\/pages\/6755\/revisions"}],"predecessor-version":[{"id":6756,"href":"https:\/\/fotografiska.ee\/en\/wp-json\/wp\/v2\/pages\/6755\/revisions\/6756"}],"wp:attachment":[{"href":"https:\/\/fotografiska.ee\/en\/wp-json\/wp\/v2\/media?parent=6755"}],"curies":[{"name":"wp","href":"https:\/\/api.w.org\/{rel}","templated":true}]}}