{"id":6741,"date":"2024-05-29T12:56:27","date_gmt":"2024-05-29T09:56:27","guid":{"rendered":"https:\/\/fotografiska.ee\/?page_id=6741"},"modified":"2024-05-29T12:56:28","modified_gmt":"2024-05-29T09:56:28","slug":"xuebing-du-fi","status":"publish","type":"page","link":"https:\/\/fotografiska.ee\/en\/xuebing-du-fi\/","title":{"rendered":"Xuebing Du"},"content":{"rendered":"<p><strong>Xuebing Du<\/strong><\/p>\n\n\n\n<p>Valokuvaaja Xuebing Du (s. 1990) on syntynyt Kiinassa ja asuu Kaliforniassa. Taiteessaan h\u00e4n k\u00e4sittelee p\u00e4\u00e4asiassa luontoaiheita: autiomaita, puutarhoja ja etenkin kasveja ja kukkia. Xuebing Du tutkii luonnon kauneutta paneutumalla tekstuureihin, valoihin ja v\u00e4reihin.<\/p>\n\n\n\n<p><em>Kukat juhlistavat rakkautta ja kauneutta. Haluan, ett\u00e4 kukkani ovat kauniita, naisellisia ja ep\u00e4todellisia. Kuvaan mielell\u00e4ni ruusuja, jotka avautuvat kohti aurinkoa. Valo lankeaa ter\u00e4lehdille, ja niiden v\u00e4rit ovat pehmeit\u00e4, silkkisi\u00e4 ja rauhoittavia. Keskityn luonnon muotoihin ja sileisiin pintoihin. T\u00e4ss\u00e4 teoskokonaisuudessa olennaista on valo: valon ja varjon tasapaino sek\u00e4 siirtym\u00e4t valosta varjoon. Tavoitteenani on luoda liki surrealistisia s\u00e4vyj\u00e4 ja tuoda ne esille voimakkaan mutta herk\u00e4n valon avulla. Valon k\u00e4ytt\u00f6\u00f6n olen saanut innoitusta renessanssin maalaustaiteesta. Toivon, ett\u00e4 teosteni katsojat nauttivat siit\u00e4.<\/em><\/p>\n\n\n\n<p>1. Helmi\u00e4ist\u00e4, 2022<\/p>\n\n\n\n<p>2. Lempe\u00e4 kuolema, 2019<\/p>\n\n\n\n<p>3. Helmi\u00e4ist\u00e4, 2022<\/p>\n\n\n\n<p>4. Helmi\u00e4ist\u00e4, 2020<\/p>","protected":false},"excerpt":{"rendered":"<p>Xuebing Du Valokuvaaja Xuebing Du (s. 1990) on syntynyt Kiinassa ja asuu Kaliforniassa. Taiteessaan h\u00e4n k\u00e4sittelee p\u00e4\u00e4asiassa luontoaiheita: autiomaita, puutarhoja ja etenkin kasveja ja kukkia. Xuebing Du tutkii luonnon kauneutta paneutumalla tekstuureihin, valoihin ja v\u00e4reihin. Kukat juhlistavat rakkautta ja kauneutta. Haluan, ett\u00e4 kukkani ovat kauniita, naisellisia ja ep\u00e4todellisia. Kuvaan mielell\u00e4ni ruusuja, jotka avautuvat kohti aurinkoa. [&hellip;]<\/p>","protected":false},"author":1,"featured_media":0,"parent":0,"menu_order":0,"comment_status":"closed","ping_status":"closed","template":"","meta":{"inline_featured_image":false,"footnotes":""},"class_list":["post-6741","page","type-page","status-publish","hentry"],"acf":[],"_links":{"self":[{"href":"https:\/\/fotografiska.ee\/en\/wp-json\/wp\/v2\/pages\/6741"}],"collection":[{"href":"https:\/\/fotografiska.ee\/en\/wp-json\/wp\/v2\/pages"}],"about":[{"href":"https:\/\/fotografiska.ee\/en\/wp-json\/wp\/v2\/types\/page"}],"author":[{"embeddable":true,"href":"https:\/\/fotografiska.ee\/en\/wp-json\/wp\/v2\/users\/1"}],"replies":[{"embeddable":true,"href":"https:\/\/fotografiska.ee\/en\/wp-json\/wp\/v2\/comments?post=6741"}],"version-history":[{"count":1,"href":"https:\/\/fotografiska.ee\/en\/wp-json\/wp\/v2\/pages\/6741\/revisions"}],"predecessor-version":[{"id":6742,"href":"https:\/\/fotografiska.ee\/en\/wp-json\/wp\/v2\/pages\/6741\/revisions\/6742"}],"wp:attachment":[{"href":"https:\/\/fotografiska.ee\/en\/wp-json\/wp\/v2\/media?parent=6741"}],"curies":[{"name":"wp","href":"https:\/\/api.w.org\/{rel}","templated":true}]}}