{"id":6739,"date":"2024-05-29T12:55:24","date_gmt":"2024-05-29T09:55:24","guid":{"rendered":"https:\/\/fotografiska.ee\/?page_id=6739"},"modified":"2024-05-29T12:55:27","modified_gmt":"2024-05-29T09:55:27","slug":"yan-wang-preston-fi","status":"publish","type":"page","link":"https:\/\/fotografiska.ee\/en\/yan-wang-preston-fi\/","title":{"rendered":"Yan Wang Preston"},"content":{"rendered":"<p><strong>Yan Wang Preston<\/strong><\/p>\n\n\n\n<p>Yan Wang Preston (s. 1976) on maisemista, identiteetist\u00e4 ja ymp\u00e4rist\u00f6st\u00e4 kiinnostunut taiteilija. H\u00e4nen teoksensa perustuvat huolelliseen ja pitk\u00e4kestoiseen taustaty\u00f6h\u00f6n, ja h\u00e4n on saanut ty\u00f6st\u00e4\u00e4n kansainv\u00e4list\u00e4 tunnustusta. Wang Preston on syntynyt Kiinassa, mutta on vuodesta 2005 l\u00e4htien asunut Isossa-Britanniassa. Vuonna 2018 h\u00e4n valmistui tohtoriksi Plymouthin yliopistosta valokuvataiteen alalta. Taiteilijanty\u00f6ns\u00e4 ohella h\u00e4n luennoi Huddersfieldin yliopistossa.<\/p>\n\n\n\n<p>N\u00e4m\u00e4 valokuvat syntyiv\u00e4t osana kahdeksanvuotista Mets\u00e4-hanketta (2010\u20132017), jonka aikana Yan Wang Preston tutki luonnon ennallistamispolitiikkaa kahdessa kaupungissa Kiinassa. Maan suurimmassa metropolissa, 30 miljoonan asukkaan Chongqingissa noudatettiin niin sanottua mets\u00e4kaupunkipolitiikkaa. Alueelle istutettiin runsaasti nuoria taimia, ja sinne my\u00f6s siirrettiin muualta tuhansia vanhoja puita, jotta metsi\u00e4 saatiin aikaan pikavauhdilla. Vanhoista puista poistettiin kuljetusta varten oksat, joten kaupungissa puut aloittivat el\u00e4m\u00e4ns\u00e4 paljaina runkoina. Osa puista kuoli, kun taas osa jatkoi kasvuaan ja \u201dvilliintyi\u201d.<\/p>\n\n\n\n<p>Dalin kaupungissa Yunnanin maakunnassa metsien istutus laajeni laajemmaksi ymp\u00e4rist\u00f6n ennallistamishankkeeksi, jossa hy\u00f6dynnettiin hyl\u00e4ttyj\u00e4 kaivoksia ja louhoksia. T\u00e4rvellyt alueet saatiin muutamassa kuukaudessa viheri\u00f6im\u00e4\u00e4n siementen, mullan, vihre\u00e4n verkon ja eri-ik\u00e4isten taimien avulla. N\u00e4iss\u00e4 paikoissa vihre\u00e4 v\u00e4ri kuitenkin n\u00e4ytt\u00e4ytyy myrkyllisen\u00e4 ja tukahduttavana.<\/p>\n\n\n\n<p>1. Longaanimets\u00e4, yliopistoalue, Chongqing, Kiina, 2011<\/p>\n\n\n\n<p>2. Jiangbeizuin yrityskeskittym\u00e4, Chongqing, Kiina, 2017<\/p>\n\n\n\n<p>3. Viljelypalstoja Caiyanba-sillan alla, Chongqing, Kiina, 2017<\/p>\n\n\n\n<p>4. Ymp\u00e4rist\u00f6n ennallistamishanke Puhejingin louhoksessa, Dali, Kiina, 2017 (tapetti)<\/p>","protected":false},"excerpt":{"rendered":"<p>Yan Wang Preston Yan Wang Preston (s. 1976) on maisemista, identiteetist\u00e4 ja ymp\u00e4rist\u00f6st\u00e4 kiinnostunut taiteilija. H\u00e4nen teoksensa perustuvat huolelliseen ja pitk\u00e4kestoiseen taustaty\u00f6h\u00f6n, ja h\u00e4n on saanut ty\u00f6st\u00e4\u00e4n kansainv\u00e4list\u00e4 tunnustusta. Wang Preston on syntynyt Kiinassa, mutta on vuodesta 2005 l\u00e4htien asunut Isossa-Britanniassa. Vuonna 2018 h\u00e4n valmistui tohtoriksi Plymouthin yliopistosta valokuvataiteen alalta. Taiteilijanty\u00f6ns\u00e4 ohella h\u00e4n luennoi Huddersfieldin [&hellip;]<\/p>","protected":false},"author":1,"featured_media":0,"parent":0,"menu_order":0,"comment_status":"closed","ping_status":"closed","template":"","meta":{"inline_featured_image":false,"footnotes":""},"class_list":["post-6739","page","type-page","status-publish","hentry"],"acf":[],"_links":{"self":[{"href":"https:\/\/fotografiska.ee\/en\/wp-json\/wp\/v2\/pages\/6739"}],"collection":[{"href":"https:\/\/fotografiska.ee\/en\/wp-json\/wp\/v2\/pages"}],"about":[{"href":"https:\/\/fotografiska.ee\/en\/wp-json\/wp\/v2\/types\/page"}],"author":[{"embeddable":true,"href":"https:\/\/fotografiska.ee\/en\/wp-json\/wp\/v2\/users\/1"}],"replies":[{"embeddable":true,"href":"https:\/\/fotografiska.ee\/en\/wp-json\/wp\/v2\/comments?post=6739"}],"version-history":[{"count":1,"href":"https:\/\/fotografiska.ee\/en\/wp-json\/wp\/v2\/pages\/6739\/revisions"}],"predecessor-version":[{"id":6740,"href":"https:\/\/fotografiska.ee\/en\/wp-json\/wp\/v2\/pages\/6739\/revisions\/6740"}],"wp:attachment":[{"href":"https:\/\/fotografiska.ee\/en\/wp-json\/wp\/v2\/media?parent=6739"}],"curies":[{"name":"wp","href":"https:\/\/api.w.org\/{rel}","templated":true}]}}