{"id":6736,"date":"2024-05-29T12:54:22","date_gmt":"2024-05-29T09:54:22","guid":{"rendered":"https:\/\/fotografiska.ee\/?page_id=6736"},"modified":"2024-05-29T12:54:24","modified_gmt":"2024-05-29T09:54:24","slug":"santeri-tuori","status":"publish","type":"page","link":"https:\/\/fotografiska.ee\/en\/santeri-tuori\/","title":{"rendered":"Santeri Tuori"},"content":{"rendered":"<p><strong>Santeri Tuori<\/strong><\/p>\n\n\n\n<p>Santeri Tuori (s. 1970) on opiskellut valokuvataidetta Taideteollisessa korkeakoulussa ja oikeustiedett\u00e4 Helsingin yliopistossa. Kuten Tuorin koulutuskin, my\u00f6s h\u00e4nen taiteensa on monialaista ja rikkoo rajoja. Tuori on tullut tunnetuksi valokuvaa ja liikkuvaa kuvaa yhdistelevist\u00e4 teoksista, joissa on vaikutteita muotokuvauksen ja maisemamaalauksen perinteest\u00e4.<\/p>\n\n\n\n<p>Kuudentoista viime vuoden aikana Tuori on viett\u00e4nyt paljon aikaa K\u00f6karin saarella Ahvenanmaalla ty\u00f6skennellen Mets\u00e4-teossarjansa parissa. Aluksi Tuori ty\u00f6skenteli tiukkojen s\u00e4\u00e4nt\u00f6jen mukaan: h\u00e4n kuvasi samaa paikkaa samasta kuvakulmasta eri vuodenaikoina ja eri vuorokaudenaikoina. Joskus kuvauskertojen v\u00e4lill\u00e4 oli jopa vuosien tauko. Tuori k\u00e4y edelleen kuvaamassa samaa paikkaa, mutta nyky\u00e4\u00e4n h\u00e4n kuvaa sit\u00e4 eri kuvakulmista ja k\u00e4y kuvaamassa my\u00f6s muualla samassa mets\u00e4ss\u00e4. Mets\u00e4-sarjan teokset ovat useiden p\u00e4\u00e4llekk\u00e4isten kuvien yhdistelmi\u00e4. Niiss\u00e4 voi olla sek\u00e4 v\u00e4rikuvia ett\u00e4 mustavalkokuvia, ja Tuori on voinut ottaa kuvat eri paikoista.<\/p>\n\n\n\n<p>Olemme tottuneet katsomaan taivasta suhteessa maahan, veteen tai kasvillisuuteen, mutta Tuorin yhdentoista vuoden aikana luoma teossarja Taivas keskittyy pelk\u00e4st\u00e4\u00e4n taivaaseen. Mustavalkokuvista ja v\u00e4rikuvista muodostuu monikerroksinen kokonaisuus, jossa jotkin kerrokset korostuvat ja jotkin j\u00e4\u00e4v\u00e4t taka-alalle. Maalaukselliset kuvat kutsuvat katsojaa uppoutumaan taivaan hehkuun ja syvyyksiin. Samoin kuin Tuorin aiemmissa muotokuvasarjoissa n\u00e4iss\u00e4kin teoksissa maalaustaiteen ja valokuvataiteen perinteet vaikuttavat yht\u00e4 voimakkaina.<\/p>\n\n\n\n<p>Luonnon suunnaton kauneus ja rikkaus v\u00e4littyv\u00e4t Tuorin teoksista. Vaikka kuvat ovat pelkistettyj\u00e4, ne tulvivat yksityiskohtia, joita emme useinkaan edes huomaa. Tuorin teokset tuovat luontoa sis\u00e4tiloihin ja toivottavasti my\u00f6s vahvistavat suhdettamme ymp\u00e4rist\u00f6\u00f6n. El\u00e4mme maapallon tulevaisuuden kannalta ratkaisevia aikoja. Santeri Tuorin teokset muistuttavat meit\u00e4 siit\u00e4, mit\u00e4 ty\u00f6paikkojemme ja kaupunkien ulkopuolella on. Se kaikki on s\u00e4ilytt\u00e4misen arvoista.<\/p>\n\n\n\n<p>Taivas #1, 2011\u20132012<\/p>\n\n\n\n<p>Mets\u00e4 #44, 2019<\/p>\n\n\n\n<p>Teokset ovat esill\u00e4 Persons Projects -gallerian ja Galerie Anhavan luvalla.<\/p>\n\n\n\n<p><\/p>\n\n\n\n<p><strong>Santeri Tuori<\/strong><\/p>\n\n\n\n<p>Santeri Tuori (s. 1970) on opiskellut valokuvataidetta Taideteollisessa korkeakoulussa ja oikeustiedett\u00e4 Helsingin yliopistossa. Kuten Tuorin koulutuskin, my\u00f6s h\u00e4nen taiteensa ammentaa eri aloilta ja rikkoo rajoja. Tuori on tullut tunnetuksi valokuvaa ja liikkuvaa kuvaa yhdistelevist\u00e4 teoksista, joissa on vaikutteita muotokuvauksen ja maisemakuvauksen perinteest\u00e4.<\/p>\n\n\n\n<p>Luonnon suunnaton kauneus ja rikkaus v\u00e4littyv\u00e4t Tuorin teoksista. Vaikka kuvat ovat pelkistettyj\u00e4, ne tulvivat yksityiskohtia, joita emme useinkaan edes huomaa. Tuorin teokset tuovat luontoa sis\u00e4tiloihin ja toivottavasti my\u00f6s vahvistavat suhdettamme ymp\u00e4rist\u00f6\u00f6n. El\u00e4mme maapallon tulevaisuuden kannalta ratkaisevia aikoja. Santeri Tuorin teokset muistuttavat meit\u00e4 siit\u00e4, mit\u00e4 ty\u00f6paikkojemme ja kaupunkien ulkopuolella on. Se kaikki on s\u00e4ilytt\u00e4misen arvoista.<\/p>\n\n\n\n<p><em>Vesiputous #2<\/em><\/p>\n\n\n\n<p>Valtavat vesimassat ry\u00f6ppy\u00e4v\u00e4t alas. Teoksen \u00e4\u00e4nimaailma koostuu taltioidusta putouksen kohinasta sek\u00e4 teosta varten tehdyist\u00e4 \u00e4\u00e4nist\u00e4. Lopputuloksena on paikoin jopa melodinen \u00e4\u00e4nimaisema. T\u00e4m\u00e4 vesiputous on kuvattu Islannissa, ja se on saanut alkunsa j\u00e4\u00e4tik\u00f6lt\u00e4. Videolla n\u00e4ht\u00e4v\u00e4 vesi on j\u00e4\u00e4tik\u00f6n sulamisvett\u00e4.<\/p>\n\n\n\n<p><em>J\u00e4\u00e4tik\u00f6n reunalla seisominen oli vaikuttava kokemus. Asiat n\u00e4ki uusissa mittasuhteissa. J\u00e4\u00e4tik\u00f6n olemassaoloajan rinnalla ihmisel\u00e4m\u00e4 n\u00e4ytt\u00e4ytyy pikkuruisena pisarana. J\u00e4\u00e4tik\u00f6iss\u00e4, niiden liikkeess\u00e4 ja olemuksessa on arvokkuutta. Tuntuu melkein kuin ne olisivat el\u00e4vi\u00e4 olentoja.<\/em><\/p>\n\n\n\n<p><em>Vesiputous #2<\/em>, 2021<\/p>\n\n\n\n<p>12 min 35 s<\/p>\n\n\n\n<p>\u00c4\u00e4nisuunnittelu: Mikko Hynninen<\/p>\n\n\n\n<p>V\u00e4rim\u00e4\u00e4rittely: Timo Ter\u00e4v\u00e4inen<\/p>\n\n\n\n<p>Teos on esill\u00e4 Persons Projects -gallerian ja Galerie Anhavan luvalla.<\/p>","protected":false},"excerpt":{"rendered":"<p>Santeri Tuori Santeri Tuori (s. 1970) on opiskellut valokuvataidetta Taideteollisessa korkeakoulussa ja oikeustiedett\u00e4 Helsingin yliopistossa. Kuten Tuorin koulutuskin, my\u00f6s h\u00e4nen taiteensa on monialaista ja rikkoo rajoja. Tuori on tullut tunnetuksi valokuvaa ja liikkuvaa kuvaa yhdistelevist\u00e4 teoksista, joissa on vaikutteita muotokuvauksen ja maisemamaalauksen perinteest\u00e4. Kuudentoista viime vuoden aikana Tuori on viett\u00e4nyt paljon aikaa K\u00f6karin saarella Ahvenanmaalla [&hellip;]<\/p>","protected":false},"author":1,"featured_media":0,"parent":0,"menu_order":0,"comment_status":"closed","ping_status":"closed","template":"","meta":{"inline_featured_image":false,"footnotes":""},"class_list":["post-6736","page","type-page","status-publish","hentry"],"acf":[],"_links":{"self":[{"href":"https:\/\/fotografiska.ee\/en\/wp-json\/wp\/v2\/pages\/6736"}],"collection":[{"href":"https:\/\/fotografiska.ee\/en\/wp-json\/wp\/v2\/pages"}],"about":[{"href":"https:\/\/fotografiska.ee\/en\/wp-json\/wp\/v2\/types\/page"}],"author":[{"embeddable":true,"href":"https:\/\/fotografiska.ee\/en\/wp-json\/wp\/v2\/users\/1"}],"replies":[{"embeddable":true,"href":"https:\/\/fotografiska.ee\/en\/wp-json\/wp\/v2\/comments?post=6736"}],"version-history":[{"count":1,"href":"https:\/\/fotografiska.ee\/en\/wp-json\/wp\/v2\/pages\/6736\/revisions"}],"predecessor-version":[{"id":6738,"href":"https:\/\/fotografiska.ee\/en\/wp-json\/wp\/v2\/pages\/6736\/revisions\/6738"}],"wp:attachment":[{"href":"https:\/\/fotografiska.ee\/en\/wp-json\/wp\/v2\/media?parent=6736"}],"curies":[{"name":"wp","href":"https:\/\/api.w.org\/{rel}","templated":true}]}}