{"id":6713,"date":"2024-05-29T12:39:55","date_gmt":"2024-05-29T09:39:55","guid":{"rendered":"https:\/\/fotografiska.ee\/?page_id=6713"},"modified":"2024-05-29T12:39:56","modified_gmt":"2024-05-29T09:39:56","slug":"alfredo-de-stefano-fi","status":"publish","type":"page","link":"https:\/\/fotografiska.ee\/en\/alfredo-de-stefano-fi\/","title":{"rendered":"Alfredo De Stefano"},"content":{"rendered":"<p><strong>Alfredo De Stefano<\/strong><\/p>\n\n\n\n<p>Kahdenkymmenen viime vuoden ajan Alfredo De Stefano (s. 1961 Meksikossa) on paneutunut valokuvataiteessaan luonnon ja tilan suhteeseen ja keskittynyt poikkeuksellisen kiehtovaan maisematyyppiin: aavikoihin. Kiinnostus aavikoita kohtaan on vienyt De Stefanon lukuisiin autiomaihin eri puolille maailmaa.<\/p>\n\n\n\n<p><em>Olen tehnyt satojen kilometrien matkoja vaikeakulkuisille syrj\u00e4seuduille, joilta on monesti kilometritolkulla matkaa minnek\u00e4\u00e4n, mist\u00e4 saisi sy\u00f6t\u00e4v\u00e4\u00e4, juotavaa tai polttoainetta. T\u00e4llaiset ymp\u00e4rist\u00f6t \u2013 jollainen on my\u00f6s synnyinseutuni Pohjois-Meksiko \u2013 her\u00e4tt\u00e4v\u00e4t erityislaatuisia ajatuksia ja visioita. Autiomaassa ihminen saa kokea olevansa \u00e4\u00e4rett\u00f6m\u00e4n \u00e4\u00e4rell\u00e4. Autiomaa on sek\u00e4 maantieteellisesti ett\u00e4 eksistentiaalisessa mieless\u00e4 h\u00e4ilyv\u00e4rajainen avara tila, jossa ihminen voi kohdata itsens\u00e4 t\u00e4ydellisen yksin.<\/em><\/p>\n\n\n\n<p><em>Autiomaat ovat aina kiinnostaneet minua, sill\u00e4 taiteessani pohdiskelen ihmisen olemassaoloa ja yksin\u00e4isyytt\u00e4 sek\u00e4 aikaa ja kuolemaa liitt\u00e4m\u00e4ll\u00e4 yhteen luonnon ja henkisyyden. Tilana autiomaa asettaa olemassaolomme mittasuhteisiin. Autiomaa saa meid\u00e4t tiedostamaan fyysisen rajallisuutemme. Henkisen\u00e4 kokemuksena autiomaa taas voimaannuttaa meid\u00e4t, sill\u00e4 autiomassa p\u00e4\u00e4semme yhteyteen avaran maiseman ja samalla maailmankaikkeuden kanssa. Vaikka autiomaa voi sin\u00e4ns\u00e4 olla valtavan laaja, kuvani k\u00e4sittelev\u00e4t intiimej\u00e4 tiloja. Jotkin kuvat toimivat ihmisen aiheuttaman hirvitt\u00e4v\u00e4n aavikoitumisen metaforina, jotkin taas ironisoivat ihmisen suhdetta autiomaahan.<\/em><\/p>\n\n\n\n<p>Yksin \u2013 Nazcan aavikko, Peru, 2014<\/p>\n\n\n\n<p>Yksin \u2013 Atacaman aavikko, Chile, 2014<\/p>","protected":false},"excerpt":{"rendered":"<p>Alfredo De Stefano Kahdenkymmenen viime vuoden ajan Alfredo De Stefano (s. 1961 Meksikossa) on paneutunut valokuvataiteessaan luonnon ja tilan suhteeseen ja keskittynyt poikkeuksellisen kiehtovaan maisematyyppiin: aavikoihin. Kiinnostus aavikoita kohtaan on vienyt De Stefanon lukuisiin autiomaihin eri puolille maailmaa. Olen tehnyt satojen kilometrien matkoja vaikeakulkuisille syrj\u00e4seuduille, joilta on monesti kilometritolkulla matkaa minnek\u00e4\u00e4n, mist\u00e4 saisi sy\u00f6t\u00e4v\u00e4\u00e4, juotavaa [&hellip;]<\/p>","protected":false},"author":1,"featured_media":0,"parent":0,"menu_order":0,"comment_status":"closed","ping_status":"closed","template":"","meta":{"inline_featured_image":false,"footnotes":""},"class_list":["post-6713","page","type-page","status-publish","hentry"],"acf":[],"_links":{"self":[{"href":"https:\/\/fotografiska.ee\/en\/wp-json\/wp\/v2\/pages\/6713"}],"collection":[{"href":"https:\/\/fotografiska.ee\/en\/wp-json\/wp\/v2\/pages"}],"about":[{"href":"https:\/\/fotografiska.ee\/en\/wp-json\/wp\/v2\/types\/page"}],"author":[{"embeddable":true,"href":"https:\/\/fotografiska.ee\/en\/wp-json\/wp\/v2\/users\/1"}],"replies":[{"embeddable":true,"href":"https:\/\/fotografiska.ee\/en\/wp-json\/wp\/v2\/comments?post=6713"}],"version-history":[{"count":1,"href":"https:\/\/fotografiska.ee\/en\/wp-json\/wp\/v2\/pages\/6713\/revisions"}],"predecessor-version":[{"id":6714,"href":"https:\/\/fotografiska.ee\/en\/wp-json\/wp\/v2\/pages\/6713\/revisions\/6714"}],"wp:attachment":[{"href":"https:\/\/fotografiska.ee\/en\/wp-json\/wp\/v2\/media?parent=6713"}],"curies":[{"name":"wp","href":"https:\/\/api.w.org\/{rel}","templated":true}]}}