{"id":6709,"date":"2024-05-29T12:36:24","date_gmt":"2024-05-29T09:36:24","guid":{"rendered":"https:\/\/fotografiska.ee\/?page_id=6709"},"modified":"2024-05-29T12:36:25","modified_gmt":"2024-05-29T09:36:25","slug":"cig-harvey-fi","status":"publish","type":"page","link":"https:\/\/fotografiska.ee\/en\/cig-harvey-fi\/","title":{"rendered":"Cig Harvey"},"content":{"rendered":"<p><strong>Cig Harvey<\/strong><\/p>\n\n\n\n<p>Mainessa Yhdysvalloissa asuva Cig Harvey on brittil\u00e4inen valokuvataiteilija ja kirjailija. Harvey ty\u00f6skentelee suuren koon v\u00e4rifilmill\u00e4 ja kirjoittaa runoja. Teoksillaan h\u00e4n pyrkii l\u00f6yt\u00e4m\u00e4\u00e4n taikuutta arjesta. Arjen ylev\u00f6itt\u00e4misess\u00e4 ja aistikokemusten tutkimisessa Harvey hy\u00f6dynt\u00e4\u00e4 sek\u00e4 kuvaa ett\u00e4 teksti\u00e4. H\u00e4nen ty\u00f6ns\u00e4 kiinnittyv\u00e4t vahvasti luontoon, ja niist\u00e4 on luettavissa piilotarinoita. Keskeinen kysymys Harveyn tuotannossa on, mit\u00e4 tunteminen tarkoittaa.<\/p>\n\n\n\n<p><em>Koska kukat ovat luonteeltaan katoavaisia, ne sopivat mielest\u00e4ni mainiosti ihmisen ja tunteiden metaforaksi. Vaikka kuvissani on kukkia, kukat eiv\u00e4t ole kuvieni varsinainen aihe. Sen sijaan kuvani k\u00e4sittelev\u00e4t el\u00e4m\u00e4\u00e4 ja kuolemaa.<\/em><\/p>\n\n\n\n<p><em>Kauneuden etsiminen ja kokeminen ja halu jakaa se muiden kanssa on poliittinen teko. Toivon, ett\u00e4 katsoja kokee n\u00e4iden kuvien \u00e4\u00e4rell\u00e4 saman kuin itse koin l\u00f6yt\u00e4ess\u00e4ni kuvieni kohteet. Se, ett\u00e4 saa todistaa arjen keskell\u00e4 jotakin erityist\u00e4, on kehollinen kokemus. Kuolinvuoteellani haluan ajatella hedelm\u00e4tarhan antimia, tuhatta omenaa puun oksilla, ferrarinpunaista v\u00e4ri\u00e4 ja p\u00f6rr\u00e4\u00e4vi\u00e4 mehil\u00e4isi\u00e4.<\/em><\/p>\n\n\n\n<p><em>On sota. Virus levi\u00e4\u00e4. N\u00e4iden virkkeiden kirjoittamiseen kuluvana aikana joku ehtii kuolla, joku synty\u00e4, kieli ehtii sammua, joukkoampuminen ehtii tapahtua, mets\u00e4palo ehtii alkaa, hy\u00f6nteinen ehdit\u00e4\u00e4n liiskata ja idea ehtii nytk\u00e4ht\u00e4\u00e4 eteenp\u00e4in.<\/em><\/p>\n\n\n\n<p><em>Kuvani ovat vetoomuksia el\u00e4m\u00e4n puolesta, alkuvoimaisia kutsuhuutoja. El\u00e4 t\u00e4ss\u00e4 ja nyt. Koe t\u00e4m\u00e4. Tunne t\u00e4m\u00e4. Kuvani kutsuvat antautumaan luonnolle, etsim\u00e4\u00e4n arjen kauneutta ja juhlistamaan sit\u00e4. Toivon, ett\u00e4 ihmiset teoksiani n\u00e4hty\u00e4\u00e4n koettavat l\u00f6yt\u00e4\u00e4 lis\u00e4\u00e4 iloa el\u00e4m\u00e4\u00e4ns\u00e4 ja osaavat arvostaa t\u00e4t\u00e4 p\u00e4iv\u00e4\u00e4 ja my\u00f6s nauttia siit\u00e4, sill\u00e4 huominen on jo erilainen. Ainoa valuuttamme on aika.<\/em><\/p>\n\n\n\n<p>1. Osoittaminen (Syreenit). Northport, Maine, 2022<\/p>\n\n\n\n<p>2. Kompostikasa, Camden, Maine, 2019<\/p>\n\n\n\n<p>3. Kristin, Megunticook-j\u00e4rvi, Maine, 2013<\/p>\n\n\n\n<p>4. Sinisade, Camden, Maine 2021<\/p>\n\n\n\n<p>5. Omanapuu (Viimeinen valo), Thomaston, Maine 2021<\/p>\n\n\n\n<p>6. S\u00e4\u00e4ret, Thomaston, Maine 2021<\/p>\n\n\n\n<p>7. Lumeasterit, Union, Maine, 2019<br>8. Smaragdinvihre\u00e4 takki ja daalian ter\u00e4lehti\u00e4, Union, Maine, 2019<\/p>\n\n\n\n<p>9. Unikko ja kasvihuone, Camden, Maine, 2019<\/p>\n\n\n\n<p>10. Leinikki (Pr\u00e4ss\u00e4\u00e4minen), Camden, Maine, 2019<br>11. Kaikki alppiruusut, Camden, Maine, 2019<br>12. Painautuneet atsaleat, Rockport, Maine, 2018<\/p>\n\n\n\n<p>13. Oranssi teltta, kukkatori, 2020 (fabric)<\/p>","protected":false},"excerpt":{"rendered":"<p>Cig Harvey Mainessa Yhdysvalloissa asuva Cig Harvey on brittil\u00e4inen valokuvataiteilija ja kirjailija. Harvey ty\u00f6skentelee suuren koon v\u00e4rifilmill\u00e4 ja kirjoittaa runoja. Teoksillaan h\u00e4n pyrkii l\u00f6yt\u00e4m\u00e4\u00e4n taikuutta arjesta. Arjen ylev\u00f6itt\u00e4misess\u00e4 ja aistikokemusten tutkimisessa Harvey hy\u00f6dynt\u00e4\u00e4 sek\u00e4 kuvaa ett\u00e4 teksti\u00e4. H\u00e4nen ty\u00f6ns\u00e4 kiinnittyv\u00e4t vahvasti luontoon, ja niist\u00e4 on luettavissa piilotarinoita. Keskeinen kysymys Harveyn tuotannossa on, mit\u00e4 tunteminen tarkoittaa. [&hellip;]<\/p>","protected":false},"author":1,"featured_media":0,"parent":0,"menu_order":0,"comment_status":"closed","ping_status":"closed","template":"","meta":{"inline_featured_image":false,"footnotes":""},"class_list":["post-6709","page","type-page","status-publish","hentry"],"acf":[],"_links":{"self":[{"href":"https:\/\/fotografiska.ee\/en\/wp-json\/wp\/v2\/pages\/6709"}],"collection":[{"href":"https:\/\/fotografiska.ee\/en\/wp-json\/wp\/v2\/pages"}],"about":[{"href":"https:\/\/fotografiska.ee\/en\/wp-json\/wp\/v2\/types\/page"}],"author":[{"embeddable":true,"href":"https:\/\/fotografiska.ee\/en\/wp-json\/wp\/v2\/users\/1"}],"replies":[{"embeddable":true,"href":"https:\/\/fotografiska.ee\/en\/wp-json\/wp\/v2\/comments?post=6709"}],"version-history":[{"count":1,"href":"https:\/\/fotografiska.ee\/en\/wp-json\/wp\/v2\/pages\/6709\/revisions"}],"predecessor-version":[{"id":6710,"href":"https:\/\/fotografiska.ee\/en\/wp-json\/wp\/v2\/pages\/6709\/revisions\/6710"}],"wp:attachment":[{"href":"https:\/\/fotografiska.ee\/en\/wp-json\/wp\/v2\/media?parent=6709"}],"curies":[{"name":"wp","href":"https:\/\/api.w.org\/{rel}","templated":true}]}}